{"id":5185,"date":"2024-01-26T17:20:12","date_gmt":"2024-01-26T16:20:12","guid":{"rendered":"http:\/\/52.47.160.168\/?page_id=5185"},"modified":"2024-01-26T17:21:50","modified_gmt":"2024-01-26T16:21:50","slug":"logistique","status":"publish","type":"page","link":"http:\/\/13.39.176.64\/en\/logistique\/","title":{"rendered":"Logistic"},"content":{"rendered":"<div class=\"vc-custom-col-spacing clearfix vc-col-spacing-30\"><section class=\"wpb_row vc_row-fluid row-content-position-Default\"><div class=\"logistix-container\"><div class=\"row-inner clearfix\"><div class=\"wpb_column vc_column_container vc_col-sm-12\"><div class=\"vc_column-inner\"><div class=\"wpb_wrapper\"><div class=\"logistix-single-heading clearfix text-center style-2\" style=\"\">\r\n\t\t<h2 class=\"heading\" style=\"margin-bottom: 0;font-size:50px;font-family:Open Sans;color:#000000;\"><span class=\"text\">Logistic<\/span><span class=\"line\"><\/span><\/h2>\r\n\t<\/div>\r\n\t<div class=\"logistix-spacer clearfix\" data-desktop=\"40\" data-mobi=\"20\" data-smobi=\"20\"><\/div>\n\t<div class=\"wpb_text_column wpb_content_element\" >\n\t\t<div class=\"wpb_wrapper\">\n\t\t\t<p style=\"text-align: center;\"><strong>Discover all of our innovative services and solutions designed to effectively optimize your logistics. Whether you are looking for advanced inventory management strategies or traceability technology for your products, we are determined to offer you tailor-made solutions to increase the performance of your supply chain.\u00a0<\/strong><\/p>\n\n\t\t<\/div>\n\t<\/div>\n\r\n\t<div class=\"logistix-spacer clearfix\" data-desktop=\"40\" data-mobi=\"20\" data-smobi=\"20\"><\/div>\n\t<div  class=\"wpb_single_image wpb_content_element vc_align_center\">\n\t\t\n\t\t<figure class=\"wpb_wrapper vc_figure\">\n\t\t\t<div class=\"vc_single_image-wrapper   vc_box_border_grey\"><img loading=\"lazy\" decoding=\"async\" width=\"300\" height=\"212\" src=\"http:\/\/13.39.176.64\/wp-content\/uploads\/2024\/01\/Logistique-Home-Page-300x212.webp\" class=\"vc_single_image-img attachment-medium\" alt=\"Klocel vous accompagne dans chacun de vos projets li\u00e9s \u00e0 la logistique\" title=\"Logistique Home Page\" srcset=\"http:\/\/13.39.176.64\/wp-content\/uploads\/2024\/01\/Logistique-Home-Page-300x212.webp 300w, http:\/\/13.39.176.64\/wp-content\/uploads\/2024\/01\/Logistique-Home-Page-1024x724.webp 1024w, http:\/\/13.39.176.64\/wp-content\/uploads\/2024\/01\/Logistique-Home-Page-768x543.webp 768w, http:\/\/13.39.176.64\/wp-content\/uploads\/2024\/01\/Logistique-Home-Page-1536x1086.webp 1536w, http:\/\/13.39.176.64\/wp-content\/uploads\/2024\/01\/Logistique-Home-Page-18x12.webp 18w, http:\/\/13.39.176.64\/wp-content\/uploads\/2024\/01\/Logistique-Home-Page-870x615.webp 870w, http:\/\/13.39.176.64\/wp-content\/uploads\/2024\/01\/Logistique-Home-Page-600x424.webp 600w, http:\/\/13.39.176.64\/wp-content\/uploads\/2024\/01\/Logistique-Home-Page-480x339.webp 480w, http:\/\/13.39.176.64\/wp-content\/uploads\/2024\/01\/Logistique-Home-Page.webp 2000w\" sizes=\"auto, (max-width: 300px) 100vw, 300px\" \/><\/div>\n\t\t<\/figure>\n\t<\/div>\n\r\n\t<div class=\"logistix-spacer clearfix\" data-desktop=\"40\" data-mobi=\"20\" data-smobi=\"20\"><\/div><\/div><\/div><\/div><\/div><\/div><\/section><\/div><div class=\"vc-custom-col-spacing clearfix vc-col-spacing-30\"><section class=\"wpb_row vc_row-fluid vc_custom_1706285140689 vc_row-has-fill row-content-position-Default\"><div class=\"logistix-container\"><div class=\"row-inner clearfix\"><div class=\"wpb_column vc_column_container vc_col-sm-12\"><div class=\"vc_column-inner\"><div class=\"wpb_wrapper\">\r\n\t<div class=\"logistix-spacer clearfix\" data-desktop=\"40\" data-mobi=\"20\" data-smobi=\"20\"><\/div><div class=\"logistix-headings clearfix text-center\" data-font=\"40\" style=\"\"><h2 class=\"heading clearfix style-1\" style=\"color:#f9c834;font-family:Open Sans;font-size:40px;\">\r\n\t\t<span style=\"\">Our services<\/span>\r\n\t<\/h2><\/div>\r\n\t<div class=\"logistix-spacer clearfix\" data-desktop=\"40\" data-mobi=\"20\" data-smobi=\"20\"><\/div><\/div><\/div><\/div><\/div><\/div><\/section><\/div><div class=\"vc-custom-col-spacing clearfix vc-col-spacing-30\"><section class=\"wpb_row vc_row-fluid vc_custom_1706285640608 vc_row-has-fill row-content-position-Default\"><div class=\"logistix-container\"><div class=\"row-inner clearfix\"><div class=\"wpb_column vc_column_container vc_col-sm-4\"><div class=\"vc_column-inner\"><div class=\"wpb_wrapper\">\n\t<div  class=\"wpb_single_image wpb_content_element vc_align_center\">\n\t\t\n\t\t<figure class=\"wpb_wrapper vc_figure\">\n\t\t\t<a href=\"https:\/\/www.klocel.com\/nos-solutions\/\" target=\"_blank\" class=\"vc_single_image-wrapper   vc_box_border_grey\"><img loading=\"lazy\" decoding=\"async\" width=\"300\" height=\"300\" src=\"http:\/\/13.39.176.64\/wp-content\/uploads\/2024\/01\/2-2-300x300.webp\" class=\"vc_single_image-img attachment-medium\" alt=\"Klocel \u00e9dite ses solutions de gestion d&#039;entrep\u00f4t\" title=\"Editeur-de-solution-d-entrepot\" srcset=\"http:\/\/13.39.176.64\/wp-content\/uploads\/2024\/01\/2-2-300x300.webp 300w, http:\/\/13.39.176.64\/wp-content\/uploads\/2024\/01\/2-2-1024x1024.webp 1024w, http:\/\/13.39.176.64\/wp-content\/uploads\/2024\/01\/2-2-150x150.webp 150w, http:\/\/13.39.176.64\/wp-content\/uploads\/2024\/01\/2-2-768x768.webp 768w, http:\/\/13.39.176.64\/wp-content\/uploads\/2024\/01\/2-2-1536x1536.webp 1536w, http:\/\/13.39.176.64\/wp-content\/uploads\/2024\/01\/2-2-12x12.webp 12w, http:\/\/13.39.176.64\/wp-content\/uploads\/2024\/01\/2-2-600x600.webp 600w, http:\/\/13.39.176.64\/wp-content\/uploads\/2024\/01\/2-2-400x400.webp 400w, http:\/\/13.39.176.64\/wp-content\/uploads\/2024\/01\/2-2-870x870.webp 870w, http:\/\/13.39.176.64\/wp-content\/uploads\/2024\/01\/2-2-480x480.webp 480w, http:\/\/13.39.176.64\/wp-content\/uploads\/2024\/01\/2-2.webp 1654w\" sizes=\"auto, (max-width: 300px) 100vw, 300px\" \/><\/a>\n\t\t<\/figure>\n\t<\/div>\n\r\n\t<div class=\"logistix-spacer clearfix\" data-desktop=\"40\" data-mobi=\"20\" data-smobi=\"20\"><\/div><\/div><\/div><\/div><div class=\"wpb_column vc_column_container vc_col-sm-4\"><div class=\"vc_column-inner\"><div class=\"wpb_wrapper\">\n\t<div  class=\"wpb_single_image wpb_content_element vc_align_center\">\n\t\t\n\t\t<figure class=\"wpb_wrapper vc_figure\">\n\t\t\t<a href=\"https:\/\/www.klocel.com\/services__trashed\/integrateur-de-solutions-de-gestion-dentrepot-wms\/\" target=\"_blank\" class=\"vc_single_image-wrapper   vc_box_border_grey\"><img loading=\"lazy\" decoding=\"async\" width=\"300\" height=\"300\" src=\"http:\/\/13.39.176.64\/wp-content\/uploads\/2024\/01\/1-2-300x300.webp\" class=\"vc_single_image-img attachment-medium\" alt=\"Klocel est int\u00e9grateur de solutions de gestion d&#039;entrep\u00f4t\" title=\"integrateur-de-solution\" srcset=\"http:\/\/13.39.176.64\/wp-content\/uploads\/2024\/01\/1-2-300x300.webp 300w, http:\/\/13.39.176.64\/wp-content\/uploads\/2024\/01\/1-2-1024x1024.webp 1024w, http:\/\/13.39.176.64\/wp-content\/uploads\/2024\/01\/1-2-150x150.webp 150w, http:\/\/13.39.176.64\/wp-content\/uploads\/2024\/01\/1-2-768x768.webp 768w, http:\/\/13.39.176.64\/wp-content\/uploads\/2024\/01\/1-2-1536x1536.webp 1536w, http:\/\/13.39.176.64\/wp-content\/uploads\/2024\/01\/1-2-12x12.webp 12w, http:\/\/13.39.176.64\/wp-content\/uploads\/2024\/01\/1-2-600x600.webp 600w, http:\/\/13.39.176.64\/wp-content\/uploads\/2024\/01\/1-2-400x400.webp 400w, http:\/\/13.39.176.64\/wp-content\/uploads\/2024\/01\/1-2-870x870.webp 870w, http:\/\/13.39.176.64\/wp-content\/uploads\/2024\/01\/1-2-480x480.webp 480w, http:\/\/13.39.176.64\/wp-content\/uploads\/2024\/01\/1-2.webp 1654w\" sizes=\"auto, (max-width: 300px) 100vw, 300px\" \/><\/a>\n\t\t<\/figure>\n\t<\/div>\n\r\n\t<div class=\"logistix-spacer clearfix\" data-desktop=\"40\" data-mobi=\"20\" data-smobi=\"20\"><\/div><\/div><\/div><\/div><div class=\"wpb_column vc_column_container vc_col-sm-4\"><div class=\"vc_column-inner\"><div class=\"wpb_wrapper\">\n\t<div  class=\"wpb_single_image wpb_content_element vc_align_center\">\n\t\t\n\t\t<figure class=\"wpb_wrapper vc_figure\">\n\t\t\t<a href=\"https:\/\/www.klocel.com\/services__trashed\/realisation-dun-audit-des-flux-logistiques\/\" target=\"_blank\" class=\"vc_single_image-wrapper   vc_box_border_grey\"><img loading=\"lazy\" decoding=\"async\" width=\"300\" height=\"300\" src=\"http:\/\/13.39.176.64\/wp-content\/uploads\/2024\/01\/3-2-300x300.webp\" class=\"vc_single_image-img attachment-medium\" alt=\"Klocel r\u00e9alise vos audits de flux logistique\" title=\"audit-de-flux-logistique\" srcset=\"http:\/\/13.39.176.64\/wp-content\/uploads\/2024\/01\/3-2-300x300.webp 300w, http:\/\/13.39.176.64\/wp-content\/uploads\/2024\/01\/3-2-1024x1024.webp 1024w, http:\/\/13.39.176.64\/wp-content\/uploads\/2024\/01\/3-2-150x150.webp 150w, http:\/\/13.39.176.64\/wp-content\/uploads\/2024\/01\/3-2-768x768.webp 768w, http:\/\/13.39.176.64\/wp-content\/uploads\/2024\/01\/3-2-1536x1536.webp 1536w, http:\/\/13.39.176.64\/wp-content\/uploads\/2024\/01\/3-2-12x12.webp 12w, http:\/\/13.39.176.64\/wp-content\/uploads\/2024\/01\/3-2-600x600.webp 600w, http:\/\/13.39.176.64\/wp-content\/uploads\/2024\/01\/3-2-400x400.webp 400w, http:\/\/13.39.176.64\/wp-content\/uploads\/2024\/01\/3-2-870x870.webp 870w, http:\/\/13.39.176.64\/wp-content\/uploads\/2024\/01\/3-2-480x480.webp 480w, http:\/\/13.39.176.64\/wp-content\/uploads\/2024\/01\/3-2.webp 1654w\" sizes=\"auto, (max-width: 300px) 100vw, 300px\" \/><\/a>\n\t\t<\/figure>\n\t<\/div>\n\r\n\t<div class=\"logistix-spacer clearfix\" data-desktop=\"40\" data-mobi=\"20\" data-smobi=\"20\"><\/div><\/div><\/div><\/div><\/div><\/div><\/section><\/div><div class=\"vc-custom-col-spacing clearfix vc-col-spacing-30\"><section class=\"wpb_row vc_row-fluid row-content-position-Default\"><div class=\"logistix-container\"><div class=\"row-inner clearfix\"><div class=\"wpb_column vc_column_container vc_col-sm-12\"><div class=\"vc_column-inner\"><div class=\"wpb_wrapper\">\r\n\t<div class=\"logistix-spacer clearfix\" data-desktop=\"40\" data-mobi=\"20\" data-smobi=\"20\"><\/div>\n\t<div class=\"wpb_text_column wpb_content_element\" >\n\t\t<div class=\"wpb_wrapper\">\n\t\t\t<p style=\"text-align: center;\"><strong>To find out more, do not hesitate to <a href=\"https:\/\/www.klocel.com\/home-page\/contact\/\">contact us<\/a>.<\/strong><\/p>\n\n\t\t<\/div>\n\t<\/div>\n\r\n\t<div class=\"logistix-spacer clearfix\" data-desktop=\"40\" data-mobi=\"20\" data-smobi=\"20\"><\/div><div class=\"vc_btn3-container vc_btn3-center\" ><a style=\"background-color:#f9c834; color:#000000;\" class=\"vc_general vc_btn3 vc_btn3-size-lg vc_btn3-shape-rounded vc_btn3-style-custom\" href=\"https:\/\/www.klocel.com\/home-page\/contact\/\" title=\"\" target=\"_blank\">Contact Us<\/a><\/div><\/div><\/div><\/div><\/div><\/div><\/section><\/div>","protected":false},"excerpt":{"rendered":"Logistique D\u00e9couvrez l'ensemble de nos services et solutions novatrices con\u00e7us pour optimiser efficacement votre logistique. Que vous recherchiez des strat\u00e9gies de gestion de stocks avanc\u00e9es ou encore une technologie de tra\u00e7abilit\u00e9 de vos produits, nous sommes d\u00e9termin\u00e9s \u00e0 vous offrir des solutions sur-mesure afin d'augmenter la performance de votre&hellip;","protected":false},"author":1,"featured_media":0,"parent":0,"menu_order":0,"comment_status":"closed","ping_status":"closed","template":"","meta":{"om_disable_all_campaigns":false,"_monsterinsights_skip_tracking":false,"_monsterinsights_sitenote_active":false,"_monsterinsights_sitenote_note":"","_monsterinsights_sitenote_category":0,"footnotes":""},"class_list":["post-5185","page","type-page","status-publish","hentry"],"yoast_head":"<!-- This site is optimized with the Yoast SEO plugin v25.9 - https:\/\/yoast.com\/wordpress\/plugins\/seo\/ -->\n<title>Logistique - KLOCEL - Les Experts de la Logistique de A \u00e0 Z<\/title>\n<meta name=\"description\" content=\"Nous vous proposons diff\u00e9rentes solutions afin d\u2019optimiser votre logistique : WMS, \u00e9diteur d&#039;\u00e9tiquettes et d&#039;EDI, audit, conseil...\" \/>\n<meta name=\"robots\" content=\"index, follow, max-snippet:-1, max-image-preview:large, max-video-preview:-1\" \/>\n<link rel=\"canonical\" href=\"https:\/\/www.klocel.com\/logistique\/\" \/>\n<meta property=\"og:locale\" content=\"en_US\" \/>\n<meta property=\"og:type\" content=\"article\" \/>\n<meta property=\"og:title\" content=\"Logistique - KLOCEL - Les Experts de la Logistique de A \u00e0 Z\" \/>\n<meta property=\"og:description\" content=\"Nous vous proposons diff\u00e9rentes solutions afin d\u2019optimiser votre logistique : WMS, \u00e9diteur d&#039;\u00e9tiquettes et d&#039;EDI, audit, conseil...\" \/>\n<meta property=\"og:url\" content=\"https:\/\/www.klocel.com\/logistique\/\" \/>\n<meta property=\"og:site_name\" content=\"KLOCEL - Les Experts de la Logistique de A \u00e0 Z\" \/>\n<meta property=\"article:modified_time\" content=\"2024-01-26T16:21:50+00:00\" \/>\n<meta name=\"twitter:card\" content=\"summary_large_image\" \/>\n<meta name=\"twitter:label1\" content=\"Est. reading time\" \/>\n\t<meta name=\"twitter:data1\" content=\"2 minutes\" \/>\n<script type=\"application\/ld+json\" class=\"yoast-schema-graph\">{\"@context\":\"https:\/\/schema.org\",\"@graph\":[{\"@type\":\"WebPage\",\"@id\":\"https:\/\/www.klocel.com\/logistique\/\",\"url\":\"https:\/\/www.klocel.com\/logistique\/\",\"name\":\"Logistique - KLOCEL - Les Experts de la Logistique de A \u00e0 Z\",\"isPartOf\":{\"@id\":\"https:\/\/www.klocel.com\/#website\"},\"datePublished\":\"2024-01-26T16:20:12+00:00\",\"dateModified\":\"2024-01-26T16:21:50+00:00\",\"description\":\"Nous vous proposons diff\u00e9rentes solutions afin d\u2019optimiser votre logistique : WMS, \u00e9diteur d'\u00e9tiquettes et d'EDI, audit, conseil...\",\"breadcrumb\":{\"@id\":\"https:\/\/www.klocel.com\/logistique\/#breadcrumb\"},\"inLanguage\":\"en-US\",\"potentialAction\":[{\"@type\":\"ReadAction\",\"target\":[\"https:\/\/www.klocel.com\/logistique\/\"]}]},{\"@type\":\"BreadcrumbList\",\"@id\":\"https:\/\/www.klocel.com\/logistique\/#breadcrumb\",\"itemListElement\":[{\"@type\":\"ListItem\",\"position\":1,\"name\":\"Accueil\",\"item\":\"https:\/\/www.klocel.com\/\"},{\"@type\":\"ListItem\",\"position\":2,\"name\":\"Logistique\"}]},{\"@type\":\"WebSite\",\"@id\":\"https:\/\/www.klocel.com\/#website\",\"url\":\"https:\/\/www.klocel.com\/\",\"name\":\"KLOCEL - Les Experts de la Logistique de A \u00e0 Z\",\"description\":\"\",\"potentialAction\":[{\"@type\":\"SearchAction\",\"target\":{\"@type\":\"EntryPoint\",\"urlTemplate\":\"https:\/\/www.klocel.com\/?s={search_term_string}\"},\"query-input\":{\"@type\":\"PropertyValueSpecification\",\"valueRequired\":true,\"valueName\":\"search_term_string\"}}],\"inLanguage\":\"en-US\"}]}<\/script>\n<!-- \/ Yoast SEO plugin. -->","yoast_head_json":{"title":"Logistique - KLOCEL - Les Experts de la Logistique de A \u00e0 Z","description":"Nous vous proposons diff\u00e9rentes solutions afin d\u2019optimiser votre logistique : WMS, \u00e9diteur d'\u00e9tiquettes et d'EDI, audit, conseil...","robots":{"index":"index","follow":"follow","max-snippet":"max-snippet:-1","max-image-preview":"max-image-preview:large","max-video-preview":"max-video-preview:-1"},"canonical":"https:\/\/www.klocel.com\/logistique\/","og_locale":"en_US","og_type":"article","og_title":"Logistique - KLOCEL - Les Experts de la Logistique de A \u00e0 Z","og_description":"Nous vous proposons diff\u00e9rentes solutions afin d\u2019optimiser votre logistique : WMS, \u00e9diteur d'\u00e9tiquettes et d'EDI, audit, conseil...","og_url":"https:\/\/www.klocel.com\/logistique\/","og_site_name":"KLOCEL - Les Experts de la Logistique de A \u00e0 Z","article_modified_time":"2024-01-26T16:21:50+00:00","twitter_card":"summary_large_image","twitter_misc":{"Est. reading time":"2 minutes"},"schema":{"@context":"https:\/\/schema.org","@graph":[{"@type":"WebPage","@id":"https:\/\/www.klocel.com\/logistique\/","url":"https:\/\/www.klocel.com\/logistique\/","name":"Logistique - KLOCEL - Les Experts de la Logistique de A \u00e0 Z","isPartOf":{"@id":"https:\/\/www.klocel.com\/#website"},"datePublished":"2024-01-26T16:20:12+00:00","dateModified":"2024-01-26T16:21:50+00:00","description":"Nous vous proposons diff\u00e9rentes solutions afin d\u2019optimiser votre logistique : WMS, \u00e9diteur d'\u00e9tiquettes et d'EDI, audit, conseil...","breadcrumb":{"@id":"https:\/\/www.klocel.com\/logistique\/#breadcrumb"},"inLanguage":"en-US","potentialAction":[{"@type":"ReadAction","target":["https:\/\/www.klocel.com\/logistique\/"]}]},{"@type":"BreadcrumbList","@id":"https:\/\/www.klocel.com\/logistique\/#breadcrumb","itemListElement":[{"@type":"ListItem","position":1,"name":"Accueil","item":"https:\/\/www.klocel.com\/"},{"@type":"ListItem","position":2,"name":"Logistique"}]},{"@type":"WebSite","@id":"https:\/\/www.klocel.com\/#website","url":"https:\/\/www.klocel.com\/","name":"KLOCEL - Les Experts de la Logistique de A \u00e0 Z","description":"","potentialAction":[{"@type":"SearchAction","target":{"@type":"EntryPoint","urlTemplate":"https:\/\/www.klocel.com\/?s={search_term_string}"},"query-input":{"@type":"PropertyValueSpecification","valueRequired":true,"valueName":"search_term_string"}}],"inLanguage":"en-US"}]}},"_links":{"self":[{"href":"http:\/\/13.39.176.64\/en\/wp-json\/wp\/v2\/pages\/5185","targetHints":{"allow":["GET"]}}],"collection":[{"href":"http:\/\/13.39.176.64\/en\/wp-json\/wp\/v2\/pages"}],"about":[{"href":"http:\/\/13.39.176.64\/en\/wp-json\/wp\/v2\/types\/page"}],"author":[{"embeddable":true,"href":"http:\/\/13.39.176.64\/en\/wp-json\/wp\/v2\/users\/1"}],"replies":[{"embeddable":true,"href":"http:\/\/13.39.176.64\/en\/wp-json\/wp\/v2\/comments?post=5185"}],"version-history":[{"count":11,"href":"http:\/\/13.39.176.64\/en\/wp-json\/wp\/v2\/pages\/5185\/revisions"}],"predecessor-version":[{"id":7228,"href":"http:\/\/13.39.176.64\/en\/wp-json\/wp\/v2\/pages\/5185\/revisions\/7228"}],"wp:attachment":[{"href":"http:\/\/13.39.176.64\/en\/wp-json\/wp\/v2\/media?parent=5185"}],"curies":[{"name":"wp","href":"https:\/\/api.w.org\/{rel}","templated":true}]}}