{"id":5191,"date":"2023-03-20T11:38:53","date_gmt":"2023-03-20T10:38:53","guid":{"rendered":"http:\/\/52.47.160.168\/?page_id=5191"},"modified":"2023-06-07T16:32:25","modified_gmt":"2023-06-07T14:32:25","slug":"integrateur-de-solutions-de-gestion-dentrepot-wms","status":"publish","type":"page","link":"http:\/\/13.39.176.64\/en\/integrateur-de-solutions-de-gestion-dentrepot-wms\/","title":{"rendered":"Warehouse Management Solutions Integrator (WMS)"},"content":{"rendered":"<div class=\"vc-custom-col-spacing clearfix vc-col-spacing-30\"><section class=\"wpb_row vc_row-fluid row-content-position-Default\"><div class=\"logistix-container\"><div class=\"row-inner clearfix\"><div class=\"wpb_column vc_column_container vc_col-sm-12\"><div class=\"vc_column-inner\"><div class=\"wpb_wrapper\"><div class=\"vc_separator wpb_content_element vc_separator_align_center vc_sep_width_100 vc_sep_border_width_2 vc_sep_pos_align_left vc_separator_no_text\" ><span class=\"vc_sep_holder vc_sep_holder_l\"><span  style=\"border-color:#f9c834;\" class=\"vc_sep_line\"><\/span><\/span><span class=\"vc_sep_holder vc_sep_holder_r\"><span  style=\"border-color:#f9c834;\" class=\"vc_sep_line\"><\/span><\/span>\n<\/div>\r\n\t<div class=\"logistix-spacer clearfix\" data-desktop=\"40\" data-mobi=\"30\" data-smobi=\"30\"><\/div><div class=\"logistix-single-heading clearfix  style-1\" style=\"\">\r\n\t\t<h1 class=\"heading\" style=\"margin-bottom: 0;font-family:Montserrat;color:#f9c834;\">Integration of warehouse management solutions (WMS)<\/h1>\r\n\t<\/div>\r\n\t<div class=\"logistix-spacer clearfix\" data-desktop=\"40\" data-mobi=\"30\" data-smobi=\"30\"><\/div><div class=\"vc_separator wpb_content_element vc_separator_align_center vc_sep_width_20 vc_sep_border_width_2 vc_sep_pos_align_left vc_separator_no_text\" ><span class=\"vc_sep_holder vc_sep_holder_l\"><span  style=\"border-color:#f9c834;\" class=\"vc_sep_line\"><\/span><\/span><span class=\"vc_sep_holder vc_sep_holder_r\"><span  style=\"border-color:#f9c834;\" class=\"vc_sep_line\"><\/span><\/span>\n<\/div>\r\n\t<div class=\"logistix-spacer clearfix\" data-desktop=\"40\" data-mobi=\"30\" data-smobi=\"30\"><\/div>\n\t<div class=\"wpb_text_column wpb_content_element\" >\n\t\t<div class=\"wpb_wrapper\">\n\t\t\t<div class=\"elementor-element elementor-element-d71bd9e elementor-widget__width-inherit elementor-widget elementor-widget-text-editor is-mac\" data-id=\"d71bd9e\" data-element_type=\"widget\" data-widget_type=\"text-editor.default\">\n<div class=\"elementor-widget-container\">\n<div class=\"elementor-text-editor elementor-clearfix\">\n<p>Integrator of warehouse management solutions in partnership with SAVOYE (publisher of WMS such as Logistics Manager Suite), we take care of the implementation, start-up and optimization of logistics warehouses.<\/p>\n<p>Our experience of more than 10 years in the field allows us to offer you a complete solution to your logistics problems.<\/p>\n<\/div>\n<\/div>\n<\/div>\n<div class=\"elementor-element elementor-element-5936c2b elementor-widget elementor-widget-spacer is-mac\" data-id=\"5936c2b\" data-element_type=\"widget\" data-widget_type=\"spacer.default\">\n<div class=\"elementor-widget-container\">\n<div class=\"elementor-spacer\"><\/div>\n<\/div>\n<\/div>\n\n\t\t<\/div>\n\t<\/div>\n\r\n\t<div class=\"logistix-spacer clearfix\" data-desktop=\"80\" data-mobi=\"60\" data-smobi=\"60\"><\/div><\/div><\/div><\/div><\/div><\/div><\/section><\/div><div class=\"vc-custom-col-spacing clearfix vc-col-spacing-30\"><section class=\"wpb_row vc_row-fluid vc_custom_1679309190564 vc_row-has-fill row-content-position-Default\"><div class=\"logistix-container\"><div class=\"row-inner clearfix\"><div class=\"wpb_column vc_column_container vc_col-sm-12\"><div class=\"vc_column-inner\"><div class=\"wpb_wrapper\">\r\n\t<div class=\"logistix-spacer clearfix\" data-desktop=\"80\" data-mobi=\"60\" data-smobi=\"60\"><\/div><div class=\"logistix-single-heading clearfix  style-1\" style=\"\">\r\n\t\t<h2 class=\"heading\" style=\"margin-bottom: 0;font-family:Montserrat;color:#f4a261;\"><\/p>\n<p class=\"elementor-heading-title elementor-size-default\" style=\"text-align: center;\">WMS functionality<\/p>\n<p><\/h2>\r\n\t<\/div>\n\t<div class=\"wpb_text_column wpb_content_element\" >\n\t\t<div class=\"wpb_wrapper\">\n\t\t\t<p style=\"text-align: center;\"><span>The\u00a0<\/span><strong>The Supply Chain<\/strong><span> represents the supply chain in the broad sense. There are many challenges in this supply chain, such as controlling delivery costs, anticipating customer demand, managing inventory\u2026<\/span><\/p>\n\n\t\t<\/div>\n\t<\/div>\n\r\n\t<div class=\"logistix-spacer clearfix\" data-desktop=\"30\" data-mobi=\"20\" data-smobi=\"20\"><\/div><\/div><\/div><\/div><\/div><\/div><\/section><\/div><div class=\"vc-custom-col-spacing clearfix vc-col-spacing-30\"><section class=\"wpb_row vc_row-fluid vc_custom_1679309653441 vc_row-has-fill row-content-position-Default\"><div class=\"logistix-container\"><div class=\"row-inner clearfix\"><div class=\"wpb_column vc_column_container vc_col-sm-6\"><div class=\"vc_column-inner\"><div class=\"wpb_wrapper\">\n\t<div  class=\"wpb_single_image wpb_content_element vc_align_center\">\n\t\t\n\t\t<figure class=\"wpb_wrapper vc_figure\">\n\t\t\t<div class=\"vc_single_image-wrapper   vc_box_border_grey\"><img loading=\"lazy\" decoding=\"async\" width=\"300\" height=\"225\" src=\"http:\/\/13.39.176.64\/wp-content\/uploads\/2023\/03\/WMS-300x225.png\" class=\"vc_single_image-img attachment-medium\" alt=\"Supply Chain WMS\" title=\"Supply Chain WMS\" srcset=\"http:\/\/13.39.176.64\/wp-content\/uploads\/2023\/03\/WMS-300x225.png 300w, http:\/\/13.39.176.64\/wp-content\/uploads\/2023\/03\/WMS-1024x768.png 1024w, http:\/\/13.39.176.64\/wp-content\/uploads\/2023\/03\/WMS-768x576.png 768w, http:\/\/13.39.176.64\/wp-content\/uploads\/2023\/03\/WMS-590x440.png 590w, http:\/\/13.39.176.64\/wp-content\/uploads\/2023\/03\/WMS-870x653.png 870w, http:\/\/13.39.176.64\/wp-content\/uploads\/2023\/03\/WMS-600x450.png 600w, http:\/\/13.39.176.64\/wp-content\/uploads\/2023\/03\/WMS-480x360.png 480w, http:\/\/13.39.176.64\/wp-content\/uploads\/2023\/03\/WMS.png 1200w\" sizes=\"auto, (max-width: 300px) 100vw, 300px\" \/><\/div>\n\t\t<\/figure>\n\t<\/div>\n\r\n\t<div class=\"logistix-spacer clearfix\" data-desktop=\"50\" data-mobi=\"20\" data-smobi=\"20\"><\/div><\/div><\/div><\/div><div class=\"wpb_column vc_column_container vc_col-sm-6\"><div class=\"vc_column-inner\"><div class=\"wpb_wrapper\">\r\n\t<div class=\"logistix-spacer clearfix\" data-desktop=\"50\" data-mobi=\"20\" data-smobi=\"20\"><\/div>\n\t<div class=\"wpb_text_column wpb_content_element\" >\n\t\t<div class=\"wpb_wrapper\">\n\t\t\t<ul>\n<li>The management of multi-site organization<\/li>\n<li><span>Assigning orders to the best warehouse<\/span><\/li>\n<li><span>Supply Management<\/span><\/li>\n<li><span>Optimisation of stock levels<\/span><\/li>\n<\/ul>\n\n\t\t<\/div>\n\t<\/div>\n\r\n\t<div class=\"logistix-spacer clearfix\" data-desktop=\"50\" data-mobi=\"20\" data-smobi=\"20\"><\/div><\/div><\/div><\/div><\/div><\/div><\/section><\/div><div class=\"vc-custom-col-spacing clearfix vc-col-spacing-30\"><section class=\"wpb_row vc_row-fluid row-content-position-Default\"><div class=\"logistix-container\"><div class=\"row-inner clearfix\"><div class=\"wpb_column vc_column_container vc_col-sm-12\"><div class=\"vc_column-inner\"><div class=\"wpb_wrapper\">\r\n\t<div class=\"logistix-spacer clearfix\" data-desktop=\"50\" data-mobi=\"20\" data-smobi=\"20\"><\/div>\n\t<div class=\"wpb_text_column wpb_content_element\" >\n\t\t<div class=\"wpb_wrapper\">\n\t\t\t<p style=\"text-align: center;\"><span>The\u00a0<\/span><strong>Warehouse Management<\/strong><span>\u00a0corresponds to the management of logistics platforms, from reception to shipments.<\/span><\/p>\n\n\t\t<\/div>\n\t<\/div>\n\r\n\t<div class=\"logistix-spacer clearfix\" data-desktop=\"20\" data-mobi=\"10\" data-smobi=\"10\"><\/div>\n\t<div  class=\"wpb_single_image wpb_content_element vc_align_center\">\n\t\t\n\t\t<figure class=\"wpb_wrapper vc_figure\">\n\t\t\t<div class=\"vc_single_image-wrapper   vc_box_border_grey\"><img loading=\"lazy\" decoding=\"async\" width=\"300\" height=\"225\" src=\"http:\/\/13.39.176.64\/wp-content\/uploads\/2023\/03\/2-300x225.png\" class=\"vc_single_image-img attachment-medium\" alt=\"Warehouse Management\" title=\"2\" srcset=\"http:\/\/13.39.176.64\/wp-content\/uploads\/2023\/03\/2-300x225.png 300w, http:\/\/13.39.176.64\/wp-content\/uploads\/2023\/03\/2-1024x768.png 1024w, http:\/\/13.39.176.64\/wp-content\/uploads\/2023\/03\/2-768x576.png 768w, http:\/\/13.39.176.64\/wp-content\/uploads\/2023\/03\/2-590x440.png 590w, http:\/\/13.39.176.64\/wp-content\/uploads\/2023\/03\/2-870x653.png 870w, http:\/\/13.39.176.64\/wp-content\/uploads\/2023\/03\/2-600x450.png 600w, http:\/\/13.39.176.64\/wp-content\/uploads\/2023\/03\/2-480x360.png 480w, http:\/\/13.39.176.64\/wp-content\/uploads\/2023\/03\/2.png 1200w\" sizes=\"auto, (max-width: 300px) 100vw, 300px\" \/><\/div>\n\t\t<\/figure>\n\t<\/div>\n\r\n\t<div class=\"logistix-spacer clearfix\" data-desktop=\"80\" data-mobi=\"60\" data-smobi=\"60\"><\/div><\/div><\/div><\/div><\/div><\/div><\/section><\/div><div class=\"vc-custom-col-spacing clearfix vc-col-spacing-30\"><section class=\"wpb_row vc_row-fluid vc_custom_1679310110257 vc_row-has-fill row-content-position-Default\"><div class=\"logistix-container\"><div class=\"row-inner clearfix\"><div class=\"wpb_column vc_column_container vc_col-sm-12\"><div class=\"vc_column-inner\"><div class=\"wpb_wrapper\">\r\n\t<div class=\"logistix-spacer clearfix\" data-desktop=\"50\" data-mobi=\"20\" data-smobi=\"20\"><\/div>\n\t<div class=\"wpb_text_column wpb_content_element\" >\n\t\t<div class=\"wpb_wrapper\">\n\t\t\t<p style=\"text-align: center;\"><span>The\u00a0<\/span><strong>Flow Management<\/strong><span>\u00a0Creates and optimizes data paths to complete items in a confirmed process.<\/span><\/p>\n\n\t\t<\/div>\n\t<\/div>\n\r\n\t<div class=\"logistix-spacer clearfix\" data-desktop=\"20\" data-mobi=\"10\" data-smobi=\"10\"><\/div><\/div><\/div><\/div><\/div><\/div><\/section><\/div><div class=\"vc-custom-col-spacing clearfix vc-col-spacing-30\"><section class=\"wpb_row vc_row-fluid vc_custom_1679310134677 vc_row-has-fill row-content-position-Default\"><div class=\"logistix-container\"><div class=\"row-inner clearfix\"><div class=\"wpb_column vc_column_container vc_col-sm-6\"><div class=\"vc_column-inner\"><div class=\"wpb_wrapper\">\n\t<div  class=\"wpb_single_image wpb_content_element vc_align_center\">\n\t\t\n\t\t<figure class=\"wpb_wrapper vc_figure\">\n\t\t\t<div class=\"vc_single_image-wrapper   vc_box_border_grey\"><img loading=\"lazy\" decoding=\"async\" width=\"300\" height=\"225\" src=\"http:\/\/13.39.176.64\/wp-content\/uploads\/2023\/03\/3-300x225.png\" class=\"vc_single_image-img attachment-medium\" alt=\"Flow Management\" title=\"Flow Management\" srcset=\"http:\/\/13.39.176.64\/wp-content\/uploads\/2023\/03\/3-300x225.png 300w, http:\/\/13.39.176.64\/wp-content\/uploads\/2023\/03\/3-1024x768.png 1024w, http:\/\/13.39.176.64\/wp-content\/uploads\/2023\/03\/3-768x576.png 768w, http:\/\/13.39.176.64\/wp-content\/uploads\/2023\/03\/3-590x440.png 590w, http:\/\/13.39.176.64\/wp-content\/uploads\/2023\/03\/3-870x653.png 870w, http:\/\/13.39.176.64\/wp-content\/uploads\/2023\/03\/3-600x450.png 600w, http:\/\/13.39.176.64\/wp-content\/uploads\/2023\/03\/3-480x360.png 480w, http:\/\/13.39.176.64\/wp-content\/uploads\/2023\/03\/3.png 1200w\" sizes=\"auto, (max-width: 300px) 100vw, 300px\" \/><\/div>\n\t\t<\/figure>\n\t<\/div>\n\r\n\t<div class=\"logistix-spacer clearfix\" data-desktop=\"50\" data-mobi=\"20\" data-smobi=\"20\"><\/div><\/div><\/div><\/div><div class=\"wpb_column vc_column_container vc_col-sm-6\"><div class=\"vc_column-inner\"><div class=\"wpb_wrapper\">\r\n\t<div class=\"logistix-spacer clearfix\" data-desktop=\"80\" data-mobi=\"30\" data-smobi=\"30\"><\/div>\n\t<div class=\"wpb_text_column wpb_content_element\" >\n\t\t<div class=\"wpb_wrapper\">\n\t\t\t<p><span>The optimization of transport flows with functionalities for both shippers and transport organizers.\u00a0<\/span><\/p>\n\n\t\t<\/div>\n\t<\/div>\n\r\n\t<div class=\"logistix-spacer clearfix\" data-desktop=\"50\" data-mobi=\"20\" data-smobi=\"20\"><\/div><\/div><\/div><\/div><\/div><\/div><\/section><\/div>","protected":false},"excerpt":{"rendered":"Int\u00e9gration de solutions de gestion d'entrep\u00f4t (WMS) Int\u00e9grateur de solutions de gestion d\u2019entrep\u00f4t en partenariat avec SAVOYE (\u00e9diteur de WMS tel que Logistics Manager Suite), nous nous occupons de la mise en place, du d\u00e9marrage ainsi que de l\u2019optimisation d\u2019entrep\u00f4ts logistiques. Notre exp\u00e9rience de plus de 10 ans sur&hellip;","protected":false},"author":1,"featured_media":0,"parent":0,"menu_order":0,"comment_status":"closed","ping_status":"closed","template":"","meta":{"om_disable_all_campaigns":false,"_monsterinsights_skip_tracking":false,"_monsterinsights_sitenote_active":false,"_monsterinsights_sitenote_note":"","_monsterinsights_sitenote_category":0,"footnotes":""},"class_list":["post-5191","page","type-page","status-publish","hentry"],"yoast_head":"<!-- This site is optimized with the Yoast SEO plugin v25.9 - https:\/\/yoast.com\/wordpress\/plugins\/seo\/ -->\n<title>Int\u00e9grateur de solutions de gestion d&#039;entrep\u00f4t (WMS) - KLOCEL - Les Experts de la Logistique de A \u00e0 Z<\/title>\n<meta name=\"description\" content=\"Int\u00e9grateur de WMS exp\u00e9riment\u00e9, nous offrons des solutions personnalis\u00e9es pour optimiser votre cha\u00eene logistique.\" \/>\n<meta name=\"robots\" content=\"index, follow, max-snippet:-1, max-image-preview:large, max-video-preview:-1\" \/>\n<link rel=\"canonical\" href=\"https:\/\/www.klocel.com\/integrateur-de-solutions-de-gestion-dentrepot-wms\/\" \/>\n<meta property=\"og:locale\" content=\"en_US\" \/>\n<meta property=\"og:type\" content=\"article\" \/>\n<meta property=\"og:title\" content=\"Int\u00e9grateur de solutions de gestion d&#039;entrep\u00f4t (WMS) - KLOCEL - Les Experts de la Logistique de A \u00e0 Z\" \/>\n<meta property=\"og:description\" content=\"Int\u00e9grateur de WMS exp\u00e9riment\u00e9, nous offrons des solutions personnalis\u00e9es pour optimiser votre cha\u00eene logistique.\" \/>\n<meta property=\"og:url\" content=\"https:\/\/www.klocel.com\/integrateur-de-solutions-de-gestion-dentrepot-wms\/\" \/>\n<meta property=\"og:site_name\" content=\"KLOCEL - Les Experts de la Logistique de A \u00e0 Z\" \/>\n<meta property=\"article:modified_time\" content=\"2023-06-07T14:32:25+00:00\" \/>\n<meta name=\"twitter:card\" content=\"summary_large_image\" \/>\n<meta name=\"twitter:label1\" content=\"Est. reading time\" \/>\n\t<meta name=\"twitter:data1\" content=\"2 minutes\" \/>\n<script type=\"application\/ld+json\" class=\"yoast-schema-graph\">{\"@context\":\"https:\/\/schema.org\",\"@graph\":[{\"@type\":\"WebPage\",\"@id\":\"https:\/\/www.klocel.com\/integrateur-de-solutions-de-gestion-dentrepot-wms\/\",\"url\":\"https:\/\/www.klocel.com\/integrateur-de-solutions-de-gestion-dentrepot-wms\/\",\"name\":\"Int\u00e9grateur de solutions de gestion d'entrep\u00f4t (WMS) - KLOCEL - Les Experts de la Logistique de A \u00e0 Z\",\"isPartOf\":{\"@id\":\"https:\/\/www.klocel.com\/#website\"},\"datePublished\":\"2023-03-20T10:38:53+00:00\",\"dateModified\":\"2023-06-07T14:32:25+00:00\",\"description\":\"Int\u00e9grateur de WMS exp\u00e9riment\u00e9, nous offrons des solutions personnalis\u00e9es pour optimiser votre cha\u00eene logistique.\",\"breadcrumb\":{\"@id\":\"https:\/\/www.klocel.com\/integrateur-de-solutions-de-gestion-dentrepot-wms\/#breadcrumb\"},\"inLanguage\":\"en-US\",\"potentialAction\":[{\"@type\":\"ReadAction\",\"target\":[\"https:\/\/www.klocel.com\/integrateur-de-solutions-de-gestion-dentrepot-wms\/\"]}]},{\"@type\":\"BreadcrumbList\",\"@id\":\"https:\/\/www.klocel.com\/integrateur-de-solutions-de-gestion-dentrepot-wms\/#breadcrumb\",\"itemListElement\":[{\"@type\":\"ListItem\",\"position\":1,\"name\":\"Accueil\",\"item\":\"https:\/\/www.klocel.com\/\"},{\"@type\":\"ListItem\",\"position\":2,\"name\":\"Int\u00e9grateur de solutions de gestion d&rsquo;entrep\u00f4t (WMS)\"}]},{\"@type\":\"WebSite\",\"@id\":\"https:\/\/www.klocel.com\/#website\",\"url\":\"https:\/\/www.klocel.com\/\",\"name\":\"KLOCEL - Les Experts de la Logistique de A \u00e0 Z\",\"description\":\"\",\"potentialAction\":[{\"@type\":\"SearchAction\",\"target\":{\"@type\":\"EntryPoint\",\"urlTemplate\":\"https:\/\/www.klocel.com\/?s={search_term_string}\"},\"query-input\":{\"@type\":\"PropertyValueSpecification\",\"valueRequired\":true,\"valueName\":\"search_term_string\"}}],\"inLanguage\":\"en-US\"}]}<\/script>\n<!-- \/ Yoast SEO plugin. -->","yoast_head_json":{"title":"Int\u00e9grateur de solutions de gestion d'entrep\u00f4t (WMS) - KLOCEL - Les Experts de la Logistique de A \u00e0 Z","description":"Int\u00e9grateur de WMS exp\u00e9riment\u00e9, nous offrons des solutions personnalis\u00e9es pour optimiser votre cha\u00eene logistique.","robots":{"index":"index","follow":"follow","max-snippet":"max-snippet:-1","max-image-preview":"max-image-preview:large","max-video-preview":"max-video-preview:-1"},"canonical":"https:\/\/www.klocel.com\/integrateur-de-solutions-de-gestion-dentrepot-wms\/","og_locale":"en_US","og_type":"article","og_title":"Int\u00e9grateur de solutions de gestion d'entrep\u00f4t (WMS) - KLOCEL - Les Experts de la Logistique de A \u00e0 Z","og_description":"Int\u00e9grateur de WMS exp\u00e9riment\u00e9, nous offrons des solutions personnalis\u00e9es pour optimiser votre cha\u00eene logistique.","og_url":"https:\/\/www.klocel.com\/integrateur-de-solutions-de-gestion-dentrepot-wms\/","og_site_name":"KLOCEL - Les Experts de la Logistique de A \u00e0 Z","article_modified_time":"2023-06-07T14:32:25+00:00","twitter_card":"summary_large_image","twitter_misc":{"Est. reading time":"2 minutes"},"schema":{"@context":"https:\/\/schema.org","@graph":[{"@type":"WebPage","@id":"https:\/\/www.klocel.com\/integrateur-de-solutions-de-gestion-dentrepot-wms\/","url":"https:\/\/www.klocel.com\/integrateur-de-solutions-de-gestion-dentrepot-wms\/","name":"Int\u00e9grateur de solutions de gestion d'entrep\u00f4t (WMS) - KLOCEL - Les Experts de la Logistique de A \u00e0 Z","isPartOf":{"@id":"https:\/\/www.klocel.com\/#website"},"datePublished":"2023-03-20T10:38:53+00:00","dateModified":"2023-06-07T14:32:25+00:00","description":"Int\u00e9grateur de WMS exp\u00e9riment\u00e9, nous offrons des solutions personnalis\u00e9es pour optimiser votre cha\u00eene logistique.","breadcrumb":{"@id":"https:\/\/www.klocel.com\/integrateur-de-solutions-de-gestion-dentrepot-wms\/#breadcrumb"},"inLanguage":"en-US","potentialAction":[{"@type":"ReadAction","target":["https:\/\/www.klocel.com\/integrateur-de-solutions-de-gestion-dentrepot-wms\/"]}]},{"@type":"BreadcrumbList","@id":"https:\/\/www.klocel.com\/integrateur-de-solutions-de-gestion-dentrepot-wms\/#breadcrumb","itemListElement":[{"@type":"ListItem","position":1,"name":"Accueil","item":"https:\/\/www.klocel.com\/"},{"@type":"ListItem","position":2,"name":"Int\u00e9grateur de solutions de gestion d&rsquo;entrep\u00f4t (WMS)"}]},{"@type":"WebSite","@id":"https:\/\/www.klocel.com\/#website","url":"https:\/\/www.klocel.com\/","name":"KLOCEL - Les Experts de la Logistique de A \u00e0 Z","description":"","potentialAction":[{"@type":"SearchAction","target":{"@type":"EntryPoint","urlTemplate":"https:\/\/www.klocel.com\/?s={search_term_string}"},"query-input":{"@type":"PropertyValueSpecification","valueRequired":true,"valueName":"search_term_string"}}],"inLanguage":"en-US"}]}},"_links":{"self":[{"href":"http:\/\/13.39.176.64\/en\/wp-json\/wp\/v2\/pages\/5191","targetHints":{"allow":["GET"]}}],"collection":[{"href":"http:\/\/13.39.176.64\/en\/wp-json\/wp\/v2\/pages"}],"about":[{"href":"http:\/\/13.39.176.64\/en\/wp-json\/wp\/v2\/types\/page"}],"author":[{"embeddable":true,"href":"http:\/\/13.39.176.64\/en\/wp-json\/wp\/v2\/users\/1"}],"replies":[{"embeddable":true,"href":"http:\/\/13.39.176.64\/en\/wp-json\/wp\/v2\/comments?post=5191"}],"version-history":[{"count":7,"href":"http:\/\/13.39.176.64\/en\/wp-json\/wp\/v2\/pages\/5191\/revisions"}],"predecessor-version":[{"id":5193,"href":"http:\/\/13.39.176.64\/en\/wp-json\/wp\/v2\/pages\/5191\/revisions\/5193"}],"wp:attachment":[{"href":"http:\/\/13.39.176.64\/en\/wp-json\/wp\/v2\/media?parent=5191"}],"curies":[{"name":"wp","href":"https:\/\/api.w.org\/{rel}","templated":true}]}}