{"id":5201,"date":"2023-03-20T12:08:34","date_gmt":"2023-03-20T11:08:34","guid":{"rendered":"http:\/\/52.47.160.168\/?page_id=5201"},"modified":"2024-02-01T10:47:42","modified_gmt":"2024-02-01T09:47:42","slug":"realisation-dun-audit-des-flux-logistiques","status":"publish","type":"page","link":"http:\/\/13.39.176.64\/en\/realisation-dun-audit-des-flux-logistiques\/","title":{"rendered":"Conducting an audit of logistics flows"},"content":{"rendered":"<div class=\"vc-custom-col-spacing clearfix vc-col-spacing-30\"><section class=\"wpb_row vc_row-fluid row-content-position-Default\"><div class=\"logistix-container\"><div class=\"row-inner clearfix\"><div class=\"wpb_column vc_column_container vc_col-sm-12\"><div class=\"vc_column-inner\"><div class=\"wpb_wrapper\"><div class=\"logistix-single-heading clearfix text-center style-2\" style=\"\">\r\n\t\t<h2 class=\"heading\" style=\"margin-bottom: 0;font-size:50px;font-family:Open Sans;color:#f9c834;\"><span class=\"text\">Conducting an audit of logistics flows<\/span><span class=\"line\"><\/span><\/h2>\r\n\t<\/div>\r\n\t<div class=\"logistix-spacer clearfix\" data-desktop=\"40\" data-mobi=\"30\" data-smobi=\"30\"><\/div>\n\t<div class=\"wpb_text_column wpb_content_element\" >\n\t\t<div class=\"wpb_wrapper\">\n\t\t\t<p><strong>Logistics performance has become a major concern for companies. It must be integrated into the strategy of SMEs as well as large groups in order to adapt to changing markets, technologies and consumer expectations which are constantly evolving.\u00a0<\/strong><\/p>\n\n\t\t<\/div>\n\t<\/div>\n<\/div><\/div><\/div><\/div><\/div><\/section><\/div><div class=\"vc-custom-col-spacing clearfix vc-col-spacing-30\"><section class=\"wpb_row vc_row-fluid row-content-position-Default\"><div class=\"logistix-container\"><div class=\"row-inner clearfix\"><div class=\"wpb_column vc_column_container vc_col-sm-8\"><div class=\"vc_column-inner\"><div class=\"wpb_wrapper\">\r\n\t<div class=\"logistix-spacer clearfix\" data-desktop=\"40\" data-mobi=\"30\" data-smobi=\"30\"><\/div>\n\t<div class=\"wpb_text_column wpb_content_element\" >\n\t\t<div class=\"wpb_wrapper\">\n\t\t\t<p><strong>In a highly competitive economic context, companies must develop innovative and reliable services to stand out from the competition. But they must carry out these actions while controlling their costs. Unfortunately, for many businesses, logistics costs are a financial drain.\u00a0<\/strong><\/p>\n\n\t\t<\/div>\n\t<\/div>\n<\/div><\/div><\/div><div class=\"wpb_column vc_column_container vc_col-sm-4\"><div class=\"vc_column-inner\"><div class=\"wpb_wrapper\">\n\t<div  class=\"wpb_single_image wpb_content_element vc_align_left\">\n\t\t\n\t\t<figure class=\"wpb_wrapper vc_figure\">\n\t\t\t<div class=\"vc_single_image-wrapper   vc_box_border_grey\"><img loading=\"lazy\" decoding=\"async\" width=\"150\" height=\"150\" src=\"http:\/\/13.39.176.64\/wp-content\/uploads\/2024\/01\/Realisation-audit-de-flux-logistique-150x150.webp\" class=\"vc_single_image-img attachment-thumbnail\" alt=\"\" title=\"Re\u0301alisation-audit-de-flux-logistique\" srcset=\"http:\/\/13.39.176.64\/wp-content\/uploads\/2024\/01\/Realisation-audit-de-flux-logistique-150x150.webp 150w, http:\/\/13.39.176.64\/wp-content\/uploads\/2024\/01\/Realisation-audit-de-flux-logistique-600x600.webp 600w, http:\/\/13.39.176.64\/wp-content\/uploads\/2024\/01\/Realisation-audit-de-flux-logistique-400x400.webp 400w\" sizes=\"auto, (max-width: 150px) 100vw, 150px\" \/><\/div>\n\t\t<\/figure>\n\t<\/div>\n<\/div><\/div><\/div><\/div><\/div><\/section><\/div><div class=\"vc-custom-col-spacing clearfix vc-col-spacing-30\"><section class=\"wpb_row vc_row-fluid row-content-position-Default\"><div class=\"logistix-container\"><div class=\"row-inner clearfix\"><div class=\"wpb_column vc_column_container vc_col-sm-12\"><div class=\"vc_column-inner\"><div class=\"wpb_wrapper\">\n\t<div class=\"wpb_text_column wpb_content_element\" >\n\t\t<div class=\"wpb_wrapper\">\n\t\t\t<p><strong>Because taking a step back may be necessary, the presence of a consultant will give you the benefit of an external perspective on your usual practices in order to identify all sources of dysfunction, anomalies, unexploited potential or quite simply to have confirmation that your organization is optimized.<\/strong><\/p>\n\n\t\t<\/div>\n\t<\/div>\n\r\n\t<div class=\"logistix-spacer clearfix\" data-desktop=\"40\" data-mobi=\"30\" data-smobi=\"30\"><\/div><\/div><\/div><\/div><\/div><\/div><\/section><\/div><div class=\"vc-custom-col-spacing clearfix vc-col-spacing-30\"><section class=\"wpb_row vc_row-fluid vc_custom_1706544749598 vc_row-has-fill row-content-position-Default\"><div class=\"logistix-container\"><div class=\"row-inner clearfix\"><div class=\"wpb_column vc_column_container vc_col-sm-12\"><div class=\"vc_column-inner\"><div class=\"wpb_wrapper\">\r\n\t<div class=\"logistix-spacer clearfix\" data-desktop=\"40\" data-mobi=\"30\" data-smobi=\"30\"><\/div><div class=\"logistix-headings clearfix text-center\" data-font=\"40\" style=\"\"><h2 class=\"heading clearfix style-1\" style=\"color:#f9c834;font-family:Open Sans;font-size:40px;\">\r\n\t\t<span style=\"\">How is our flow audit going?<\/span>\r\n\t<\/h2><\/div>\r\n\t<div class=\"logistix-spacer clearfix\" data-desktop=\"40\" data-mobi=\"30\" data-smobi=\"30\"><\/div>\n\t<div class=\"wpb_text_column wpb_content_element\" >\n\t\t<div class=\"wpb_wrapper\">\n\t\t\t<p><span style=\"color: #ffffff;\"><strong>In order to help you with this inventory, we offer an audit of your current logistics system, followed by our recommendations if necessary.\u00a0<\/strong><\/span><\/p>\n<p><span style=\"color: #ffffff;\"><strong>This study, carried out in less than 5 days, will take place in 3 parts :\u00a0<\/strong><\/span><\/p>\n\n\t\t<\/div>\n\t<\/div>\n\r\n\t<div class=\"logistix-spacer clearfix\" data-desktop=\"40\" data-mobi=\"30\" data-smobi=\"30\"><\/div>\n\t<div  class=\"wpb_single_image wpb_content_element vc_align_left\">\n\t\t\n\t\t<figure class=\"wpb_wrapper vc_figure\">\n\t\t\t<div class=\"vc_single_image-wrapper   vc_box_border_grey\"><img loading=\"lazy\" decoding=\"async\" width=\"1366\" height=\"348\" src=\"http:\/\/13.39.176.64\/wp-content\/uploads\/2024\/01\/Graphique.webp\" class=\"vc_single_image-img attachment-full\" alt=\"Les \u00e9tapes de l&#039;audit de flux r\u00e9alis\u00e9 par Klocel\" title=\"\u00c9tapes-audit-de-flux-klocel\" srcset=\"http:\/\/13.39.176.64\/wp-content\/uploads\/2024\/01\/Graphique.webp 1366w, http:\/\/13.39.176.64\/wp-content\/uploads\/2024\/01\/Graphique-300x76.webp 300w, http:\/\/13.39.176.64\/wp-content\/uploads\/2024\/01\/Graphique-1024x261.webp 1024w, http:\/\/13.39.176.64\/wp-content\/uploads\/2024\/01\/Graphique-768x196.webp 768w, http:\/\/13.39.176.64\/wp-content\/uploads\/2024\/01\/Graphique-18x5.webp 18w, http:\/\/13.39.176.64\/wp-content\/uploads\/2024\/01\/Graphique-870x222.webp 870w, http:\/\/13.39.176.64\/wp-content\/uploads\/2024\/01\/Graphique-600x153.webp 600w, http:\/\/13.39.176.64\/wp-content\/uploads\/2024\/01\/Graphique-480x122.webp 480w\" sizes=\"auto, (max-width: 1366px) 100vw, 1366px\" \/><\/div>\n\t\t<\/figure>\n\t<\/div>\n\r\n\t<div class=\"logistix-spacer clearfix\" data-desktop=\"40\" data-mobi=\"30\" data-smobi=\"30\"><\/div>\n\t<div class=\"wpb_text_column wpb_content_element\" >\n\t\t<div class=\"wpb_wrapper\">\n\t\t\t<p><span style=\"color: #ffffff;\"><strong>Once the audit has been carried out, we can, if you wish, assist you in the implementation and development of your logistics processes.\u00a0<\/strong><\/span><\/p>\n\n\t\t<\/div>\n\t<\/div>\n\r\n\t<div class=\"logistix-spacer clearfix\" data-desktop=\"40\" data-mobi=\"30\" data-smobi=\"30\"><\/div>\n\t<div  class=\"wpb_single_image wpb_content_element vc_align_center\">\n\t\t\n\t\t<figure class=\"wpb_wrapper vc_figure\">\n\t\t\t<div class=\"vc_single_image-wrapper   vc_box_border_grey\"><img loading=\"lazy\" decoding=\"async\" width=\"300\" height=\"212\" src=\"http:\/\/13.39.176.64\/wp-content\/uploads\/2024\/01\/Realisation-audit-de-flux-logistique-1-300x212.webp\" class=\"vc_single_image-img attachment-medium\" alt=\"\" title=\"Re\u0301alisation-audit-de-flux-logistique\" srcset=\"http:\/\/13.39.176.64\/wp-content\/uploads\/2024\/01\/Realisation-audit-de-flux-logistique-1-300x212.webp 300w, http:\/\/13.39.176.64\/wp-content\/uploads\/2024\/01\/Realisation-audit-de-flux-logistique-1-1024x724.webp 1024w, http:\/\/13.39.176.64\/wp-content\/uploads\/2024\/01\/Realisation-audit-de-flux-logistique-1-768x543.webp 768w, http:\/\/13.39.176.64\/wp-content\/uploads\/2024\/01\/Realisation-audit-de-flux-logistique-1-1536x1086.webp 1536w, http:\/\/13.39.176.64\/wp-content\/uploads\/2024\/01\/Realisation-audit-de-flux-logistique-1-18x12.webp 18w, http:\/\/13.39.176.64\/wp-content\/uploads\/2024\/01\/Realisation-audit-de-flux-logistique-1-870x615.webp 870w, http:\/\/13.39.176.64\/wp-content\/uploads\/2024\/01\/Realisation-audit-de-flux-logistique-1-600x424.webp 600w, http:\/\/13.39.176.64\/wp-content\/uploads\/2024\/01\/Realisation-audit-de-flux-logistique-1-480x339.webp 480w, http:\/\/13.39.176.64\/wp-content\/uploads\/2024\/01\/Realisation-audit-de-flux-logistique-1.webp 2000w\" sizes=\"auto, (max-width: 300px) 100vw, 300px\" \/><\/div>\n\t\t<\/figure>\n\t<\/div>\n\r\n\t<div class=\"logistix-spacer clearfix\" data-desktop=\"40\" data-mobi=\"30\" data-smobi=\"30\"><\/div><\/div><\/div><\/div><\/div><\/div><\/section><\/div><div class=\"vc-custom-col-spacing clearfix vc-col-spacing-30\"><section class=\"wpb_row vc_row-fluid row-content-position-Default\"><div class=\"logistix-container\"><div class=\"row-inner clearfix\"><div class=\"wpb_column vc_column_container vc_col-sm-12\"><div class=\"vc_column-inner\"><div class=\"wpb_wrapper\">\r\n\t<div class=\"logistix-spacer clearfix\" data-desktop=\"40\" data-mobi=\"30\" data-smobi=\"30\"><\/div>\n\t<div class=\"wpb_text_column wpb_content_element\" >\n\t\t<div class=\"wpb_wrapper\">\n\t\t\t<p style=\"text-align: center;\"><strong>To find out more about our flow audit, do not hesitate to <a href=\"https:\/\/www.klocel.com\/home-page\/contact\/\" target=\"_blank\" rel=\"noopener\">contact us<\/a>.<\/strong><\/p>\n\n\t\t<\/div>\n\t<\/div>\n\r\n\t<div class=\"logistix-spacer clearfix\" data-desktop=\"40\" data-mobi=\"30\" data-smobi=\"30\"><\/div><div class=\"vc_btn3-container vc_btn3-center\" ><a style=\"background-color:#f9c834; color:#0a0a0a;\" class=\"vc_general vc_btn3 vc_btn3-size-lg vc_btn3-shape-square vc_btn3-style-custom\" href=\"https:\/\/www.klocel.com\/home-page\/contact\/\" title=\"\" target=\"_blank\">Contact Us<\/a><\/div><\/div><\/div><\/div><\/div><\/div><\/section><\/div>","protected":false},"excerpt":{"rendered":"R\u00e9alisation d'un audit des flux logistiques La performance logistique est devenue une pr\u00e9occupation majeure pour les entreprises. Elle doit \u00eatre int\u00e9gr\u00e9e dans la strat\u00e9gie des PME tout comme dans les grands groupes afin de s'adapter \u00e0 l'\u00e9volution des march\u00e9s, des technologies et des attentes des consommateurs qui ne cessent&hellip;","protected":false},"author":1,"featured_media":0,"parent":0,"menu_order":0,"comment_status":"closed","ping_status":"closed","template":"","meta":{"om_disable_all_campaigns":false,"_monsterinsights_skip_tracking":false,"_monsterinsights_sitenote_active":false,"_monsterinsights_sitenote_note":"","_monsterinsights_sitenote_category":0,"footnotes":""},"class_list":["post-5201","page","type-page","status-publish","hentry"],"yoast_head":"<!-- This site is optimized with the Yoast SEO plugin v25.9 - https:\/\/yoast.com\/wordpress\/plugins\/seo\/ -->\n<title>R\u00e9alisation d&#039;un audit des flux logistiques - KLOCEL - Les Experts de la Logistique de A \u00e0 Z<\/title>\n<meta name=\"description\" content=\"Afin de vous aider dans votre \u00e9volution, nous vous proposons un audit de votre syst\u00e8me logistique actuel, suivi de nos pr\u00e9conisations.\" \/>\n<meta name=\"robots\" content=\"index, follow, max-snippet:-1, max-image-preview:large, max-video-preview:-1\" \/>\n<link rel=\"canonical\" href=\"https:\/\/www.klocel.com\/realisation-dun-audit-des-flux-logistiques\/\" \/>\n<meta property=\"og:locale\" content=\"en_US\" \/>\n<meta property=\"og:type\" content=\"article\" \/>\n<meta property=\"og:title\" content=\"R\u00e9alisation d&#039;un audit des flux logistiques - KLOCEL - Les Experts de la Logistique de A \u00e0 Z\" \/>\n<meta property=\"og:description\" content=\"Afin de vous aider dans votre \u00e9volution, nous vous proposons un audit de votre syst\u00e8me logistique actuel, suivi de nos pr\u00e9conisations.\" \/>\n<meta property=\"og:url\" content=\"https:\/\/www.klocel.com\/realisation-dun-audit-des-flux-logistiques\/\" \/>\n<meta property=\"og:site_name\" content=\"KLOCEL - Les Experts de la Logistique de A \u00e0 Z\" \/>\n<meta property=\"article:modified_time\" content=\"2024-02-01T09:47:42+00:00\" \/>\n<meta name=\"twitter:card\" content=\"summary_large_image\" \/>\n<meta name=\"twitter:label1\" content=\"Est. reading time\" \/>\n\t<meta name=\"twitter:data1\" content=\"3 minutes\" \/>\n<script type=\"application\/ld+json\" class=\"yoast-schema-graph\">{\"@context\":\"https:\/\/schema.org\",\"@graph\":[{\"@type\":\"WebPage\",\"@id\":\"https:\/\/www.klocel.com\/realisation-dun-audit-des-flux-logistiques\/\",\"url\":\"https:\/\/www.klocel.com\/realisation-dun-audit-des-flux-logistiques\/\",\"name\":\"R\u00e9alisation d'un audit des flux logistiques - KLOCEL - Les Experts de la Logistique de A \u00e0 Z\",\"isPartOf\":{\"@id\":\"https:\/\/www.klocel.com\/#website\"},\"datePublished\":\"2023-03-20T11:08:34+00:00\",\"dateModified\":\"2024-02-01T09:47:42+00:00\",\"description\":\"Afin de vous aider dans votre \u00e9volution, nous vous proposons un audit de votre syst\u00e8me logistique actuel, suivi de nos pr\u00e9conisations.\",\"breadcrumb\":{\"@id\":\"https:\/\/www.klocel.com\/realisation-dun-audit-des-flux-logistiques\/#breadcrumb\"},\"inLanguage\":\"en-US\",\"potentialAction\":[{\"@type\":\"ReadAction\",\"target\":[\"https:\/\/www.klocel.com\/realisation-dun-audit-des-flux-logistiques\/\"]}]},{\"@type\":\"BreadcrumbList\",\"@id\":\"https:\/\/www.klocel.com\/realisation-dun-audit-des-flux-logistiques\/#breadcrumb\",\"itemListElement\":[{\"@type\":\"ListItem\",\"position\":1,\"name\":\"Accueil\",\"item\":\"https:\/\/www.klocel.com\/\"},{\"@type\":\"ListItem\",\"position\":2,\"name\":\"R\u00e9alisation d&rsquo;un audit des flux logistiques\"}]},{\"@type\":\"WebSite\",\"@id\":\"https:\/\/www.klocel.com\/#website\",\"url\":\"https:\/\/www.klocel.com\/\",\"name\":\"KLOCEL - Les Experts de la Logistique de A \u00e0 Z\",\"description\":\"\",\"potentialAction\":[{\"@type\":\"SearchAction\",\"target\":{\"@type\":\"EntryPoint\",\"urlTemplate\":\"https:\/\/www.klocel.com\/?s={search_term_string}\"},\"query-input\":{\"@type\":\"PropertyValueSpecification\",\"valueRequired\":true,\"valueName\":\"search_term_string\"}}],\"inLanguage\":\"en-US\"}]}<\/script>\n<!-- \/ Yoast SEO plugin. -->","yoast_head_json":{"title":"R\u00e9alisation d'un audit des flux logistiques - KLOCEL - Les Experts de la Logistique de A \u00e0 Z","description":"Afin de vous aider dans votre \u00e9volution, nous vous proposons un audit de votre syst\u00e8me logistique actuel, suivi de nos pr\u00e9conisations.","robots":{"index":"index","follow":"follow","max-snippet":"max-snippet:-1","max-image-preview":"max-image-preview:large","max-video-preview":"max-video-preview:-1"},"canonical":"https:\/\/www.klocel.com\/realisation-dun-audit-des-flux-logistiques\/","og_locale":"en_US","og_type":"article","og_title":"R\u00e9alisation d'un audit des flux logistiques - KLOCEL - Les Experts de la Logistique de A \u00e0 Z","og_description":"Afin de vous aider dans votre \u00e9volution, nous vous proposons un audit de votre syst\u00e8me logistique actuel, suivi de nos pr\u00e9conisations.","og_url":"https:\/\/www.klocel.com\/realisation-dun-audit-des-flux-logistiques\/","og_site_name":"KLOCEL - Les Experts de la Logistique de A \u00e0 Z","article_modified_time":"2024-02-01T09:47:42+00:00","twitter_card":"summary_large_image","twitter_misc":{"Est. reading time":"3 minutes"},"schema":{"@context":"https:\/\/schema.org","@graph":[{"@type":"WebPage","@id":"https:\/\/www.klocel.com\/realisation-dun-audit-des-flux-logistiques\/","url":"https:\/\/www.klocel.com\/realisation-dun-audit-des-flux-logistiques\/","name":"R\u00e9alisation d'un audit des flux logistiques - KLOCEL - Les Experts de la Logistique de A \u00e0 Z","isPartOf":{"@id":"https:\/\/www.klocel.com\/#website"},"datePublished":"2023-03-20T11:08:34+00:00","dateModified":"2024-02-01T09:47:42+00:00","description":"Afin de vous aider dans votre \u00e9volution, nous vous proposons un audit de votre syst\u00e8me logistique actuel, suivi de nos pr\u00e9conisations.","breadcrumb":{"@id":"https:\/\/www.klocel.com\/realisation-dun-audit-des-flux-logistiques\/#breadcrumb"},"inLanguage":"en-US","potentialAction":[{"@type":"ReadAction","target":["https:\/\/www.klocel.com\/realisation-dun-audit-des-flux-logistiques\/"]}]},{"@type":"BreadcrumbList","@id":"https:\/\/www.klocel.com\/realisation-dun-audit-des-flux-logistiques\/#breadcrumb","itemListElement":[{"@type":"ListItem","position":1,"name":"Accueil","item":"https:\/\/www.klocel.com\/"},{"@type":"ListItem","position":2,"name":"R\u00e9alisation d&rsquo;un audit des flux logistiques"}]},{"@type":"WebSite","@id":"https:\/\/www.klocel.com\/#website","url":"https:\/\/www.klocel.com\/","name":"KLOCEL - Les Experts de la Logistique de A \u00e0 Z","description":"","potentialAction":[{"@type":"SearchAction","target":{"@type":"EntryPoint","urlTemplate":"https:\/\/www.klocel.com\/?s={search_term_string}"},"query-input":{"@type":"PropertyValueSpecification","valueRequired":true,"valueName":"search_term_string"}}],"inLanguage":"en-US"}]}},"_links":{"self":[{"href":"http:\/\/13.39.176.64\/en\/wp-json\/wp\/v2\/pages\/5201","targetHints":{"allow":["GET"]}}],"collection":[{"href":"http:\/\/13.39.176.64\/en\/wp-json\/wp\/v2\/pages"}],"about":[{"href":"http:\/\/13.39.176.64\/en\/wp-json\/wp\/v2\/types\/page"}],"author":[{"embeddable":true,"href":"http:\/\/13.39.176.64\/en\/wp-json\/wp\/v2\/users\/1"}],"replies":[{"embeddable":true,"href":"http:\/\/13.39.176.64\/en\/wp-json\/wp\/v2\/comments?post=5201"}],"version-history":[{"count":8,"href":"http:\/\/13.39.176.64\/en\/wp-json\/wp\/v2\/pages\/5201\/revisions"}],"predecessor-version":[{"id":7277,"href":"http:\/\/13.39.176.64\/en\/wp-json\/wp\/v2\/pages\/5201\/revisions\/7277"}],"wp:attachment":[{"href":"http:\/\/13.39.176.64\/en\/wp-json\/wp\/v2\/media?parent=5201"}],"curies":[{"name":"wp","href":"https:\/\/api.w.org\/{rel}","templated":true}]}}