{"id":5220,"date":"2023-03-20T14:41:10","date_gmt":"2023-03-20T13:41:10","guid":{"rendered":"http:\/\/52.47.160.168\/?page_id=5220"},"modified":"2024-01-31T10:45:10","modified_gmt":"2024-01-31T09:45:10","slug":"nos-solutions","status":"publish","type":"page","link":"http:\/\/13.39.176.64\/en\/nos-solutions\/","title":{"rendered":"Our Solutions"},"content":{"rendered":"<div class=\"vc-custom-col-spacing clearfix vc-col-spacing-30\"><section class=\"wpb_row vc_row-fluid row-content-position-Default\"><div class=\"logistix-container\"><div class=\"row-inner clearfix\"><div class=\"wpb_column vc_column_container vc_col-sm-12\"><div class=\"vc_column-inner\"><div class=\"wpb_wrapper\"><div class=\"logistix-single-heading clearfix text-center style-2\" style=\"\">\r\n\t\t<h2 class=\"heading\" style=\"margin-bottom: 0;font-size:50px;font-family:Open Sans;color:#f9c834;\"><span class=\"text\">Our Solutions<\/span><span class=\"line\"><\/span><\/h2>\r\n\t<\/div>\r\n\t<div class=\"logistix-spacer clearfix\" data-desktop=\"40\" data-mobi=\"30\" data-smobi=\"30\"><\/div>\n\t<div class=\"wpb_text_column wpb_content_element\" >\n\t\t<div class=\"wpb_wrapper\">\n\t\t\t<p style=\"text-align: center;\"><strong>Find all our solutions :<\/strong><\/p>\n\n\t\t<\/div>\n\t<\/div>\n\r\n\t<div class=\"logistix-spacer clearfix\" data-desktop=\"80\" data-mobi=\"60\" data-smobi=\"60\"><\/div><\/div><\/div><\/div><\/div><\/div><\/section><\/div><div class=\"vc-custom-col-spacing clearfix vc-col-spacing-30\"><section class=\"wpb_row vc_row-fluid row-content-position-Default\"><div class=\"logistix-container\"><div class=\"row-inner clearfix\"><div class=\"wpb_column vc_column_container vc_col-sm-6\"><div class=\"vc_column-inner\"><div class=\"wpb_wrapper\">\n\t<div  class=\"wpb_single_image wpb_content_element vc_align_center\">\n\t\t\n\t\t<figure class=\"wpb_wrapper vc_figure\">\n\t\t\t<a href=\"https:\/\/www.klocel.com\/nos-solutions\/cella-wms\/\" target=\"_blank\" class=\"vc_single_image-wrapper   vc_box_border_grey\"><img loading=\"lazy\" decoding=\"async\" width=\"300\" height=\"300\" src=\"http:\/\/13.39.176.64\/wp-content\/uploads\/2024\/01\/1-3-300x300.webp\" class=\"vc_single_image-img attachment-medium\" alt=\"CELLA WMS\" title=\"cella-wms\" srcset=\"http:\/\/13.39.176.64\/wp-content\/uploads\/2024\/01\/1-3-300x300.webp 300w, http:\/\/13.39.176.64\/wp-content\/uploads\/2024\/01\/1-3-1024x1024.webp 1024w, http:\/\/13.39.176.64\/wp-content\/uploads\/2024\/01\/1-3-150x150.webp 150w, http:\/\/13.39.176.64\/wp-content\/uploads\/2024\/01\/1-3-768x768.webp 768w, http:\/\/13.39.176.64\/wp-content\/uploads\/2024\/01\/1-3-1536x1536.webp 1536w, http:\/\/13.39.176.64\/wp-content\/uploads\/2024\/01\/1-3-12x12.webp 12w, http:\/\/13.39.176.64\/wp-content\/uploads\/2024\/01\/1-3-600x600.webp 600w, http:\/\/13.39.176.64\/wp-content\/uploads\/2024\/01\/1-3-400x400.webp 400w, http:\/\/13.39.176.64\/wp-content\/uploads\/2024\/01\/1-3-870x870.webp 870w, http:\/\/13.39.176.64\/wp-content\/uploads\/2024\/01\/1-3-480x480.webp 480w, http:\/\/13.39.176.64\/wp-content\/uploads\/2024\/01\/1-3.webp 1654w\" sizes=\"auto, (max-width: 300px) 100vw, 300px\" \/><\/a>\n\t\t<\/figure>\n\t<\/div>\n<\/div><\/div><\/div><div class=\"wpb_column vc_column_container vc_col-sm-6\"><div class=\"vc_column-inner\"><div class=\"wpb_wrapper\">\n\t<div  class=\"wpb_single_image wpb_content_element vc_align_center\">\n\t\t\n\t\t<figure class=\"wpb_wrapper vc_figure\">\n\t\t\t<a href=\"https:\/\/www.klocel.com\/nos-solutions\/cella-wms\/\" target=\"_blank\" class=\"vc_single_image-wrapper   vc_box_border_grey\"><img loading=\"lazy\" decoding=\"async\" width=\"300\" height=\"300\" src=\"http:\/\/13.39.176.64\/wp-content\/uploads\/2024\/01\/2-3-300x300.webp\" class=\"vc_single_image-img attachment-medium\" alt=\"KLOSHIP, Solution d&#039;\u00e9dition d&#039;\u00e9tiquettes et d&#039;appels EDI cr\u00e9\u00e9 par KLOCEL\" title=\"Kloship\" srcset=\"http:\/\/13.39.176.64\/wp-content\/uploads\/2024\/01\/2-3-300x300.webp 300w, http:\/\/13.39.176.64\/wp-content\/uploads\/2024\/01\/2-3-1024x1024.webp 1024w, http:\/\/13.39.176.64\/wp-content\/uploads\/2024\/01\/2-3-150x150.webp 150w, http:\/\/13.39.176.64\/wp-content\/uploads\/2024\/01\/2-3-768x768.webp 768w, http:\/\/13.39.176.64\/wp-content\/uploads\/2024\/01\/2-3-1536x1536.webp 1536w, http:\/\/13.39.176.64\/wp-content\/uploads\/2024\/01\/2-3-12x12.webp 12w, http:\/\/13.39.176.64\/wp-content\/uploads\/2024\/01\/2-3-600x600.webp 600w, http:\/\/13.39.176.64\/wp-content\/uploads\/2024\/01\/2-3-400x400.webp 400w, http:\/\/13.39.176.64\/wp-content\/uploads\/2024\/01\/2-3-870x870.webp 870w, http:\/\/13.39.176.64\/wp-content\/uploads\/2024\/01\/2-3-480x480.webp 480w, http:\/\/13.39.176.64\/wp-content\/uploads\/2024\/01\/2-3.webp 1654w\" sizes=\"auto, (max-width: 300px) 100vw, 300px\" \/><\/a>\n\t\t<\/figure>\n\t<\/div>\n<\/div><\/div><\/div><\/div><\/div><\/section><\/div><div class=\"vc-custom-col-spacing clearfix vc-col-spacing-30\"><section class=\"wpb_row vc_row-fluid row-content-position-Default\"><div class=\"logistix-container\"><div class=\"row-inner clearfix\"><div class=\"wpb_column vc_column_container vc_col-sm-12\"><div class=\"vc_column-inner\"><div class=\"wpb_wrapper\">\r\n\t<div class=\"logistix-spacer clearfix\" data-desktop=\"80\" data-mobi=\"60\" data-smobi=\"60\"><\/div><div class=\"vc_btn3-container vc_btn3-center\" ><a style=\"background-color:#f9c834; color:#000000;\" class=\"vc_general vc_btn3 vc_btn3-size-lg vc_btn3-shape-rounded vc_btn3-style-custom\" href=\"https:\/\/www.klocel.com\/home-page\/contact\/\" title=\"Contact Us\" target=\"_blank\">Contact Us <\/a><\/div><\/div><\/div><\/div><\/div><\/div><\/section><\/div>","protected":false},"excerpt":{"rendered":"Nos solutions Retrouvez l'ensemble de nos solutions : Nous contacter","protected":false},"author":1,"featured_media":0,"parent":0,"menu_order":0,"comment_status":"closed","ping_status":"closed","template":"","meta":{"om_disable_all_campaigns":false,"_monsterinsights_skip_tracking":false,"_monsterinsights_sitenote_active":false,"_monsterinsights_sitenote_note":"","_monsterinsights_sitenote_category":0,"footnotes":""},"class_list":["post-5220","page","type-page","status-publish","hentry"],"yoast_head":"<!-- This site is optimized with the Yoast SEO plugin v25.9 - https:\/\/yoast.com\/wordpress\/plugins\/seo\/ -->\n<title>Nos solutions - KLOCEL - Les Experts de la Logistique de A \u00e0 Z<\/title>\n<meta name=\"description\" content=\"Trouvez LA solution parfaite pour votre entreprise d\u00e8s maintenant gr\u00e2ce \u00e0 nos solutions r\u00e9alis\u00e9es par des experts en logistique (WMS,TMS...)\" \/>\n<meta name=\"robots\" content=\"index, follow, max-snippet:-1, max-image-preview:large, max-video-preview:-1\" \/>\n<link rel=\"canonical\" href=\"https:\/\/www.klocel.com\/nos-solutions\/\" \/>\n<meta property=\"og:locale\" content=\"en_US\" \/>\n<meta property=\"og:type\" content=\"article\" \/>\n<meta property=\"og:title\" content=\"Nos solutions - KLOCEL - Les Experts de la Logistique de A \u00e0 Z\" \/>\n<meta property=\"og:description\" content=\"Trouvez LA solution parfaite pour votre entreprise d\u00e8s maintenant gr\u00e2ce \u00e0 nos solutions r\u00e9alis\u00e9es par des experts en logistique (WMS,TMS...)\" \/>\n<meta property=\"og:url\" content=\"https:\/\/www.klocel.com\/nos-solutions\/\" \/>\n<meta property=\"og:site_name\" content=\"KLOCEL - Les Experts de la Logistique de A \u00e0 Z\" \/>\n<meta property=\"article:modified_time\" content=\"2024-01-31T09:45:10+00:00\" \/>\n<meta name=\"twitter:card\" content=\"summary_large_image\" \/>\n<meta name=\"twitter:label1\" content=\"Est. reading time\" \/>\n\t<meta name=\"twitter:data1\" content=\"1 minute\" \/>\n<script type=\"application\/ld+json\" class=\"yoast-schema-graph\">{\"@context\":\"https:\/\/schema.org\",\"@graph\":[{\"@type\":\"WebPage\",\"@id\":\"https:\/\/www.klocel.com\/nos-solutions\/\",\"url\":\"https:\/\/www.klocel.com\/nos-solutions\/\",\"name\":\"Nos solutions - KLOCEL - Les Experts de la Logistique de A \u00e0 Z\",\"isPartOf\":{\"@id\":\"https:\/\/www.klocel.com\/#website\"},\"datePublished\":\"2023-03-20T13:41:10+00:00\",\"dateModified\":\"2024-01-31T09:45:10+00:00\",\"description\":\"Trouvez LA solution parfaite pour votre entreprise d\u00e8s maintenant gr\u00e2ce \u00e0 nos solutions r\u00e9alis\u00e9es par des experts en logistique (WMS,TMS...)\",\"breadcrumb\":{\"@id\":\"https:\/\/www.klocel.com\/nos-solutions\/#breadcrumb\"},\"inLanguage\":\"en-US\",\"potentialAction\":[{\"@type\":\"ReadAction\",\"target\":[\"https:\/\/www.klocel.com\/nos-solutions\/\"]}]},{\"@type\":\"BreadcrumbList\",\"@id\":\"https:\/\/www.klocel.com\/nos-solutions\/#breadcrumb\",\"itemListElement\":[{\"@type\":\"ListItem\",\"position\":1,\"name\":\"Accueil\",\"item\":\"https:\/\/www.klocel.com\/\"},{\"@type\":\"ListItem\",\"position\":2,\"name\":\"Nos solutions\"}]},{\"@type\":\"WebSite\",\"@id\":\"https:\/\/www.klocel.com\/#website\",\"url\":\"https:\/\/www.klocel.com\/\",\"name\":\"KLOCEL - Les Experts de la Logistique de A \u00e0 Z\",\"description\":\"\",\"potentialAction\":[{\"@type\":\"SearchAction\",\"target\":{\"@type\":\"EntryPoint\",\"urlTemplate\":\"https:\/\/www.klocel.com\/?s={search_term_string}\"},\"query-input\":{\"@type\":\"PropertyValueSpecification\",\"valueRequired\":true,\"valueName\":\"search_term_string\"}}],\"inLanguage\":\"en-US\"}]}<\/script>\n<!-- \/ Yoast SEO plugin. -->","yoast_head_json":{"title":"Nos solutions - KLOCEL - Les Experts de la Logistique de A \u00e0 Z","description":"Trouvez LA solution parfaite pour votre entreprise d\u00e8s maintenant gr\u00e2ce \u00e0 nos solutions r\u00e9alis\u00e9es par des experts en logistique (WMS,TMS...)","robots":{"index":"index","follow":"follow","max-snippet":"max-snippet:-1","max-image-preview":"max-image-preview:large","max-video-preview":"max-video-preview:-1"},"canonical":"https:\/\/www.klocel.com\/nos-solutions\/","og_locale":"en_US","og_type":"article","og_title":"Nos solutions - KLOCEL - Les Experts de la Logistique de A \u00e0 Z","og_description":"Trouvez LA solution parfaite pour votre entreprise d\u00e8s maintenant gr\u00e2ce \u00e0 nos solutions r\u00e9alis\u00e9es par des experts en logistique (WMS,TMS...)","og_url":"https:\/\/www.klocel.com\/nos-solutions\/","og_site_name":"KLOCEL - Les Experts de la Logistique de A \u00e0 Z","article_modified_time":"2024-01-31T09:45:10+00:00","twitter_card":"summary_large_image","twitter_misc":{"Est. reading time":"1 minute"},"schema":{"@context":"https:\/\/schema.org","@graph":[{"@type":"WebPage","@id":"https:\/\/www.klocel.com\/nos-solutions\/","url":"https:\/\/www.klocel.com\/nos-solutions\/","name":"Nos solutions - KLOCEL - Les Experts de la Logistique de A \u00e0 Z","isPartOf":{"@id":"https:\/\/www.klocel.com\/#website"},"datePublished":"2023-03-20T13:41:10+00:00","dateModified":"2024-01-31T09:45:10+00:00","description":"Trouvez LA solution parfaite pour votre entreprise d\u00e8s maintenant gr\u00e2ce \u00e0 nos solutions r\u00e9alis\u00e9es par des experts en logistique (WMS,TMS...)","breadcrumb":{"@id":"https:\/\/www.klocel.com\/nos-solutions\/#breadcrumb"},"inLanguage":"en-US","potentialAction":[{"@type":"ReadAction","target":["https:\/\/www.klocel.com\/nos-solutions\/"]}]},{"@type":"BreadcrumbList","@id":"https:\/\/www.klocel.com\/nos-solutions\/#breadcrumb","itemListElement":[{"@type":"ListItem","position":1,"name":"Accueil","item":"https:\/\/www.klocel.com\/"},{"@type":"ListItem","position":2,"name":"Nos solutions"}]},{"@type":"WebSite","@id":"https:\/\/www.klocel.com\/#website","url":"https:\/\/www.klocel.com\/","name":"KLOCEL - Les Experts de la Logistique de A \u00e0 Z","description":"","potentialAction":[{"@type":"SearchAction","target":{"@type":"EntryPoint","urlTemplate":"https:\/\/www.klocel.com\/?s={search_term_string}"},"query-input":{"@type":"PropertyValueSpecification","valueRequired":true,"valueName":"search_term_string"}}],"inLanguage":"en-US"}]}},"_links":{"self":[{"href":"http:\/\/13.39.176.64\/en\/wp-json\/wp\/v2\/pages\/5220","targetHints":{"allow":["GET"]}}],"collection":[{"href":"http:\/\/13.39.176.64\/en\/wp-json\/wp\/v2\/pages"}],"about":[{"href":"http:\/\/13.39.176.64\/en\/wp-json\/wp\/v2\/types\/page"}],"author":[{"embeddable":true,"href":"http:\/\/13.39.176.64\/en\/wp-json\/wp\/v2\/users\/1"}],"replies":[{"embeddable":true,"href":"http:\/\/13.39.176.64\/en\/wp-json\/wp\/v2\/comments?post=5220"}],"version-history":[{"count":11,"href":"http:\/\/13.39.176.64\/en\/wp-json\/wp\/v2\/pages\/5220\/revisions"}],"predecessor-version":[{"id":7282,"href":"http:\/\/13.39.176.64\/en\/wp-json\/wp\/v2\/pages\/5220\/revisions\/7282"}],"wp:attachment":[{"href":"http:\/\/13.39.176.64\/en\/wp-json\/wp\/v2\/media?parent=5220"}],"curies":[{"name":"wp","href":"https:\/\/api.w.org\/{rel}","templated":true}]}}