{"id":6382,"date":"2023-11-22T16:16:49","date_gmt":"2023-11-22T15:16:49","guid":{"rendered":"https:\/\/www.klocel.com\/?page_id=6382"},"modified":"2024-02-01T16:07:05","modified_gmt":"2024-02-01T15:07:05","slug":"devenir-integrateur","status":"publish","type":"page","link":"http:\/\/13.39.176.64\/en\/devenir-integrateur\/","title":{"rendered":"Become an integrator"},"content":{"rendered":"<div class=\"vc-custom-col-spacing clearfix vc-col-spacing-30\"><section class=\"wpb_row vc_row-fluid row-content-position-Default\"><div class=\"logistix-container\"><div class=\"row-inner clearfix\"><div class=\"wpb_column vc_column_container vc_col-sm-12\"><div class=\"vc_column-inner\"><div class=\"wpb_wrapper\"><div class=\"logistix-single-heading clearfix text-center style-2\" style=\"\">\r\n\t\t<h2 class=\"heading\" style=\"margin-bottom: 0;font-size:50px;font-family:Open Sans;color:#f9c834;\"><span class=\"text\">Become an integrator of our solutions<\/span><span class=\"line\"><\/span><\/h2>\r\n\t<\/div>\r\n\t<div class=\"logistix-spacer clearfix\" data-desktop=\"40\" data-mobi=\"30\" data-smobi=\"30\"><\/div><\/div><\/div><\/div><\/div><\/div><\/section><\/div><div class=\"vc-custom-col-spacing clearfix vc-col-spacing-30\"><section class=\"wpb_row vc_row-fluid row-content-position-Default\"><div class=\"logistix-container\"><div class=\"row-inner clearfix\"><div class=\"wpb_column vc_column_container vc_col-sm-12\"><div class=\"vc_column-inner\"><div class=\"wpb_wrapper\">\n\t<div class=\"wpb_text_column wpb_content_element\" >\n\t\t<div class=\"wpb_wrapper\">\n\t\t\t<p style=\"text-align: center;\"><strong>If you are looking for autonomy in the evolution and adaptations of the Supply Chain solutions offered to your customers, then our solutions are made for you!<\/strong><\/p>\n\n\t\t<\/div>\n\t<\/div>\n\r\n\t<div class=\"logistix-spacer clearfix\" data-desktop=\"60\" data-mobi=\"20\" data-smobi=\"20\"><\/div><\/div><\/div><\/div><\/div><\/div><\/section><\/div><div class=\"vc-custom-col-spacing clearfix vc-col-spacing-30\"><section class=\"wpb_row vc_row-fluid row-content-position-Default\"><div class=\"logistix-container\"><div class=\"row-inner clearfix\"><div class=\"wpb_column vc_column_container vc_col-sm-6\"><div class=\"vc_column-inner\"><div class=\"wpb_wrapper\"><div class=\"vc_btn3-container vc_btn3-center\" ><a style=\"background-color:#f9c834; color:#000000;\" class=\"vc_general vc_btn3 vc_btn3-size-lg vc_btn3-shape-square vc_btn3-style-custom\" href=\"https:\/\/www.klocel.com\/nos-solutions\/cella-wms\/\" title=\"Klocel_CELLA_WMS\" target=\"_blank\">Learn more about CELLA WMS<\/a><\/div><\/div><\/div><\/div><div class=\"wpb_column vc_column_container vc_col-sm-6\"><div class=\"vc_column-inner\"><div class=\"wpb_wrapper\"><div class=\"vc_btn3-container vc_btn3-center\" ><a style=\"background-color:#f9c834; color:#000000;\" class=\"vc_general vc_btn3 vc_btn3-size-lg vc_btn3-shape-square vc_btn3-style-custom\" href=\"https:\/\/www.klocel.com\/nos-solutions\/kloship-solution-deditions-detiquettes\/\" title=\"KLOCEL_KLOSHIP\" target=\"_blank\">Learn more about KLOSHIP<\/a><\/div>\r\n\t<div class=\"logistix-spacer clearfix\" data-desktop=\"80\" data-mobi=\"60\" data-smobi=\"60\"><\/div><\/div><\/div><\/div><\/div><\/div><\/section><\/div><div class=\"vc-custom-col-spacing clearfix vc-col-spacing-30\"><section class=\"wpb_row vc_row-fluid vc_custom_1706798931914 vc_row-has-fill row-content-position-Default\"><div class=\"logistix-container\"><div class=\"row-inner clearfix\"><div class=\"wpb_column vc_column_container vc_col-sm-12\"><div class=\"vc_column-inner\"><div class=\"wpb_wrapper\">\r\n\t<div class=\"logistix-spacer clearfix\" data-desktop=\"40\" data-mobi=\"10\" data-smobi=\"10\"><\/div><div class=\"logistix-headings clearfix text-center\" data-font=\"40\" style=\"\"><h2 class=\"heading clearfix style-1\" style=\"color:#f9c834;font-family:Open Sans;font-size:40px;\">\r\n\t\t<span style=\"\">The technical architecture of CELLA WMS<\/span>\r\n\t<\/h2><\/div>\r\n\t<div class=\"logistix-spacer clearfix\" data-desktop=\"60\" data-mobi=\"20\" data-smobi=\"20\"><\/div>\n\t<div  class=\"wpb_single_image wpb_content_element vc_align_center\">\n\t\t\n\t\t<figure class=\"wpb_wrapper vc_figure\">\n\t\t\t<div class=\"vc_single_image-wrapper   vc_box_border_grey\"><img loading=\"lazy\" decoding=\"async\" data-vc-zoom=\"http:\/\/13.39.176.64\/wp-content\/uploads\/2024\/02\/Design-sans-titre-1-1024x418.webp\" width=\"1366\" height=\"558\" src=\"http:\/\/13.39.176.64\/wp-content\/uploads\/2024\/02\/Design-sans-titre-1.webp\" class=\"vc_single_image-img attachment-full\" alt=\"Sch\u00e9ma de l&#039;architecture technique de CELLA WMS cr\u00e9\u00e9 par Klocel\" title=\"Architecture_Technique_CELLA\" srcset=\"http:\/\/13.39.176.64\/wp-content\/uploads\/2024\/02\/Design-sans-titre-1.webp 1366w, http:\/\/13.39.176.64\/wp-content\/uploads\/2024\/02\/Design-sans-titre-1-300x123.webp 300w, http:\/\/13.39.176.64\/wp-content\/uploads\/2024\/02\/Design-sans-titre-1-1024x418.webp 1024w, http:\/\/13.39.176.64\/wp-content\/uploads\/2024\/02\/Design-sans-titre-1-768x314.webp 768w, http:\/\/13.39.176.64\/wp-content\/uploads\/2024\/02\/Design-sans-titre-1-18x7.webp 18w, http:\/\/13.39.176.64\/wp-content\/uploads\/2024\/02\/Design-sans-titre-1-870x355.webp 870w, http:\/\/13.39.176.64\/wp-content\/uploads\/2024\/02\/Design-sans-titre-1-600x245.webp 600w, http:\/\/13.39.176.64\/wp-content\/uploads\/2024\/02\/Design-sans-titre-1-480x196.webp 480w\" sizes=\"auto, (max-width: 1366px) 100vw, 1366px\" \/><\/div>\n\t\t<\/figure>\n\t<\/div>\n\r\n\t<div class=\"logistix-spacer clearfix\" data-desktop=\"40\" data-mobi=\"10\" data-smobi=\"10\"><\/div><\/div><\/div><\/div><\/div><\/div><\/section><\/div><div class=\"vc-custom-col-spacing clearfix vc-col-spacing-30\"><section class=\"wpb_row vc_row-fluid row-content-position-Default\"><div class=\"logistix-container\"><div class=\"row-inner clearfix\"><div class=\"wpb_column vc_column_container vc_col-sm-12\"><div class=\"vc_column-inner\"><div class=\"wpb_wrapper\">\r\n\t<div class=\"logistix-spacer clearfix\" data-desktop=\"40\" data-mobi=\"10\" data-smobi=\"10\"><\/div><div class=\"logistix-headings clearfix text-center\" data-font=\"40\" style=\"\"><h2 class=\"heading clearfix style-1\" style=\"color:#f9c834;font-family:Open Sans;font-size:40px;\">\r\n\t\t<span style=\"\">The integrator, a partner at the heart of our organization<\/span>\r\n\t<\/h2><\/div>\r\n\t<div class=\"logistix-spacer clearfix\" data-desktop=\"60\" data-mobi=\"20\" data-smobi=\"20\"><\/div>\n\t<div  class=\"wpb_single_image wpb_content_element vc_align_center\">\n\t\t\n\t\t<figure class=\"wpb_wrapper vc_figure\">\n\t\t\t<div class=\"vc_single_image-wrapper   vc_box_border_grey\"><img loading=\"lazy\" decoding=\"async\" width=\"1024\" height=\"331\" src=\"http:\/\/13.39.176.64\/wp-content\/uploads\/2024\/02\/L_integrateur-un-partenaire-au-coeur-de-notre-organisation--1024x331.webp\" class=\"vc_single_image-img attachment-large\" alt=\"L&#039;int\u00e9grateur est un partenaire au coeur de notre organisation\" title=\"L_inte\u0301grateur-un-partenaire-au-coeur-de-notre-organisation-\" srcset=\"http:\/\/13.39.176.64\/wp-content\/uploads\/2024\/02\/L_integrateur-un-partenaire-au-coeur-de-notre-organisation--1024x331.webp 1024w, http:\/\/13.39.176.64\/wp-content\/uploads\/2024\/02\/L_integrateur-un-partenaire-au-coeur-de-notre-organisation--300x97.webp 300w, http:\/\/13.39.176.64\/wp-content\/uploads\/2024\/02\/L_integrateur-un-partenaire-au-coeur-de-notre-organisation--768x248.webp 768w, http:\/\/13.39.176.64\/wp-content\/uploads\/2024\/02\/L_integrateur-un-partenaire-au-coeur-de-notre-organisation--18x6.webp 18w, http:\/\/13.39.176.64\/wp-content\/uploads\/2024\/02\/L_integrateur-un-partenaire-au-coeur-de-notre-organisation--870x281.webp 870w, http:\/\/13.39.176.64\/wp-content\/uploads\/2024\/02\/L_integrateur-un-partenaire-au-coeur-de-notre-organisation--600x194.webp 600w, http:\/\/13.39.176.64\/wp-content\/uploads\/2024\/02\/L_integrateur-un-partenaire-au-coeur-de-notre-organisation--480x155.webp 480w, http:\/\/13.39.176.64\/wp-content\/uploads\/2024\/02\/L_integrateur-un-partenaire-au-coeur-de-notre-organisation-.webp 1366w\" sizes=\"auto, (max-width: 1024px) 100vw, 1024px\" \/><\/div>\n\t\t<\/figure>\n\t<\/div>\n\r\n\t<div class=\"logistix-spacer clearfix\" data-desktop=\"40\" data-mobi=\"10\" data-smobi=\"10\"><\/div><\/div><\/div><\/div><\/div><\/div><\/section><\/div><div class=\"vc-custom-col-spacing clearfix vc-col-spacing-30\"><section class=\"wpb_row vc_row-fluid vc_custom_1706799439435 vc_row-has-fill row-content-position-Default\"><div class=\"logistix-container\"><div class=\"row-inner clearfix\"><div class=\"wpb_column vc_column_container vc_col-sm-12\"><div class=\"vc_column-inner\"><div class=\"wpb_wrapper\">\r\n\t<div class=\"logistix-spacer clearfix\" data-desktop=\"40\" data-mobi=\"10\" data-smobi=\"10\"><\/div><div class=\"logistix-headings clearfix text-center\" data-font=\"40\" style=\"\"><h2 class=\"heading clearfix style-1\" style=\"color:#f9c834;font-family:Open Sans;font-size:40px;\">\r\n\t\t<span style=\"\">A constantly evolving solution<\/span>\r\n\t<\/h2><\/div>\r\n\t<div class=\"logistix-spacer clearfix\" data-desktop=\"60\" data-mobi=\"20\" data-smobi=\"20\"><\/div>\n\t<div  class=\"wpb_single_image wpb_content_element vc_align_center\">\n\t\t\n\t\t<figure class=\"wpb_wrapper vc_figure\">\n\t\t\t<div class=\"vc_single_image-wrapper   vc_box_border_grey\"><img loading=\"lazy\" decoding=\"async\" data-vc-zoom=\"http:\/\/13.39.176.64\/wp-content\/uploads\/2024\/02\/Une-solution-en-perpetuelle-evolution-1024x634.webp\" width=\"1024\" height=\"634\" src=\"http:\/\/13.39.176.64\/wp-content\/uploads\/2024\/02\/Une-solution-en-perpetuelle-evolution-1024x634.webp\" class=\"vc_single_image-img attachment-large\" alt=\"CELLA WMS est une solution en perp\u00e9tuelle \u00e9volution\" title=\"Une-solution-en-perpe\u0301tuelle-e\u0301volution\" srcset=\"http:\/\/13.39.176.64\/wp-content\/uploads\/2024\/02\/Une-solution-en-perpetuelle-evolution-1024x634.webp 1024w, http:\/\/13.39.176.64\/wp-content\/uploads\/2024\/02\/Une-solution-en-perpetuelle-evolution-300x186.webp 300w, http:\/\/13.39.176.64\/wp-content\/uploads\/2024\/02\/Une-solution-en-perpetuelle-evolution-768x476.webp 768w, http:\/\/13.39.176.64\/wp-content\/uploads\/2024\/02\/Une-solution-en-perpetuelle-evolution-18x12.webp 18w, http:\/\/13.39.176.64\/wp-content\/uploads\/2024\/02\/Une-solution-en-perpetuelle-evolution-870x539.webp 870w, http:\/\/13.39.176.64\/wp-content\/uploads\/2024\/02\/Une-solution-en-perpetuelle-evolution-600x372.webp 600w, http:\/\/13.39.176.64\/wp-content\/uploads\/2024\/02\/Une-solution-en-perpetuelle-evolution-480x297.webp 480w, http:\/\/13.39.176.64\/wp-content\/uploads\/2024\/02\/Une-solution-en-perpetuelle-evolution.webp 1240w\" sizes=\"auto, (max-width: 1024px) 100vw, 1024px\" \/><\/div>\n\t\t<\/figure>\n\t<\/div>\n\r\n\t<div class=\"logistix-spacer clearfix\" data-desktop=\"40\" data-mobi=\"10\" data-smobi=\"10\"><\/div><\/div><\/div><\/div><\/div><\/div><\/section><\/div><div class=\"vc-custom-col-spacing clearfix vc-col-spacing-30\"><section class=\"wpb_row vc_row-fluid row-content-position-Default\"><div class=\"logistix-container\"><div class=\"row-inner clearfix\"><div class=\"wpb_column vc_column_container vc_col-sm-12\"><div class=\"vc_column-inner\"><div class=\"wpb_wrapper\">\r\n\t<div class=\"logistix-spacer clearfix\" data-desktop=\"40\" data-mobi=\"10\" data-smobi=\"10\"><\/div>\n\t<div class=\"wpb_text_column wpb_content_element\" >\n\t\t<div class=\"wpb_wrapper\">\n\t\t\t<p style=\"text-align: center;\" class=\"translation-block\"><strong> Would you like to join Klocel integrators or find out more ? <a href=\"https:\/\/www.klocel.com\/home-page\/contact\/\" target=\"_blank\" rel=\"noopener\">Contact Us<\/a> !<\/strong><\/p>\n\n\t\t<\/div>\n\t<\/div>\n\r\n\t<div class=\"logistix-spacer clearfix\" data-desktop=\"40\" data-mobi=\"10\" data-smobi=\"10\"><\/div><div class=\"vc_btn3-container vc_btn3-center\" ><a style=\"background-color:#f9c834; color:#000000;\" class=\"vc_general vc_btn3 vc_btn3-size-lg vc_btn3-shape-square vc_btn3-style-custom\" href=\"https:\/\/www.klocel.com\/home-page\/contact\/\" title=\"\" target=\"_blank\">Contact Us<\/a><\/div><\/div><\/div><\/div><\/div><\/div><\/section><\/div>","protected":false},"excerpt":{"rendered":"Devenez int\u00e9grateur de nos solutions Si vous \u00eates \u00e0 la recherche d'autonomie sur l'\u00e9volution et les adaptations des solutions Supply Chain propos\u00e9es \u00e0 vos clients, alors nos solutions sont faites pour vous ! En savoir + sur CELLA WMSEn savoir + sur KLOSHIP L'architecture technique de CELLA WMS L'int\u00e9grateur,&hellip;","protected":false},"author":1,"featured_media":0,"parent":0,"menu_order":0,"comment_status":"closed","ping_status":"closed","template":"","meta":{"om_disable_all_campaigns":false,"_monsterinsights_skip_tracking":false,"_monsterinsights_sitenote_active":false,"_monsterinsights_sitenote_note":"","_monsterinsights_sitenote_category":0,"footnotes":""},"class_list":["post-6382","page","type-page","status-publish","hentry"],"yoast_head":"<!-- This site is optimized with the Yoast SEO plugin v25.9 - https:\/\/yoast.com\/wordpress\/plugins\/seo\/ -->\n<title>Devenir int\u00e9grateur - KLOCEL - Les Experts de la Logistique de A \u00e0 Z<\/title>\n<meta name=\"description\" content=\"Si vous \u00eates \u00e0 la recherche d&#039;autonomie sur l&#039;\u00e9volution et les adaptations des solutions Supply Chain propos\u00e9es \u00e0 vos clients contactez-nous !\" \/>\n<meta name=\"robots\" content=\"index, follow, max-snippet:-1, max-image-preview:large, max-video-preview:-1\" \/>\n<link rel=\"canonical\" href=\"https:\/\/www.klocel.com\/devenir-integrateur\/\" \/>\n<meta property=\"og:locale\" content=\"en_US\" \/>\n<meta property=\"og:type\" content=\"article\" \/>\n<meta property=\"og:title\" content=\"Devenir int\u00e9grateur - KLOCEL - Les Experts de la Logistique de A \u00e0 Z\" \/>\n<meta property=\"og:description\" content=\"Si vous \u00eates \u00e0 la recherche d&#039;autonomie sur l&#039;\u00e9volution et les adaptations des solutions Supply Chain propos\u00e9es \u00e0 vos clients contactez-nous !\" \/>\n<meta property=\"og:url\" content=\"https:\/\/www.klocel.com\/devenir-integrateur\/\" \/>\n<meta property=\"og:site_name\" content=\"KLOCEL - Les Experts de la Logistique de A \u00e0 Z\" \/>\n<meta property=\"article:modified_time\" content=\"2024-02-01T15:07:05+00:00\" \/>\n<meta name=\"twitter:card\" content=\"summary_large_image\" \/>\n<meta name=\"twitter:label1\" content=\"Est. reading time\" \/>\n\t<meta name=\"twitter:data1\" content=\"1 minute\" \/>\n<script type=\"application\/ld+json\" class=\"yoast-schema-graph\">{\"@context\":\"https:\/\/schema.org\",\"@graph\":[{\"@type\":\"WebPage\",\"@id\":\"https:\/\/www.klocel.com\/devenir-integrateur\/\",\"url\":\"https:\/\/www.klocel.com\/devenir-integrateur\/\",\"name\":\"Devenir int\u00e9grateur - KLOCEL - Les Experts de la Logistique de A \u00e0 Z\",\"isPartOf\":{\"@id\":\"https:\/\/www.klocel.com\/#website\"},\"datePublished\":\"2023-11-22T15:16:49+00:00\",\"dateModified\":\"2024-02-01T15:07:05+00:00\",\"description\":\"Si vous \u00eates \u00e0 la recherche d'autonomie sur l'\u00e9volution et les adaptations des solutions Supply Chain propos\u00e9es \u00e0 vos clients contactez-nous !\",\"breadcrumb\":{\"@id\":\"https:\/\/www.klocel.com\/devenir-integrateur\/#breadcrumb\"},\"inLanguage\":\"en-US\",\"potentialAction\":[{\"@type\":\"ReadAction\",\"target\":[\"https:\/\/www.klocel.com\/devenir-integrateur\/\"]}]},{\"@type\":\"BreadcrumbList\",\"@id\":\"https:\/\/www.klocel.com\/devenir-integrateur\/#breadcrumb\",\"itemListElement\":[{\"@type\":\"ListItem\",\"position\":1,\"name\":\"Accueil\",\"item\":\"https:\/\/www.klocel.com\/\"},{\"@type\":\"ListItem\",\"position\":2,\"name\":\"Devenir int\u00e9grateur\"}]},{\"@type\":\"WebSite\",\"@id\":\"https:\/\/www.klocel.com\/#website\",\"url\":\"https:\/\/www.klocel.com\/\",\"name\":\"KLOCEL - Les Experts de la Logistique de A \u00e0 Z\",\"description\":\"\",\"potentialAction\":[{\"@type\":\"SearchAction\",\"target\":{\"@type\":\"EntryPoint\",\"urlTemplate\":\"https:\/\/www.klocel.com\/?s={search_term_string}\"},\"query-input\":{\"@type\":\"PropertyValueSpecification\",\"valueRequired\":true,\"valueName\":\"search_term_string\"}}],\"inLanguage\":\"en-US\"}]}<\/script>\n<!-- \/ Yoast SEO plugin. -->","yoast_head_json":{"title":"Devenir int\u00e9grateur - KLOCEL - Les Experts de la Logistique de A \u00e0 Z","description":"Si vous \u00eates \u00e0 la recherche d'autonomie sur l'\u00e9volution et les adaptations des solutions Supply Chain propos\u00e9es \u00e0 vos clients contactez-nous !","robots":{"index":"index","follow":"follow","max-snippet":"max-snippet:-1","max-image-preview":"max-image-preview:large","max-video-preview":"max-video-preview:-1"},"canonical":"https:\/\/www.klocel.com\/devenir-integrateur\/","og_locale":"en_US","og_type":"article","og_title":"Devenir int\u00e9grateur - KLOCEL - Les Experts de la Logistique de A \u00e0 Z","og_description":"Si vous \u00eates \u00e0 la recherche d'autonomie sur l'\u00e9volution et les adaptations des solutions Supply Chain propos\u00e9es \u00e0 vos clients contactez-nous !","og_url":"https:\/\/www.klocel.com\/devenir-integrateur\/","og_site_name":"KLOCEL - Les Experts de la Logistique de A \u00e0 Z","article_modified_time":"2024-02-01T15:07:05+00:00","twitter_card":"summary_large_image","twitter_misc":{"Est. reading time":"1 minute"},"schema":{"@context":"https:\/\/schema.org","@graph":[{"@type":"WebPage","@id":"https:\/\/www.klocel.com\/devenir-integrateur\/","url":"https:\/\/www.klocel.com\/devenir-integrateur\/","name":"Devenir int\u00e9grateur - KLOCEL - Les Experts de la Logistique de A \u00e0 Z","isPartOf":{"@id":"https:\/\/www.klocel.com\/#website"},"datePublished":"2023-11-22T15:16:49+00:00","dateModified":"2024-02-01T15:07:05+00:00","description":"Si vous \u00eates \u00e0 la recherche d'autonomie sur l'\u00e9volution et les adaptations des solutions Supply Chain propos\u00e9es \u00e0 vos clients contactez-nous !","breadcrumb":{"@id":"https:\/\/www.klocel.com\/devenir-integrateur\/#breadcrumb"},"inLanguage":"en-US","potentialAction":[{"@type":"ReadAction","target":["https:\/\/www.klocel.com\/devenir-integrateur\/"]}]},{"@type":"BreadcrumbList","@id":"https:\/\/www.klocel.com\/devenir-integrateur\/#breadcrumb","itemListElement":[{"@type":"ListItem","position":1,"name":"Accueil","item":"https:\/\/www.klocel.com\/"},{"@type":"ListItem","position":2,"name":"Devenir int\u00e9grateur"}]},{"@type":"WebSite","@id":"https:\/\/www.klocel.com\/#website","url":"https:\/\/www.klocel.com\/","name":"KLOCEL - Les Experts de la Logistique de A \u00e0 Z","description":"","potentialAction":[{"@type":"SearchAction","target":{"@type":"EntryPoint","urlTemplate":"https:\/\/www.klocel.com\/?s={search_term_string}"},"query-input":{"@type":"PropertyValueSpecification","valueRequired":true,"valueName":"search_term_string"}}],"inLanguage":"en-US"}]}},"_links":{"self":[{"href":"http:\/\/13.39.176.64\/en\/wp-json\/wp\/v2\/pages\/6382","targetHints":{"allow":["GET"]}}],"collection":[{"href":"http:\/\/13.39.176.64\/en\/wp-json\/wp\/v2\/pages"}],"about":[{"href":"http:\/\/13.39.176.64\/en\/wp-json\/wp\/v2\/types\/page"}],"author":[{"embeddable":true,"href":"http:\/\/13.39.176.64\/en\/wp-json\/wp\/v2\/users\/1"}],"replies":[{"embeddable":true,"href":"http:\/\/13.39.176.64\/en\/wp-json\/wp\/v2\/comments?post=6382"}],"version-history":[{"count":49,"href":"http:\/\/13.39.176.64\/en\/wp-json\/wp\/v2\/pages\/6382\/revisions"}],"predecessor-version":[{"id":7304,"href":"http:\/\/13.39.176.64\/en\/wp-json\/wp\/v2\/pages\/6382\/revisions\/7304"}],"wp:attachment":[{"href":"http:\/\/13.39.176.64\/en\/wp-json\/wp\/v2\/media?parent=6382"}],"curies":[{"name":"wp","href":"https:\/\/api.w.org\/{rel}","templated":true}]}}