{"id":7002,"date":"2024-01-23T17:23:53","date_gmt":"2024-01-23T16:23:53","guid":{"rendered":"https:\/\/www.klocel.com\/?page_id=7002"},"modified":"2024-02-01T10:35:24","modified_gmt":"2024-02-01T09:35:24","slug":"nos-engagements","status":"publish","type":"page","link":"http:\/\/13.39.176.64\/en\/nos-engagements\/","title":{"rendered":"Our engagements"},"content":{"rendered":"<div class=\"vc-custom-col-spacing clearfix vc-col-spacing-30\"><section class=\"wpb_row vc_row-fluid row-content-position-Default\"><div class=\"logistix-container\"><div class=\"row-inner clearfix\"><div class=\"wpb_column vc_column_container vc_col-sm-12\"><div class=\"vc_column-inner\"><div class=\"wpb_wrapper\"><div class=\"logistix-single-heading clearfix text-center style-2\" style=\"\">\r\n\t\t<h2 class=\"heading\" style=\"margin-bottom: 0;font-size:50px;font-family:Open Sans;\"><span class=\"text\">Nos engagements RSE<\/span><span class=\"line\"><\/span><\/h2>\r\n\t<\/div>\r\n\t<div class=\"logistix-spacer clearfix\" data-desktop=\"80\" data-mobi=\"20\" data-smobi=\"20\"><\/div>\n\t<div class=\"wpb_text_column wpb_content_element\" >\n\t\t<div class=\"wpb_wrapper\">\n\t\t\t<p style=\"text-align: center;\"><strong>La RSE, ou Responsabilit\u00e9 Soci\u00e9tale des Entreprises, d\u00e9signe l&rsquo;engagement volontaire des entreprises \u00e0 int\u00e9grer les pr\u00e9occupations sociales, environnementales et \u00e9thiques dans leurs activit\u00e9s, en vue de contribuer de mani\u00e8re positive \u00e0 la soci\u00e9t\u00e9 tout en respectant les int\u00e9r\u00eats des parties prenantes.<\/strong><\/p>\n<p style=\"text-align: center;\"><strong>Chez Klocel, cet engagement tient d&rsquo;une conviction du pr\u00e9sident depuis la cr\u00e9ation de l&rsquo;entreprise.<\/strong><\/p>\n\n\t\t<\/div>\n\t<\/div>\n\r\n\t<div class=\"logistix-spacer clearfix\" data-desktop=\"80\" data-mobi=\"20\" data-smobi=\"20\"><\/div><\/div><\/div><\/div><\/div><\/div><\/section><\/div><div class=\"vc-custom-col-spacing clearfix vc-col-spacing-30\"><section class=\"wpb_row vc_row-fluid vc_custom_1706022716784 vc_row-has-fill row-content-position-Default\"><div class=\"logistix-container\"><div class=\"row-inner clearfix\"><div class=\"wpb_column vc_column_container vc_col-sm-12\"><div class=\"vc_column-inner\"><div class=\"wpb_wrapper\">\r\n\t<div class=\"logistix-spacer clearfix\" data-desktop=\"30\" data-mobi=\"15\" data-smobi=\"15\"><\/div><div class=\"logistix-single-heading clearfix text-center style-1\" style=\"\">\r\n\t\t<h3 class=\"heading\" style=\"margin-bottom: 0;font-size:50px;font-family:Open Sans;color:#f9c834;\">Our social commitments<\/h3>\r\n\t<\/div>\r\n\t<div class=\"logistix-spacer clearfix\" data-desktop=\"50\" data-mobi=\"20\" data-smobi=\"20\"><\/div>\n\t<div class=\"wpb_text_column wpb_content_element\" >\n\t\t<div class=\"wpb_wrapper\">\n\t\t\t<p style=\"text-align: center;\"><span style=\"color: #ffffff;\"><strong>\u00c0 travers une multitude d&rsquo;initiatives, notre entreprise s&rsquo;engage pleinement dans ses engagements sociaux :<\/strong><\/span><\/p>\n\n\t\t<\/div>\n\t<\/div>\n<\/div><\/div><\/div><\/div><\/div><\/section><\/div><div class=\"vc-custom-col-spacing clearfix vc-col-spacing-30\"><section class=\"wpb_row vc_row-fluid vc_custom_1706023630973 vc_row-has-fill row-content-position-Default\"><div class=\"logistix-container\"><div class=\"row-inner clearfix\"><div class=\"wpb_column vc_column_container vc_col-sm-6\"><div class=\"vc_column-inner\"><div class=\"wpb_wrapper\">\r\n\t<div class=\"logistix-spacer clearfix\" data-desktop=\"70\" data-mobi=\"20\" data-smobi=\"20\"><\/div>\n\t<div class=\"wpb_text_column wpb_content_element\" >\n\t\t<div class=\"wpb_wrapper\">\n\t\t\t<p><span style=\"color: #ffffff;\"><strong>&#8211; Favorisant la capacit\u00e9 des salari\u00e9s \u00e0 s&rsquo;exprimer et \u00e0 agir sur le contenu du travail ;\u00a0<\/strong><\/span><\/p>\n<p><span style=\"color: #ffffff;\"><strong>&#8211; R\u00e9alisant r\u00e9guli\u00e8rement des points individuels ;<\/strong><\/span><\/p>\n<p><span style=\"color: #ffffff;\"><strong>&#8211; Pr\u00e9servant la sant\u00e9 physique et psychique en luttant contre la discrimination et le harc\u00e8lement ;<\/strong><\/span><\/p>\n<p><span style=\"color: #ffffff;\"><strong>&#8211; Reconnaissant les salari\u00e9s dans leur diversit\u00e9 quelle qu&rsquo;elle soit (\u00e2ge, origine, orientation sexuelle, handicap, opinions, religion) ;\u00a0<\/strong><\/span><\/p>\n<p><span style=\"color: #ffffff;\"><strong>&#8211; Mettant \u00e0 disposition des salari\u00e9s un cadre de travail inspirant et bienveillant ;<\/strong><\/span><\/p>\n<p><span style=\"color: #ffffff;\"><strong>&#8211; Et en cr\u00e9ant un \u00e9quilibre entre la vie professionnelle et personnelle avec la mise en place du t\u00e9l\u00e9travail g\u00e9n\u00e9ralis\u00e9.<\/strong><\/span><\/p>\n\n\t\t<\/div>\n\t<\/div>\n<\/div><\/div><\/div><div class=\"wpb_column vc_column_container vc_col-sm-6\"><div class=\"vc_column-inner\"><div class=\"wpb_wrapper\">\r\n\t<div class=\"logistix-spacer clearfix\" data-desktop=\"40\" data-mobi=\"20\" data-smobi=\"20\"><\/div>\n\t<div  class=\"wpb_single_image wpb_content_element vc_align_left\">\n\t\t\n\t\t<figure class=\"wpb_wrapper vc_figure\">\n\t\t\t<div class=\"vc_single_image-wrapper   vc_box_border_grey\"><img loading=\"lazy\" decoding=\"async\" width=\"2000\" height=\"1414\" src=\"http:\/\/13.39.176.64\/wp-content\/uploads\/2024\/01\/Design-sans-titre-_2_-1.webp\" class=\"vc_single_image-img attachment-full\" alt=\"Les engagements sociaux de Klocel\" title=\"Design-sans-titre-_2_\" srcset=\"http:\/\/13.39.176.64\/wp-content\/uploads\/2024\/01\/Design-sans-titre-_2_-1.webp 2000w, http:\/\/13.39.176.64\/wp-content\/uploads\/2024\/01\/Design-sans-titre-_2_-1-300x212.webp 300w, http:\/\/13.39.176.64\/wp-content\/uploads\/2024\/01\/Design-sans-titre-_2_-1-1024x724.webp 1024w, http:\/\/13.39.176.64\/wp-content\/uploads\/2024\/01\/Design-sans-titre-_2_-1-768x543.webp 768w, http:\/\/13.39.176.64\/wp-content\/uploads\/2024\/01\/Design-sans-titre-_2_-1-1536x1086.webp 1536w, http:\/\/13.39.176.64\/wp-content\/uploads\/2024\/01\/Design-sans-titre-_2_-1-18x12.webp 18w, http:\/\/13.39.176.64\/wp-content\/uploads\/2024\/01\/Design-sans-titre-_2_-1-870x615.webp 870w, http:\/\/13.39.176.64\/wp-content\/uploads\/2024\/01\/Design-sans-titre-_2_-1-600x424.webp 600w, http:\/\/13.39.176.64\/wp-content\/uploads\/2024\/01\/Design-sans-titre-_2_-1-480x339.webp 480w\" sizes=\"auto, (max-width: 2000px) 100vw, 2000px\" \/><\/div>\n\t\t<\/figure>\n\t<\/div>\n\r\n\t<div class=\"logistix-spacer clearfix\" data-desktop=\"50\" data-mobi=\"20\" data-smobi=\"20\"><\/div><\/div><\/div><\/div><\/div><\/div><\/section><\/div><div class=\"vc-custom-col-spacing clearfix vc-col-spacing-30\"><section class=\"wpb_row vc_row-fluid row-content-position-Default\"><div class=\"logistix-container\"><div class=\"row-inner clearfix\"><div class=\"wpb_column vc_column_container vc_col-sm-12\"><div class=\"vc_column-inner\"><div class=\"wpb_wrapper\">\r\n\t<div class=\"logistix-spacer clearfix\" data-desktop=\"30\" data-mobi=\"15\" data-smobi=\"15\"><\/div><div class=\"logistix-single-heading clearfix text-center style-1\" style=\"\">\r\n\t\t<h3 class=\"heading\" style=\"margin-bottom: 0;font-size:50px;font-family:Open Sans;color:#f9c834;\">Our environmental commitments<\/h3>\r\n\t<\/div>\r\n\t<div class=\"logistix-spacer clearfix\" data-desktop=\"50\" data-mobi=\"20\" data-smobi=\"20\"><\/div>\n\t<div class=\"wpb_text_column wpb_content_element\" >\n\t\t<div class=\"wpb_wrapper\">\n\t\t\t<p style=\"text-align: center;\"><strong>Klocel concr\u00e9tise son engagement envers la Responsabilit\u00e9 Soci\u00e9tale des Entreprises en d\u00e9ployant un ensemble d&rsquo;initiatives d\u00e9di\u00e9es \u00e0 la pr\u00e9servation de l&rsquo;environnement en :\u00a0<\/strong><\/p>\n\n\t\t<\/div>\n\t<\/div>\n<\/div><\/div><\/div><\/div><\/div><\/section><\/div><div class=\"vc-custom-col-spacing clearfix vc-col-spacing-30\"><section class=\"wpb_row vc_row-fluid row-content-position-Default\"><div class=\"logistix-container\"><div class=\"row-inner clearfix\"><div class=\"wpb_column vc_column_container vc_col-sm-8\"><div class=\"vc_column-inner\"><div class=\"wpb_wrapper\">\r\n\t<div class=\"logistix-spacer clearfix\" data-desktop=\"40\" data-mobi=\"20\" data-smobi=\"20\"><\/div>\n\t<div class=\"wpb_text_column wpb_content_element\" >\n\t\t<div class=\"wpb_wrapper\">\n\t\t\t<p><strong>&#8211; H\u00e9bergeant ses serveurs sur des sites certifi\u00e9s RSE (Azure, AWS) ;<\/strong><\/p>\n<p><strong>&#8211; Utilisant de fa\u00e7on raisonn\u00e9e le chauffage et uniquement sur les plages horaires de travail ;<\/strong><\/p>\n<p><strong>&#8211; Favorisant les voitures hybrides et \u00e9lectriques ;<\/strong><\/p>\n<p><strong>&#8211; Privil\u00e9giant les voyages en train et en co-voiturage ;<\/strong><\/p>\n<p><strong>&#8211; Mettant en place le t\u00e9l\u00e9travail g\u00e9n\u00e9ralis\u00e9 \u00e0 au moins 40% du temps de travail ;<\/strong><\/p>\n<p><strong>&#8211; Recyclant les consommables (cartouches d&rsquo;encre, dosettes caf\u00e9,&#8230;) ;<\/strong><\/p>\n<p><strong>&#8211; Mettant en place le tri s\u00e9lectif syst\u00e9matique des d\u00e9chets.<\/strong><\/p>\n\n\t\t<\/div>\n\t<\/div>\n\r\n\t<div class=\"logistix-spacer clearfix\" data-desktop=\"50\" data-mobi=\"20\" data-smobi=\"20\"><\/div><\/div><\/div><\/div><div class=\"wpb_column vc_column_container vc_col-sm-4\"><div class=\"vc_column-inner\"><div class=\"wpb_wrapper\">\r\n\t<div class=\"logistix-spacer clearfix\" data-desktop=\"60\" data-mobi=\"20\" data-smobi=\"20\"><\/div>\n\t<div  class=\"wpb_single_image wpb_content_element vc_align_left\">\n\t\t\n\t\t<figure class=\"wpb_wrapper vc_figure\">\n\t\t\t<div class=\"vc_single_image-wrapper   vc_box_border_grey\"><img loading=\"lazy\" decoding=\"async\" width=\"2000\" height=\"1414\" src=\"http:\/\/13.39.176.64\/wp-content\/uploads\/2024\/01\/Nos-engagements-RSE.webp\" class=\"vc_single_image-img attachment-full\" alt=\"Klocel recycle ses capsules caf\u00e9.\" title=\"Nos engagements RSE\" srcset=\"http:\/\/13.39.176.64\/wp-content\/uploads\/2024\/01\/Nos-engagements-RSE.webp 2000w, http:\/\/13.39.176.64\/wp-content\/uploads\/2024\/01\/Nos-engagements-RSE-300x212.webp 300w, http:\/\/13.39.176.64\/wp-content\/uploads\/2024\/01\/Nos-engagements-RSE-1024x724.webp 1024w, http:\/\/13.39.176.64\/wp-content\/uploads\/2024\/01\/Nos-engagements-RSE-768x543.webp 768w, http:\/\/13.39.176.64\/wp-content\/uploads\/2024\/01\/Nos-engagements-RSE-1536x1086.webp 1536w, http:\/\/13.39.176.64\/wp-content\/uploads\/2024\/01\/Nos-engagements-RSE-18x12.webp 18w, http:\/\/13.39.176.64\/wp-content\/uploads\/2024\/01\/Nos-engagements-RSE-870x615.webp 870w, http:\/\/13.39.176.64\/wp-content\/uploads\/2024\/01\/Nos-engagements-RSE-600x424.webp 600w, http:\/\/13.39.176.64\/wp-content\/uploads\/2024\/01\/Nos-engagements-RSE-480x339.webp 480w\" sizes=\"auto, (max-width: 2000px) 100vw, 2000px\" \/><\/div>\n\t\t<\/figure>\n\t<\/div>\n\r\n\t<div class=\"logistix-spacer clearfix\" data-desktop=\"50\" data-mobi=\"20\" data-smobi=\"20\"><\/div><\/div><\/div><\/div><\/div><\/div><\/section><\/div><div class=\"vc-custom-col-spacing clearfix vc-col-spacing-30\"><section class=\"wpb_row vc_row-fluid vc_custom_1706026046712 vc_row-has-fill row-content-position-Default\"><div class=\"logistix-container\"><div class=\"row-inner clearfix\"><div class=\"wpb_column vc_column_container vc_col-sm-12\"><div class=\"vc_column-inner\"><div class=\"wpb_wrapper\">\r\n\t<div class=\"logistix-spacer clearfix\" data-desktop=\"30\" data-mobi=\"15\" data-smobi=\"15\"><\/div><div class=\"logistix-single-heading clearfix text-center style-1\" style=\"\">\r\n\t\t<h3 class=\"heading\" style=\"margin-bottom: 0;font-size:50px;font-family:Open Sans;color:#f9c834;\">Our economic commitments<\/h3>\r\n\t<\/div>\r\n\t<div class=\"logistix-spacer clearfix\" data-desktop=\"50\" data-mobi=\"20\" data-smobi=\"20\"><\/div>\n\t<div class=\"wpb_text_column wpb_content_element\" >\n\t\t<div class=\"wpb_wrapper\">\n\t\t\t<p style=\"text-align: center;\"><span style=\"color: #ffffff;\"><strong>Pour finir, nous avons \u00e9galement int\u00e9gr\u00e9 le d\u00e9veloppement durable dans notre essor \u00e9conomique en :\u00a0<\/strong><\/span><\/p>\n\n\t\t<\/div>\n\t<\/div>\n<\/div><\/div><\/div><\/div><\/div><\/section><\/div><div class=\"vc-custom-col-spacing clearfix vc-col-spacing-30\"><section class=\"wpb_row vc_row-fluid vc_custom_1706026424541 vc_row-has-fill row-content-position-Default\"><div class=\"logistix-container\"><div class=\"row-inner clearfix\"><div class=\"wpb_column vc_column_container vc_col-sm-6\"><div class=\"vc_column-inner\"><div class=\"wpb_wrapper\">\r\n\t<div class=\"logistix-spacer clearfix\" data-desktop=\"40\" data-mobi=\"20\" data-smobi=\"20\"><\/div>\n\t<div  class=\"wpb_single_image wpb_content_element vc_align_left\">\n\t\t\n\t\t<figure class=\"wpb_wrapper vc_figure\">\n\t\t\t<div class=\"vc_single_image-wrapper   vc_box_border_grey\"><img loading=\"lazy\" decoding=\"async\" width=\"2000\" height=\"1414\" src=\"http:\/\/13.39.176.64\/wp-content\/uploads\/2024\/01\/Nos-engagements-RSE-1.webp\" class=\"vc_single_image-img attachment-full\" alt=\"Les engagements \u00e9conomiques de Klocel\" title=\"Nos engagements RSE (1)\" srcset=\"http:\/\/13.39.176.64\/wp-content\/uploads\/2024\/01\/Nos-engagements-RSE-1.webp 2000w, http:\/\/13.39.176.64\/wp-content\/uploads\/2024\/01\/Nos-engagements-RSE-1-300x212.webp 300w, http:\/\/13.39.176.64\/wp-content\/uploads\/2024\/01\/Nos-engagements-RSE-1-1024x724.webp 1024w, http:\/\/13.39.176.64\/wp-content\/uploads\/2024\/01\/Nos-engagements-RSE-1-768x543.webp 768w, http:\/\/13.39.176.64\/wp-content\/uploads\/2024\/01\/Nos-engagements-RSE-1-1536x1086.webp 1536w, http:\/\/13.39.176.64\/wp-content\/uploads\/2024\/01\/Nos-engagements-RSE-1-18x12.webp 18w, http:\/\/13.39.176.64\/wp-content\/uploads\/2024\/01\/Nos-engagements-RSE-1-870x615.webp 870w, http:\/\/13.39.176.64\/wp-content\/uploads\/2024\/01\/Nos-engagements-RSE-1-600x424.webp 600w, http:\/\/13.39.176.64\/wp-content\/uploads\/2024\/01\/Nos-engagements-RSE-1-480x339.webp 480w\" sizes=\"auto, (max-width: 2000px) 100vw, 2000px\" \/><\/div>\n\t\t<\/figure>\n\t<\/div>\n\r\n\t<div class=\"logistix-spacer clearfix\" data-desktop=\"50\" data-mobi=\"20\" data-smobi=\"20\"><\/div><\/div><\/div><\/div><div class=\"wpb_column vc_column_container vc_col-sm-6\"><div class=\"vc_column-inner\"><div class=\"wpb_wrapper\">\r\n\t<div class=\"logistix-spacer clearfix\" data-desktop=\"60\" data-mobi=\"20\" data-smobi=\"20\"><\/div>\n\t<div class=\"wpb_text_column wpb_content_element\" >\n\t\t<div class=\"wpb_wrapper\">\n\t\t\t<p><span style=\"color: #ffffff;\"><strong>&#8211; Se comportant de mani\u00e8re transparente et loyale vis-\u00e0-vis des diff\u00e9rentes parties prenantes ;\u00a0<\/strong><\/span><\/p>\n<p><span style=\"color: #ffffff;\"><strong>&#8211; Respectant les lois en vigueur, en coh\u00e9rence avec les normes internationales de comportement des entreprises ;\u00a0<\/strong><\/span><\/p>\n<p><span style=\"color: #ffffff;\"><strong>&#8211; Luttant contre la corruption ;<\/strong><\/span><\/p>\n<p><span style=\"color: #ffffff;\"><strong>&#8211; Respectant les r\u00e8gles \u00e9thiques ;<\/strong><\/span><\/p>\n<p><span style=\"color: #ffffff;\"><strong>&#8211; Favorisant le d\u00e9veloppement durable dans les \u00e9changes commerciaux avec nos clients et nos fournisseurs ;\u00a0<\/strong><\/span><\/p>\n<p><span style=\"color: #ffffff;\"><strong>&#8211; Et en privil\u00e9giant les \u00e9changes commerciaux locaux lorsque cela est possible.<\/strong><\/span><\/p>\n\n\t\t<\/div>\n\t<\/div>\n\r\n\t<div class=\"logistix-spacer clearfix\" data-desktop=\"50\" data-mobi=\"20\" data-smobi=\"20\"><\/div><\/div><\/div><\/div><\/div><\/div><\/section><\/div><div class=\"vc-custom-col-spacing clearfix vc-col-spacing-30\"><section class=\"wpb_row vc_row-fluid row-content-position-Default\"><div class=\"logistix-container\"><div class=\"row-inner clearfix\"><div class=\"wpb_column vc_column_container vc_col-sm-12\"><div class=\"vc_column-inner\"><div class=\"wpb_wrapper\">\r\n\t<div class=\"logistix-spacer clearfix\" data-desktop=\"90\" data-mobi=\"40\" data-smobi=\"40\"><\/div>\n\t<div class=\"wpb_text_column wpb_content_element\" >\n\t\t<div class=\"wpb_wrapper\">\n\t\t\t<p style=\"text-align: center;\"><strong>Pour toute demande de renseignements, merci de nous <a href=\"https:\/\/www.klocel.com\/home-page\/contact\/\">contact us<\/a>.\u00a0<\/strong><\/p>\n\n\t\t<\/div>\n\t<\/div>\n<\/div><\/div><\/div><\/div><\/div><\/section><\/div>","protected":false},"excerpt":{"rendered":"Nos engagements RSE La RSE, ou Responsabilit\u00e9 Soci\u00e9tale des Entreprises, d\u00e9signe l'engagement volontaire des entreprises \u00e0 int\u00e9grer les pr\u00e9occupations sociales, environnementales et \u00e9thiques dans leurs activit\u00e9s, en vue de contribuer de mani\u00e8re positive \u00e0 la soci\u00e9t\u00e9 tout en respectant les int\u00e9r\u00eats des parties prenantes. Chez Klocel, cet engagement tient&hellip;","protected":false},"author":1,"featured_media":0,"parent":0,"menu_order":0,"comment_status":"closed","ping_status":"closed","template":"","meta":{"om_disable_all_campaigns":false,"_monsterinsights_skip_tracking":false,"_monsterinsights_sitenote_active":false,"_monsterinsights_sitenote_note":"","_monsterinsights_sitenote_category":0,"footnotes":""},"class_list":["post-7002","page","type-page","status-publish","hentry"],"yoast_head":"<!-- This site is optimized with the Yoast SEO plugin v25.9 - https:\/\/yoast.com\/wordpress\/plugins\/seo\/ -->\n<title>Nos engagements - KLOCEL - Les Experts de la Logistique de A \u00e0 Z<\/title>\n<meta name=\"description\" content=\"D\u00e9couvrez nos actions responsables et durables en mati\u00e8re de RSE. Engagez-vous avec nous pour un impact positif sur l&#039;environnement et la soci\u00e9t\u00e9.\" \/>\n<meta name=\"robots\" content=\"index, follow, max-snippet:-1, max-image-preview:large, max-video-preview:-1\" \/>\n<link rel=\"canonical\" href=\"https:\/\/www.klocel.com\/nos-engagements\/\" \/>\n<meta property=\"og:locale\" content=\"en_US\" \/>\n<meta property=\"og:type\" content=\"article\" \/>\n<meta property=\"og:title\" content=\"Nos engagements - KLOCEL - Les Experts de la Logistique de A \u00e0 Z\" \/>\n<meta property=\"og:description\" content=\"D\u00e9couvrez nos actions responsables et durables en mati\u00e8re de RSE. Engagez-vous avec nous pour un impact positif sur l&#039;environnement et la soci\u00e9t\u00e9.\" \/>\n<meta property=\"og:url\" content=\"https:\/\/www.klocel.com\/nos-engagements\/\" \/>\n<meta property=\"og:site_name\" content=\"KLOCEL - Les Experts de la Logistique de A \u00e0 Z\" \/>\n<meta property=\"article:modified_time\" content=\"2024-02-01T09:35:24+00:00\" \/>\n<meta name=\"twitter:card\" content=\"summary_large_image\" \/>\n<meta name=\"twitter:label1\" content=\"Est. reading time\" \/>\n\t<meta name=\"twitter:data1\" content=\"3 minutes\" \/>\n<script type=\"application\/ld+json\" class=\"yoast-schema-graph\">{\"@context\":\"https:\/\/schema.org\",\"@graph\":[{\"@type\":\"WebPage\",\"@id\":\"https:\/\/www.klocel.com\/nos-engagements\/\",\"url\":\"https:\/\/www.klocel.com\/nos-engagements\/\",\"name\":\"Nos engagements - KLOCEL - Les Experts de la Logistique de A \u00e0 Z\",\"isPartOf\":{\"@id\":\"https:\/\/www.klocel.com\/#website\"},\"datePublished\":\"2024-01-23T16:23:53+00:00\",\"dateModified\":\"2024-02-01T09:35:24+00:00\",\"description\":\"D\u00e9couvrez nos actions responsables et durables en mati\u00e8re de RSE. Engagez-vous avec nous pour un impact positif sur l'environnement et la soci\u00e9t\u00e9.\",\"breadcrumb\":{\"@id\":\"https:\/\/www.klocel.com\/nos-engagements\/#breadcrumb\"},\"inLanguage\":\"en-US\",\"potentialAction\":[{\"@type\":\"ReadAction\",\"target\":[\"https:\/\/www.klocel.com\/nos-engagements\/\"]}]},{\"@type\":\"BreadcrumbList\",\"@id\":\"https:\/\/www.klocel.com\/nos-engagements\/#breadcrumb\",\"itemListElement\":[{\"@type\":\"ListItem\",\"position\":1,\"name\":\"Accueil\",\"item\":\"https:\/\/www.klocel.com\/\"},{\"@type\":\"ListItem\",\"position\":2,\"name\":\"Nos engagements\"}]},{\"@type\":\"WebSite\",\"@id\":\"https:\/\/www.klocel.com\/#website\",\"url\":\"https:\/\/www.klocel.com\/\",\"name\":\"KLOCEL - Les Experts de la Logistique de A \u00e0 Z\",\"description\":\"\",\"potentialAction\":[{\"@type\":\"SearchAction\",\"target\":{\"@type\":\"EntryPoint\",\"urlTemplate\":\"https:\/\/www.klocel.com\/?s={search_term_string}\"},\"query-input\":{\"@type\":\"PropertyValueSpecification\",\"valueRequired\":true,\"valueName\":\"search_term_string\"}}],\"inLanguage\":\"en-US\"}]}<\/script>\n<!-- \/ Yoast SEO plugin. -->","yoast_head_json":{"title":"Nos engagements - KLOCEL - Les Experts de la Logistique de A \u00e0 Z","description":"D\u00e9couvrez nos actions responsables et durables en mati\u00e8re de RSE. Engagez-vous avec nous pour un impact positif sur l'environnement et la soci\u00e9t\u00e9.","robots":{"index":"index","follow":"follow","max-snippet":"max-snippet:-1","max-image-preview":"max-image-preview:large","max-video-preview":"max-video-preview:-1"},"canonical":"https:\/\/www.klocel.com\/nos-engagements\/","og_locale":"en_US","og_type":"article","og_title":"Nos engagements - KLOCEL - Les Experts de la Logistique de A \u00e0 Z","og_description":"D\u00e9couvrez nos actions responsables et durables en mati\u00e8re de RSE. Engagez-vous avec nous pour un impact positif sur l'environnement et la soci\u00e9t\u00e9.","og_url":"https:\/\/www.klocel.com\/nos-engagements\/","og_site_name":"KLOCEL - Les Experts de la Logistique de A \u00e0 Z","article_modified_time":"2024-02-01T09:35:24+00:00","twitter_card":"summary_large_image","twitter_misc":{"Est. reading time":"3 minutes"},"schema":{"@context":"https:\/\/schema.org","@graph":[{"@type":"WebPage","@id":"https:\/\/www.klocel.com\/nos-engagements\/","url":"https:\/\/www.klocel.com\/nos-engagements\/","name":"Nos engagements - KLOCEL - Les Experts de la Logistique de A \u00e0 Z","isPartOf":{"@id":"https:\/\/www.klocel.com\/#website"},"datePublished":"2024-01-23T16:23:53+00:00","dateModified":"2024-02-01T09:35:24+00:00","description":"D\u00e9couvrez nos actions responsables et durables en mati\u00e8re de RSE. Engagez-vous avec nous pour un impact positif sur l'environnement et la soci\u00e9t\u00e9.","breadcrumb":{"@id":"https:\/\/www.klocel.com\/nos-engagements\/#breadcrumb"},"inLanguage":"en-US","potentialAction":[{"@type":"ReadAction","target":["https:\/\/www.klocel.com\/nos-engagements\/"]}]},{"@type":"BreadcrumbList","@id":"https:\/\/www.klocel.com\/nos-engagements\/#breadcrumb","itemListElement":[{"@type":"ListItem","position":1,"name":"Accueil","item":"https:\/\/www.klocel.com\/"},{"@type":"ListItem","position":2,"name":"Nos engagements"}]},{"@type":"WebSite","@id":"https:\/\/www.klocel.com\/#website","url":"https:\/\/www.klocel.com\/","name":"KLOCEL - Les Experts de la Logistique de A \u00e0 Z","description":"","potentialAction":[{"@type":"SearchAction","target":{"@type":"EntryPoint","urlTemplate":"https:\/\/www.klocel.com\/?s={search_term_string}"},"query-input":{"@type":"PropertyValueSpecification","valueRequired":true,"valueName":"search_term_string"}}],"inLanguage":"en-US"}]}},"_links":{"self":[{"href":"http:\/\/13.39.176.64\/en\/wp-json\/wp\/v2\/pages\/7002","targetHints":{"allow":["GET"]}}],"collection":[{"href":"http:\/\/13.39.176.64\/en\/wp-json\/wp\/v2\/pages"}],"about":[{"href":"http:\/\/13.39.176.64\/en\/wp-json\/wp\/v2\/types\/page"}],"author":[{"embeddable":true,"href":"http:\/\/13.39.176.64\/en\/wp-json\/wp\/v2\/users\/1"}],"replies":[{"embeddable":true,"href":"http:\/\/13.39.176.64\/en\/wp-json\/wp\/v2\/comments?post=7002"}],"version-history":[{"count":56,"href":"http:\/\/13.39.176.64\/en\/wp-json\/wp\/v2\/pages\/7002\/revisions"}],"predecessor-version":[{"id":7300,"href":"http:\/\/13.39.176.64\/en\/wp-json\/wp\/v2\/pages\/7002\/revisions\/7300"}],"wp:attachment":[{"href":"http:\/\/13.39.176.64\/en\/wp-json\/wp\/v2\/media?parent=7002"}],"curies":[{"name":"wp","href":"https:\/\/api.w.org\/{rel}","templated":true}]}}