{"id":7062,"date":"2024-01-24T15:19:09","date_gmt":"2024-01-24T14:19:09","guid":{"rendered":"https:\/\/www.klocel.com\/?page_id=7062"},"modified":"2024-02-12T16:51:09","modified_gmt":"2024-02-12T15:51:09","slug":"nos-services","status":"publish","type":"page","link":"http:\/\/13.39.176.64\/en\/nos-services\/","title":{"rendered":"Our services"},"content":{"rendered":"<div class=\"vc-custom-col-spacing clearfix vc-col-spacing-30\"><section class=\"wpb_row vc_row-fluid row-content-position-Default\"><div class=\"logistix-container\"><div class=\"row-inner clearfix\"><div class=\"wpb_column vc_column_container vc_col-sm-12\"><div class=\"vc_column-inner\"><div class=\"wpb_wrapper\"><div class=\"logistix-single-heading clearfix text-center style-2\" style=\"\">\r\n\t\t<h2 class=\"heading\" style=\"margin-bottom: 0;font-size:50px;font-family:Open Sans;\"><span class=\"text\">Our services<\/span><span class=\"line\"><\/span><\/h2>\r\n\t<\/div>\r\n\t<div class=\"logistix-spacer clearfix\" data-desktop=\"40\" data-mobi=\"20\" data-smobi=\"20\"><\/div>\n\t<div class=\"wpb_text_column wpb_content_element\" >\n\t\t<div class=\"wpb_wrapper\">\n\t\t\t<p style=\"text-align: center;\"><strong>Find all of our services :\u00a0<\/strong><\/p>\n\n\t\t<\/div>\n\t<\/div>\n\r\n\t<div class=\"logistix-spacer clearfix\" data-desktop=\"80\" data-mobi=\"30\" data-smobi=\"30\"><\/div><\/div><\/div><\/div><\/div><\/div><\/section><\/div><div class=\"vc-custom-col-spacing clearfix vc-col-spacing-30\"><section class=\"wpb_row vc_row-fluid row-content-position-Default\"><div class=\"logistix-container\"><div class=\"row-inner clearfix\"><div class=\"wpb_column vc_column_container vc_col-sm-4\"><div class=\"vc_column-inner\"><div class=\"wpb_wrapper\">\n\t<div  class=\"wpb_single_image wpb_content_element vc_align_center\">\n\t\t\n\t\t<figure class=\"wpb_wrapper vc_figure\">\n\t\t\t<a href=\"https:\/\/www.klocel.com\/services\/audit-conseil\/\" target=\"_blank\" class=\"vc_single_image-wrapper   vc_box_border_grey\"><img loading=\"lazy\" decoding=\"async\" width=\"300\" height=\"300\" src=\"http:\/\/13.39.176.64\/wp-content\/uploads\/2024\/01\/1-300x300.webp\" class=\"vc_single_image-img attachment-medium\" alt=\"Audit &amp; Conseil fait parti des services que r\u00e9alise Klocel\" title=\"1\" srcset=\"http:\/\/13.39.176.64\/wp-content\/uploads\/2024\/01\/1-300x300.webp 300w, http:\/\/13.39.176.64\/wp-content\/uploads\/2024\/01\/1-1024x1024.webp 1024w, http:\/\/13.39.176.64\/wp-content\/uploads\/2024\/01\/1-150x150.webp 150w, http:\/\/13.39.176.64\/wp-content\/uploads\/2024\/01\/1-768x768.webp 768w, http:\/\/13.39.176.64\/wp-content\/uploads\/2024\/01\/1-1536x1536.webp 1536w, http:\/\/13.39.176.64\/wp-content\/uploads\/2024\/01\/1-12x12.webp 12w, http:\/\/13.39.176.64\/wp-content\/uploads\/2024\/01\/1-600x600.webp 600w, http:\/\/13.39.176.64\/wp-content\/uploads\/2024\/01\/1-400x400.webp 400w, http:\/\/13.39.176.64\/wp-content\/uploads\/2024\/01\/1-870x870.webp 870w, http:\/\/13.39.176.64\/wp-content\/uploads\/2024\/01\/1-480x480.webp 480w, http:\/\/13.39.176.64\/wp-content\/uploads\/2024\/01\/1.webp 1654w\" sizes=\"auto, (max-width: 300px) 100vw, 300px\" \/><\/a>\n\t\t<\/figure>\n\t<\/div>\n<\/div><\/div><\/div><div class=\"wpb_column vc_column_container vc_col-sm-4\"><div class=\"vc_column-inner\"><div class=\"wpb_wrapper\">\n\t<div  class=\"wpb_single_image wpb_content_element vc_align_center\">\n\t\t\n\t\t<figure class=\"wpb_wrapper vc_figure\">\n\t\t\t<a href=\"https:\/\/www.klocel.com\/services\/logistique\/\" target=\"_blank\" class=\"vc_single_image-wrapper   vc_box_border_grey\"><img loading=\"lazy\" decoding=\"async\" width=\"300\" height=\"300\" src=\"http:\/\/13.39.176.64\/wp-content\/uploads\/2024\/01\/2-300x300.webp\" class=\"vc_single_image-img attachment-medium\" alt=\"Les services Logistique effectu\u00e9s par Klocel\" title=\"2\" srcset=\"http:\/\/13.39.176.64\/wp-content\/uploads\/2024\/01\/2-300x300.webp 300w, http:\/\/13.39.176.64\/wp-content\/uploads\/2024\/01\/2-1024x1024.webp 1024w, http:\/\/13.39.176.64\/wp-content\/uploads\/2024\/01\/2-150x150.webp 150w, http:\/\/13.39.176.64\/wp-content\/uploads\/2024\/01\/2-768x768.webp 768w, http:\/\/13.39.176.64\/wp-content\/uploads\/2024\/01\/2-1536x1536.webp 1536w, http:\/\/13.39.176.64\/wp-content\/uploads\/2024\/01\/2-12x12.webp 12w, http:\/\/13.39.176.64\/wp-content\/uploads\/2024\/01\/2-600x600.webp 600w, http:\/\/13.39.176.64\/wp-content\/uploads\/2024\/01\/2-400x400.webp 400w, http:\/\/13.39.176.64\/wp-content\/uploads\/2024\/01\/2-870x870.webp 870w, http:\/\/13.39.176.64\/wp-content\/uploads\/2024\/01\/2-480x480.webp 480w, http:\/\/13.39.176.64\/wp-content\/uploads\/2024\/01\/2.webp 1654w\" sizes=\"auto, (max-width: 300px) 100vw, 300px\" \/><\/a>\n\t\t<\/figure>\n\t<\/div>\n<\/div><\/div><\/div><div class=\"wpb_column vc_column_container vc_col-sm-4\"><div class=\"vc_column-inner\"><div class=\"wpb_wrapper\">\n\t<div  class=\"wpb_single_image wpb_content_element vc_align_center\">\n\t\t\n\t\t<figure class=\"wpb_wrapper vc_figure\">\n\t\t\t<a href=\"https:\/\/www.klocel.com\/conception-et-creation\/\" target=\"_blank\" class=\"vc_single_image-wrapper   vc_box_border_grey\"><img loading=\"lazy\" decoding=\"async\" width=\"300\" height=\"300\" src=\"http:\/\/13.39.176.64\/wp-content\/uploads\/2024\/01\/3-300x300.webp\" class=\"vc_single_image-img attachment-medium\" alt=\"Les services de Conception et Cr\u00e9ation effectu\u00e9s par Klocel\" title=\"3\" srcset=\"http:\/\/13.39.176.64\/wp-content\/uploads\/2024\/01\/3-300x300.webp 300w, http:\/\/13.39.176.64\/wp-content\/uploads\/2024\/01\/3-1024x1024.webp 1024w, http:\/\/13.39.176.64\/wp-content\/uploads\/2024\/01\/3-150x150.webp 150w, http:\/\/13.39.176.64\/wp-content\/uploads\/2024\/01\/3-768x768.webp 768w, http:\/\/13.39.176.64\/wp-content\/uploads\/2024\/01\/3-1536x1536.webp 1536w, http:\/\/13.39.176.64\/wp-content\/uploads\/2024\/01\/3-12x12.webp 12w, http:\/\/13.39.176.64\/wp-content\/uploads\/2024\/01\/3-600x600.webp 600w, http:\/\/13.39.176.64\/wp-content\/uploads\/2024\/01\/3-400x400.webp 400w, http:\/\/13.39.176.64\/wp-content\/uploads\/2024\/01\/3-870x870.webp 870w, http:\/\/13.39.176.64\/wp-content\/uploads\/2024\/01\/3-480x480.webp 480w, http:\/\/13.39.176.64\/wp-content\/uploads\/2024\/01\/3.webp 1654w\" sizes=\"auto, (max-width: 300px) 100vw, 300px\" \/><\/a>\n\t\t<\/figure>\n\t<\/div>\n<\/div><\/div><\/div><\/div><\/div><\/section><\/div><div class=\"vc-custom-col-spacing clearfix vc-col-spacing-30\"><section class=\"wpb_row vc_row-fluid row-content-position-Default\"><div class=\"logistix-container\"><div class=\"row-inner clearfix\"><div class=\"wpb_column vc_column_container vc_col-sm-12\"><div class=\"vc_column-inner\"><div class=\"wpb_wrapper\">\r\n\t<div class=\"logistix-spacer clearfix\" data-desktop=\"80\" data-mobi=\"30\" data-smobi=\"30\"><\/div><div class=\"vc_btn3-container  wpb_animate_when_almost_visible wpb_fadeIn fadeIn vc_btn3-center\" ><a style=\"background-color:#f9c834; color:#0a0a0a;\" class=\"vc_general vc_btn3 vc_btn3-size-lg vc_btn3-shape-square vc_btn3-style-custom\" href=\"https:\/\/www.klocel.com\/home-page\/contact\/\" title=\"\" target=\"_blank\">Contact Us<\/a><\/div><\/div><\/div><\/div><\/div><\/div><\/section><\/div>","protected":false},"excerpt":{"rendered":"Nos services Retrouvez l'ensemble de nos services :\u00a0 Nous contacter","protected":false},"author":1,"featured_media":0,"parent":0,"menu_order":0,"comment_status":"closed","ping_status":"closed","template":"","meta":{"om_disable_all_campaigns":false,"_monsterinsights_skip_tracking":false,"_monsterinsights_sitenote_active":false,"_monsterinsights_sitenote_note":"","_monsterinsights_sitenote_category":0,"footnotes":""},"class_list":["post-7062","page","type-page","status-publish","hentry"],"yoast_head":"<!-- This site is optimized with the Yoast SEO plugin v25.9 - https:\/\/yoast.com\/wordpress\/plugins\/seo\/ -->\n<title>Nos services - KLOCEL - Les Experts de la Logistique de A \u00e0 Z<\/title>\n<meta name=\"description\" content=\"D\u00e9couvrez nos services sp\u00e9cialis\u00e9s en Logistique. Experts dans ces domaines, nous vous offrons des solutions sur-mesure.\" \/>\n<meta name=\"robots\" content=\"index, follow, max-snippet:-1, max-image-preview:large, max-video-preview:-1\" \/>\n<link rel=\"canonical\" href=\"https:\/\/www.klocel.com\/en\/nos-services\/\" \/>\n<meta property=\"og:locale\" content=\"en_US\" \/>\n<meta property=\"og:type\" content=\"article\" \/>\n<meta property=\"og:title\" content=\"Nos services - KLOCEL - Les Experts de la Logistique de A \u00e0 Z\" \/>\n<meta property=\"og:description\" content=\"D\u00e9couvrez nos services sp\u00e9cialis\u00e9s en Logistique. Experts dans ces domaines, nous vous offrons des solutions sur-mesure.\" \/>\n<meta property=\"og:url\" content=\"https:\/\/www.klocel.com\/en\/nos-services\/\" \/>\n<meta property=\"og:site_name\" content=\"KLOCEL - Les Experts de la Logistique de A \u00e0 Z\" \/>\n<meta property=\"article:modified_time\" content=\"2024-02-12T15:51:09+00:00\" \/>\n<meta name=\"twitter:card\" content=\"summary_large_image\" \/>\n<meta name=\"twitter:label1\" content=\"Est. reading time\" \/>\n\t<meta name=\"twitter:data1\" content=\"1 minute\" \/>\n<script type=\"application\/ld+json\" class=\"yoast-schema-graph\">{\"@context\":\"https:\/\/schema.org\",\"@graph\":[{\"@type\":\"WebPage\",\"@id\":\"https:\/\/www.klocel.com\/en\/nos-services\/\",\"url\":\"https:\/\/www.klocel.com\/en\/nos-services\/\",\"name\":\"Nos services - KLOCEL - Les Experts de la Logistique de A \u00e0 Z\",\"isPartOf\":{\"@id\":\"https:\/\/www.klocel.com\/#website\"},\"datePublished\":\"2024-01-24T14:19:09+00:00\",\"dateModified\":\"2024-02-12T15:51:09+00:00\",\"description\":\"D\u00e9couvrez nos services sp\u00e9cialis\u00e9s en Logistique. Experts dans ces domaines, nous vous offrons des solutions sur-mesure.\",\"breadcrumb\":{\"@id\":\"https:\/\/www.klocel.com\/en\/nos-services\/#breadcrumb\"},\"inLanguage\":\"en-US\",\"potentialAction\":[{\"@type\":\"ReadAction\",\"target\":[\"https:\/\/www.klocel.com\/en\/nos-services\/\"]}]},{\"@type\":\"BreadcrumbList\",\"@id\":\"https:\/\/www.klocel.com\/en\/nos-services\/#breadcrumb\",\"itemListElement\":[{\"@type\":\"ListItem\",\"position\":1,\"name\":\"Accueil\",\"item\":\"https:\/\/www.klocel.com\/\"},{\"@type\":\"ListItem\",\"position\":2,\"name\":\"Nos services\"}]},{\"@type\":\"WebSite\",\"@id\":\"https:\/\/www.klocel.com\/#website\",\"url\":\"https:\/\/www.klocel.com\/\",\"name\":\"KLOCEL - Les Experts de la Logistique de A \u00e0 Z\",\"description\":\"\",\"potentialAction\":[{\"@type\":\"SearchAction\",\"target\":{\"@type\":\"EntryPoint\",\"urlTemplate\":\"https:\/\/www.klocel.com\/?s={search_term_string}\"},\"query-input\":{\"@type\":\"PropertyValueSpecification\",\"valueRequired\":true,\"valueName\":\"search_term_string\"}}],\"inLanguage\":\"en-US\"}]}<\/script>\n<!-- \/ Yoast SEO plugin. -->","yoast_head_json":{"title":"Nos services - KLOCEL - Les Experts de la Logistique de A \u00e0 Z","description":"D\u00e9couvrez nos services sp\u00e9cialis\u00e9s en Logistique. Experts dans ces domaines, nous vous offrons des solutions sur-mesure.","robots":{"index":"index","follow":"follow","max-snippet":"max-snippet:-1","max-image-preview":"max-image-preview:large","max-video-preview":"max-video-preview:-1"},"canonical":"https:\/\/www.klocel.com\/en\/nos-services\/","og_locale":"en_US","og_type":"article","og_title":"Nos services - KLOCEL - Les Experts de la Logistique de A \u00e0 Z","og_description":"D\u00e9couvrez nos services sp\u00e9cialis\u00e9s en Logistique. Experts dans ces domaines, nous vous offrons des solutions sur-mesure.","og_url":"https:\/\/www.klocel.com\/en\/nos-services\/","og_site_name":"KLOCEL - Les Experts de la Logistique de A \u00e0 Z","article_modified_time":"2024-02-12T15:51:09+00:00","twitter_card":"summary_large_image","twitter_misc":{"Est. reading time":"1 minute"},"schema":{"@context":"https:\/\/schema.org","@graph":[{"@type":"WebPage","@id":"https:\/\/www.klocel.com\/en\/nos-services\/","url":"https:\/\/www.klocel.com\/en\/nos-services\/","name":"Nos services - KLOCEL - Les Experts de la Logistique de A \u00e0 Z","isPartOf":{"@id":"https:\/\/www.klocel.com\/#website"},"datePublished":"2024-01-24T14:19:09+00:00","dateModified":"2024-02-12T15:51:09+00:00","description":"D\u00e9couvrez nos services sp\u00e9cialis\u00e9s en Logistique. Experts dans ces domaines, nous vous offrons des solutions sur-mesure.","breadcrumb":{"@id":"https:\/\/www.klocel.com\/en\/nos-services\/#breadcrumb"},"inLanguage":"en-US","potentialAction":[{"@type":"ReadAction","target":["https:\/\/www.klocel.com\/en\/nos-services\/"]}]},{"@type":"BreadcrumbList","@id":"https:\/\/www.klocel.com\/en\/nos-services\/#breadcrumb","itemListElement":[{"@type":"ListItem","position":1,"name":"Accueil","item":"https:\/\/www.klocel.com\/"},{"@type":"ListItem","position":2,"name":"Nos services"}]},{"@type":"WebSite","@id":"https:\/\/www.klocel.com\/#website","url":"https:\/\/www.klocel.com\/","name":"KLOCEL - Les Experts de la Logistique de A \u00e0 Z","description":"","potentialAction":[{"@type":"SearchAction","target":{"@type":"EntryPoint","urlTemplate":"https:\/\/www.klocel.com\/?s={search_term_string}"},"query-input":{"@type":"PropertyValueSpecification","valueRequired":true,"valueName":"search_term_string"}}],"inLanguage":"en-US"}]}},"_links":{"self":[{"href":"http:\/\/13.39.176.64\/en\/wp-json\/wp\/v2\/pages\/7062","targetHints":{"allow":["GET"]}}],"collection":[{"href":"http:\/\/13.39.176.64\/en\/wp-json\/wp\/v2\/pages"}],"about":[{"href":"http:\/\/13.39.176.64\/en\/wp-json\/wp\/v2\/types\/page"}],"author":[{"embeddable":true,"href":"http:\/\/13.39.176.64\/en\/wp-json\/wp\/v2\/users\/1"}],"replies":[{"embeddable":true,"href":"http:\/\/13.39.176.64\/en\/wp-json\/wp\/v2\/comments?post=7062"}],"version-history":[{"count":11,"href":"http:\/\/13.39.176.64\/en\/wp-json\/wp\/v2\/pages\/7062\/revisions"}],"predecessor-version":[{"id":7333,"href":"http:\/\/13.39.176.64\/en\/wp-json\/wp\/v2\/pages\/7062\/revisions\/7333"}],"wp:attachment":[{"href":"http:\/\/13.39.176.64\/en\/wp-json\/wp\/v2\/media?parent=7062"}],"curies":[{"name":"wp","href":"https:\/\/api.w.org\/{rel}","templated":true}]}}