{"id":7078,"date":"2024-01-24T16:04:49","date_gmt":"2024-01-24T15:04:49","guid":{"rendered":"https:\/\/www.klocel.com\/?page_id=7078"},"modified":"2024-02-01T11:40:41","modified_gmt":"2024-02-01T10:40:41","slug":"conception-et-creation","status":"publish","type":"page","link":"http:\/\/13.39.176.64\/en\/conception-et-creation\/","title":{"rendered":"Design &amp; Creation"},"content":{"rendered":"<div class=\"vc-custom-col-spacing clearfix vc-col-spacing-30\"><section class=\"wpb_row vc_row-fluid row-content-position-Default\"><div class=\"logistix-container\"><div class=\"row-inner clearfix\"><div class=\"wpb_column vc_column_container vc_col-sm-12\"><div class=\"vc_column-inner\"><div class=\"wpb_wrapper\"><div class=\"logistix-single-heading clearfix text-center style-2\" style=\"\">\r\n\t\t<h2 class=\"heading\" style=\"margin-bottom: 0;font-size:50px;font-family:Open Sans;\"><span class=\"text\">Design &amp; Creation<\/span><span class=\"line\"><\/span><\/h2>\r\n\t<\/div>\r\n\t<div class=\"logistix-spacer clearfix\" data-desktop=\"40\" data-mobi=\"20\" data-smobi=\"20\"><\/div>\n\t<div class=\"wpb_text_column wpb_content_element\" >\n\t\t<div class=\"wpb_wrapper\">\n\t\t\t<p style=\"text-align: center;\"><strong>Do you have a request regarding an additional application linked to your WMS?<\/strong><\/p>\n\n\t\t<\/div>\n\t<\/div>\n\r\n\t<div class=\"logistix-spacer clearfix\" data-desktop=\"80\" data-mobi=\"30\" data-smobi=\"30\"><\/div><\/div><\/div><\/div><\/div><\/div><\/section><\/div><div class=\"vc-custom-col-spacing clearfix vc-col-spacing-30\"><section class=\"wpb_row vc_row-fluid row-content-position-Default\"><div class=\"logistix-container\"><div class=\"row-inner clearfix\"><div class=\"wpb_column vc_column_container vc_col-sm-6\"><div class=\"vc_column-inner\"><div class=\"wpb_wrapper\">\n\t<div  class=\"wpb_single_image wpb_content_element vc_align_center\">\n\t\t\n\t\t<figure class=\"wpb_wrapper vc_figure\">\n\t\t\t<div class=\"vc_single_image-wrapper   vc_box_border_grey\"><img loading=\"lazy\" decoding=\"async\" width=\"1024\" height=\"724\" src=\"http:\/\/13.39.176.64\/wp-content\/uploads\/2024\/01\/Conception-_-Creation-1024x724.webp\" class=\"vc_single_image-img attachment-large\" alt=\"Klocel vous propose de concevoir une application annexe li\u00e9e \u00e0 votre WMS en cas de besoin.\" title=\"Conception-_-Cre\u0301ation\" srcset=\"http:\/\/13.39.176.64\/wp-content\/uploads\/2024\/01\/Conception-_-Creation-1024x724.webp 1024w, http:\/\/13.39.176.64\/wp-content\/uploads\/2024\/01\/Conception-_-Creation-300x212.webp 300w, http:\/\/13.39.176.64\/wp-content\/uploads\/2024\/01\/Conception-_-Creation-768x543.webp 768w, http:\/\/13.39.176.64\/wp-content\/uploads\/2024\/01\/Conception-_-Creation-1536x1086.webp 1536w, http:\/\/13.39.176.64\/wp-content\/uploads\/2024\/01\/Conception-_-Creation-18x12.webp 18w, http:\/\/13.39.176.64\/wp-content\/uploads\/2024\/01\/Conception-_-Creation-870x615.webp 870w, http:\/\/13.39.176.64\/wp-content\/uploads\/2024\/01\/Conception-_-Creation-600x424.webp 600w, http:\/\/13.39.176.64\/wp-content\/uploads\/2024\/01\/Conception-_-Creation-480x339.webp 480w, http:\/\/13.39.176.64\/wp-content\/uploads\/2024\/01\/Conception-_-Creation.webp 2000w\" sizes=\"auto, (max-width: 1024px) 100vw, 1024px\" \/><\/div>\n\t\t<\/figure>\n\t<\/div>\n<\/div><\/div><\/div><div class=\"wpb_column vc_column_container vc_col-sm-6\"><div class=\"vc_column-inner\"><div class=\"wpb_wrapper\">\r\n\t<div class=\"logistix-spacer clearfix\" data-desktop=\"120\" data-mobi=\"50\" data-smobi=\"50\"><\/div>\n\t<div class=\"wpb_text_column wpb_content_element\" >\n\t\t<div class=\"wpb_wrapper\">\n\t\t\t<p style=\"text-align: center;\"><strong>Don't hesitate to <a href=\"https:\/\/www.klocel.com\/home-page\/contact\/\">contact us<\/a> to discuss it in more detail with our teams who are ready to guide you and advise you in developing your ideas.<\/strong><\/p>\n\n\t\t<\/div>\n\t<\/div>\n\r\n\t<div class=\"logistix-spacer clearfix\" data-desktop=\"50\" data-mobi=\"20\" data-smobi=\"20\"><\/div><div class=\"vc_btn3-container vc_btn3-center\" ><a style=\"background-color:#f9c834; color:#0a0a0a;\" class=\"vc_general vc_btn3 vc_btn3-size-lg vc_btn3-shape-square vc_btn3-style-custom\" href=\"https:\/\/www.klocel.com\/home-page\/contact\/\" title=\"\" target=\"_blank\">Contact Us<\/a><\/div><\/div><\/div><\/div><\/div><\/div><\/section><\/div>","protected":false},"excerpt":{"rendered":"Conception &amp; Cr\u00e9ation Vous avez une demande concernant une application annexe li\u00e9e \u00e0 votre WMS ? N'h\u00e9sitez pas \u00e0 nous contacter pour en parler plus en d\u00e9tails avec nos \u00e9quipes qui sont pr\u00eates \u00e0 vous guider et \u00e0 vous conseiller dans l'\u00e9laboration de vos id\u00e9es. Nous contacter","protected":false},"author":1,"featured_media":0,"parent":0,"menu_order":0,"comment_status":"closed","ping_status":"closed","template":"","meta":{"om_disable_all_campaigns":false,"_monsterinsights_skip_tracking":false,"_monsterinsights_sitenote_active":false,"_monsterinsights_sitenote_note":"","_monsterinsights_sitenote_category":0,"footnotes":""},"class_list":["post-7078","page","type-page","status-publish","hentry"],"yoast_head":"<!-- This site is optimized with the Yoast SEO plugin v25.9 - https:\/\/yoast.com\/wordpress\/plugins\/seo\/ -->\n<title>Conception et cr\u00e9ation - KLOCEL - Les Experts de la Logistique de A \u00e0 Z<\/title>\n<meta name=\"description\" content=\"Klocel : Experts en conception et cr\u00e9ation. Transformez vos id\u00e9es en r\u00e9alit\u00e9 avec notre savoir-faire innovant. D\u00e9couvrez nos services d\u00e8s maintenant!\" \/>\n<meta name=\"robots\" content=\"index, follow, max-snippet:-1, max-image-preview:large, max-video-preview:-1\" \/>\n<link rel=\"canonical\" href=\"https:\/\/www.klocel.com\/conception-et-creation\/\" \/>\n<meta property=\"og:locale\" content=\"en_US\" \/>\n<meta property=\"og:type\" content=\"article\" \/>\n<meta property=\"og:title\" content=\"Conception et cr\u00e9ation - KLOCEL - Les Experts de la Logistique de A \u00e0 Z\" \/>\n<meta property=\"og:description\" content=\"Klocel : Experts en conception et cr\u00e9ation. Transformez vos id\u00e9es en r\u00e9alit\u00e9 avec notre savoir-faire innovant. D\u00e9couvrez nos services d\u00e8s maintenant!\" \/>\n<meta property=\"og:url\" content=\"https:\/\/www.klocel.com\/conception-et-creation\/\" \/>\n<meta property=\"og:site_name\" content=\"KLOCEL - Les Experts de la Logistique de A \u00e0 Z\" \/>\n<meta property=\"article:modified_time\" content=\"2024-02-01T10:40:41+00:00\" \/>\n<meta name=\"twitter:card\" content=\"summary_large_image\" \/>\n<meta name=\"twitter:label1\" content=\"Est. reading time\" \/>\n\t<meta name=\"twitter:data1\" content=\"1 minute\" \/>\n<script type=\"application\/ld+json\" class=\"yoast-schema-graph\">{\"@context\":\"https:\/\/schema.org\",\"@graph\":[{\"@type\":\"WebPage\",\"@id\":\"https:\/\/www.klocel.com\/conception-et-creation\/\",\"url\":\"https:\/\/www.klocel.com\/conception-et-creation\/\",\"name\":\"Conception et cr\u00e9ation - KLOCEL - Les Experts de la Logistique de A \u00e0 Z\",\"isPartOf\":{\"@id\":\"https:\/\/www.klocel.com\/#website\"},\"datePublished\":\"2024-01-24T15:04:49+00:00\",\"dateModified\":\"2024-02-01T10:40:41+00:00\",\"description\":\"Klocel : Experts en conception et cr\u00e9ation. Transformez vos id\u00e9es en r\u00e9alit\u00e9 avec notre savoir-faire innovant. D\u00e9couvrez nos services d\u00e8s maintenant!\",\"breadcrumb\":{\"@id\":\"https:\/\/www.klocel.com\/conception-et-creation\/#breadcrumb\"},\"inLanguage\":\"en-US\",\"potentialAction\":[{\"@type\":\"ReadAction\",\"target\":[\"https:\/\/www.klocel.com\/conception-et-creation\/\"]}]},{\"@type\":\"BreadcrumbList\",\"@id\":\"https:\/\/www.klocel.com\/conception-et-creation\/#breadcrumb\",\"itemListElement\":[{\"@type\":\"ListItem\",\"position\":1,\"name\":\"Accueil\",\"item\":\"https:\/\/www.klocel.com\/\"},{\"@type\":\"ListItem\",\"position\":2,\"name\":\"Conception et cr\u00e9ation\"}]},{\"@type\":\"WebSite\",\"@id\":\"https:\/\/www.klocel.com\/#website\",\"url\":\"https:\/\/www.klocel.com\/\",\"name\":\"KLOCEL - Les Experts de la Logistique de A \u00e0 Z\",\"description\":\"\",\"potentialAction\":[{\"@type\":\"SearchAction\",\"target\":{\"@type\":\"EntryPoint\",\"urlTemplate\":\"https:\/\/www.klocel.com\/?s={search_term_string}\"},\"query-input\":{\"@type\":\"PropertyValueSpecification\",\"valueRequired\":true,\"valueName\":\"search_term_string\"}}],\"inLanguage\":\"en-US\"}]}<\/script>\n<!-- \/ Yoast SEO plugin. -->","yoast_head_json":{"title":"Conception et cr\u00e9ation - KLOCEL - Les Experts de la Logistique de A \u00e0 Z","description":"Klocel : Experts en conception et cr\u00e9ation. Transformez vos id\u00e9es en r\u00e9alit\u00e9 avec notre savoir-faire innovant. D\u00e9couvrez nos services d\u00e8s maintenant!","robots":{"index":"index","follow":"follow","max-snippet":"max-snippet:-1","max-image-preview":"max-image-preview:large","max-video-preview":"max-video-preview:-1"},"canonical":"https:\/\/www.klocel.com\/conception-et-creation\/","og_locale":"en_US","og_type":"article","og_title":"Conception et cr\u00e9ation - KLOCEL - Les Experts de la Logistique de A \u00e0 Z","og_description":"Klocel : Experts en conception et cr\u00e9ation. Transformez vos id\u00e9es en r\u00e9alit\u00e9 avec notre savoir-faire innovant. D\u00e9couvrez nos services d\u00e8s maintenant!","og_url":"https:\/\/www.klocel.com\/conception-et-creation\/","og_site_name":"KLOCEL - Les Experts de la Logistique de A \u00e0 Z","article_modified_time":"2024-02-01T10:40:41+00:00","twitter_card":"summary_large_image","twitter_misc":{"Est. reading time":"1 minute"},"schema":{"@context":"https:\/\/schema.org","@graph":[{"@type":"WebPage","@id":"https:\/\/www.klocel.com\/conception-et-creation\/","url":"https:\/\/www.klocel.com\/conception-et-creation\/","name":"Conception et cr\u00e9ation - KLOCEL - Les Experts de la Logistique de A \u00e0 Z","isPartOf":{"@id":"https:\/\/www.klocel.com\/#website"},"datePublished":"2024-01-24T15:04:49+00:00","dateModified":"2024-02-01T10:40:41+00:00","description":"Klocel : Experts en conception et cr\u00e9ation. Transformez vos id\u00e9es en r\u00e9alit\u00e9 avec notre savoir-faire innovant. D\u00e9couvrez nos services d\u00e8s maintenant!","breadcrumb":{"@id":"https:\/\/www.klocel.com\/conception-et-creation\/#breadcrumb"},"inLanguage":"en-US","potentialAction":[{"@type":"ReadAction","target":["https:\/\/www.klocel.com\/conception-et-creation\/"]}]},{"@type":"BreadcrumbList","@id":"https:\/\/www.klocel.com\/conception-et-creation\/#breadcrumb","itemListElement":[{"@type":"ListItem","position":1,"name":"Accueil","item":"https:\/\/www.klocel.com\/"},{"@type":"ListItem","position":2,"name":"Conception et cr\u00e9ation"}]},{"@type":"WebSite","@id":"https:\/\/www.klocel.com\/#website","url":"https:\/\/www.klocel.com\/","name":"KLOCEL - Les Experts de la Logistique de A \u00e0 Z","description":"","potentialAction":[{"@type":"SearchAction","target":{"@type":"EntryPoint","urlTemplate":"https:\/\/www.klocel.com\/?s={search_term_string}"},"query-input":{"@type":"PropertyValueSpecification","valueRequired":true,"valueName":"search_term_string"}}],"inLanguage":"en-US"}]}},"_links":{"self":[{"href":"http:\/\/13.39.176.64\/en\/wp-json\/wp\/v2\/pages\/7078","targetHints":{"allow":["GET"]}}],"collection":[{"href":"http:\/\/13.39.176.64\/en\/wp-json\/wp\/v2\/pages"}],"about":[{"href":"http:\/\/13.39.176.64\/en\/wp-json\/wp\/v2\/types\/page"}],"author":[{"embeddable":true,"href":"http:\/\/13.39.176.64\/en\/wp-json\/wp\/v2\/users\/1"}],"replies":[{"embeddable":true,"href":"http:\/\/13.39.176.64\/en\/wp-json\/wp\/v2\/comments?post=7078"}],"version-history":[{"count":13,"href":"http:\/\/13.39.176.64\/en\/wp-json\/wp\/v2\/pages\/7078\/revisions"}],"predecessor-version":[{"id":7093,"href":"http:\/\/13.39.176.64\/en\/wp-json\/wp\/v2\/pages\/7078\/revisions\/7093"}],"wp:attachment":[{"href":"http:\/\/13.39.176.64\/en\/wp-json\/wp\/v2\/media?parent=7078"}],"curies":[{"name":"wp","href":"https:\/\/api.w.org\/{rel}","templated":true}]}}