{"id":7094,"date":"2024-01-25T14:00:40","date_gmt":"2024-01-25T13:00:40","guid":{"rendered":"https:\/\/www.klocel.com\/?page_id=7094"},"modified":"2024-01-26T17:21:07","modified_gmt":"2024-01-26T16:21:07","slug":"audit-conseil","status":"publish","type":"page","link":"http:\/\/13.39.176.64\/en\/audit-conseil\/","title":{"rendered":"Audit &amp; Consulting"},"content":{"rendered":"<div class=\"vc-custom-col-spacing clearfix vc-col-spacing-30\"><section class=\"wpb_row vc_row-fluid row-content-position-Default\"><div class=\"logistix-container\"><div class=\"row-inner clearfix\"><div class=\"wpb_column vc_column_container vc_col-sm-12\"><div class=\"vc_column-inner\"><div class=\"wpb_wrapper\"><div class=\"logistix-single-heading clearfix text-center style-2\" style=\"\">\r\n\t\t<h2 class=\"heading\" style=\"margin-bottom: 0;font-size:50px;font-family:Open Sans;\"><span class=\"text\">Audit &amp; Consulting<\/span><span class=\"line\"><\/span><\/h2>\r\n\t<\/div>\r\n\t<div class=\"logistix-spacer clearfix\" data-desktop=\"40\" data-mobi=\"20\" data-smobi=\"20\"><\/div>\n\t<div class=\"wpb_text_column wpb_content_element\" >\n\t\t<div class=\"wpb_wrapper\">\n\t\t\t<p style=\"text-align: center;\"><strong>We support you in the choices adapted to the operation and means of your activity in order to find THE best strategy to create and\/or improve your IT tools.\u00a0<\/strong><\/p>\n\n\t\t<\/div>\n\t<\/div>\n\r\n\t<div class=\"logistix-spacer clearfix\" data-desktop=\"40\" data-mobi=\"20\" data-smobi=\"20\"><\/div>\n\t<div  class=\"wpb_single_image wpb_content_element vc_align_center  wpb_animate_when_almost_visible wpb_fadeIn fadeIn\">\n\t\t\n\t\t<figure class=\"wpb_wrapper vc_figure\">\n\t\t\t<div class=\"vc_single_image-wrapper   vc_box_border_grey\"><img loading=\"lazy\" decoding=\"async\" width=\"300\" height=\"212\" src=\"http:\/\/13.39.176.64\/wp-content\/uploads\/2024\/01\/Audit-et-Conseil-HomePage-300x212.webp\" class=\"vc_single_image-img attachment-medium\" alt=\"Klocel vous propose ses services d&#039;Audit et de Conseil pour vous aider dans la gestion de votre entrep\u00f4t.\" title=\"Audit et Conseil By Klocel\" srcset=\"http:\/\/13.39.176.64\/wp-content\/uploads\/2024\/01\/Audit-et-Conseil-HomePage-300x212.webp 300w, http:\/\/13.39.176.64\/wp-content\/uploads\/2024\/01\/Audit-et-Conseil-HomePage-1024x724.webp 1024w, http:\/\/13.39.176.64\/wp-content\/uploads\/2024\/01\/Audit-et-Conseil-HomePage-768x543.webp 768w, http:\/\/13.39.176.64\/wp-content\/uploads\/2024\/01\/Audit-et-Conseil-HomePage-1536x1086.webp 1536w, http:\/\/13.39.176.64\/wp-content\/uploads\/2024\/01\/Audit-et-Conseil-HomePage-18x12.webp 18w, http:\/\/13.39.176.64\/wp-content\/uploads\/2024\/01\/Audit-et-Conseil-HomePage-870x615.webp 870w, http:\/\/13.39.176.64\/wp-content\/uploads\/2024\/01\/Audit-et-Conseil-HomePage-600x424.webp 600w, http:\/\/13.39.176.64\/wp-content\/uploads\/2024\/01\/Audit-et-Conseil-HomePage-480x339.webp 480w, http:\/\/13.39.176.64\/wp-content\/uploads\/2024\/01\/Audit-et-Conseil-HomePage.webp 2000w\" sizes=\"auto, (max-width: 300px) 100vw, 300px\" \/><\/div>\n\t\t<\/figure>\n\t<\/div>\n\r\n\t<div class=\"logistix-spacer clearfix\" data-desktop=\"40\" data-mobi=\"20\" data-smobi=\"20\"><\/div><\/div><\/div><\/div><\/div><\/div><\/section><\/div><div class=\"vc-custom-col-spacing clearfix vc-col-spacing-30\"><section class=\"wpb_row vc_row-fluid vc_custom_1706180057272 vc_row-has-fill row-content-position-Default\"><div class=\"logistix-container\"><div class=\"row-inner clearfix\"><div class=\"wpb_column vc_column_container vc_col-sm-6\"><div class=\"vc_column-inner\"><div class=\"wpb_wrapper\">\r\n\t<div class=\"logistix-spacer clearfix\" data-desktop=\"40\" data-mobi=\"20\" data-smobi=\"20\"><\/div><div class=\"logistix-icon-box clearfix icon-top w80 accent-bg align-center rounded-100 has-width\"><div class=\"icon-wrap\" style=\"font-size:28px;\">\r\n\t\t\t\t<i class=\"logistixs-call-center-man\"><\/i>\r\n\t\t\t<\/div> <h3 class=\"heading style-1\" style=\"color:#f9c834;font-size:30px;font-family:Open Sans;\">\r\n\t\t<a target=\"_blank\" href=\"\">\r\n\t\t\t<span style=\"\">Responsive hotline service<\/span>\r\n\t\t<\/a>\r\n\t<\/h3><p class=\"desc\" style=\"color:#ffffff;font-family:Montserrat;\">\r\n\t\t<span>Our Hotline provides effective follow-up and takes care of meeting your needs in the event of a problem or a future development.<\/span>\r\n\t<\/p><\/div>\r\n\t<div class=\"logistix-spacer clearfix\" data-desktop=\"40\" data-mobi=\"20\" data-smobi=\"20\"><\/div><\/div><\/div><\/div><div class=\"wpb_column vc_column_container vc_col-sm-6\"><div class=\"vc_column-inner\"><div class=\"wpb_wrapper\">\r\n\t<div class=\"logistix-spacer clearfix\" data-desktop=\"40\" data-mobi=\"20\" data-smobi=\"20\"><\/div><div class=\"logistix-icon-box clearfix icon-top w80 accent-bg align-center rounded-100 has-width\"><div class=\"icon-wrap\" style=\"font-size:28px;\">\r\n\t\t\t\t<i class=\"fas fa-briefcase\"><\/i>\r\n\t\t\t<\/div> <h3 class=\"heading style-1\" style=\"color:#f9c834;font-size:30px;font-family:Open Sans;\">\r\n\t\t<a target=\"_blank\" href=\"\">\r\n\t\t\t<span style=\"\">Professionalism<\/span>\r\n\t\t<\/a>\r\n\t<\/h3><p class=\"desc\" style=\"color:#ffffff;font-family:Montserrat;\">\r\n\t\t<span>Our services are carried out by professionals who understand the challenges of your business thanks to their experience in the field for many years.<\/span>\r\n\t<\/p><\/div>\r\n\t<div class=\"logistix-spacer clearfix\" data-desktop=\"40\" data-mobi=\"20\" data-smobi=\"20\"><\/div><\/div><\/div><\/div><\/div><\/div><\/section><\/div><div class=\"vc-custom-col-spacing clearfix vc-col-spacing-30\"><section class=\"wpb_row vc_row-fluid row-content-position-Default\"><div class=\"logistix-container\"><div class=\"row-inner clearfix\"><div class=\"wpb_column vc_column_container vc_col-sm-12\"><div class=\"vc_column-inner\"><div class=\"wpb_wrapper\">\r\n\t<div class=\"logistix-spacer clearfix\" data-desktop=\"40\" data-mobi=\"20\" data-smobi=\"20\"><\/div><div class=\"logistix-headings clearfix text-center\" data-font=\"40\" style=\"\"><h2 class=\"heading clearfix style-1\" style=\"color:#f9c834;font-family:Open Sans;font-size:40px;\">\r\n\t\t<span style=\"\">Our services<\/span>\r\n\t<\/h2><\/div>\r\n\t<div class=\"logistix-spacer clearfix\" data-desktop=\"40\" data-mobi=\"20\" data-smobi=\"20\"><\/div><\/div><\/div><\/div><\/div><\/div><\/section><\/div><div class=\"vc-custom-col-spacing clearfix vc-col-spacing-30\"><section class=\"wpb_row vc_row-fluid row-content-position-Default\"><div class=\"logistix-container\"><div class=\"row-inner clearfix\"><div class=\"wpb_column vc_column_container vc_col-sm-3\"><div class=\"vc_column-inner\"><div class=\"wpb_wrapper\">\n\t<div  class=\"wpb_single_image wpb_content_element vc_align_center\">\n\t\t\n\t\t<figure class=\"wpb_wrapper vc_figure\">\n\t\t\t<a href=\"https:\/\/www.klocel.com\/gestion-de-projet\/\" target=\"_self\" class=\"vc_single_image-wrapper   vc_box_border_grey\"><img loading=\"lazy\" decoding=\"async\" width=\"300\" height=\"300\" src=\"http:\/\/13.39.176.64\/wp-content\/uploads\/2024\/01\/1-1-300x300.webp\" class=\"vc_single_image-img attachment-medium\" alt=\"Klocel s&#039;occupe de la gestion de projet de votre entrep\u00f4t\" title=\"Gestion de projet By Klocel\" srcset=\"http:\/\/13.39.176.64\/wp-content\/uploads\/2024\/01\/1-1-300x300.webp 300w, http:\/\/13.39.176.64\/wp-content\/uploads\/2024\/01\/1-1-1024x1024.webp 1024w, http:\/\/13.39.176.64\/wp-content\/uploads\/2024\/01\/1-1-150x150.webp 150w, http:\/\/13.39.176.64\/wp-content\/uploads\/2024\/01\/1-1-768x768.webp 768w, http:\/\/13.39.176.64\/wp-content\/uploads\/2024\/01\/1-1-1536x1536.webp 1536w, http:\/\/13.39.176.64\/wp-content\/uploads\/2024\/01\/1-1-12x12.webp 12w, http:\/\/13.39.176.64\/wp-content\/uploads\/2024\/01\/1-1-600x600.webp 600w, http:\/\/13.39.176.64\/wp-content\/uploads\/2024\/01\/1-1-400x400.webp 400w, http:\/\/13.39.176.64\/wp-content\/uploads\/2024\/01\/1-1-870x870.webp 870w, http:\/\/13.39.176.64\/wp-content\/uploads\/2024\/01\/1-1-480x480.webp 480w, http:\/\/13.39.176.64\/wp-content\/uploads\/2024\/01\/1-1.webp 1654w\" sizes=\"auto, (max-width: 300px) 100vw, 300px\" \/><\/a>\n\t\t<\/figure>\n\t<\/div>\n<\/div><\/div><\/div><div class=\"wpb_column vc_column_container vc_col-sm-3\"><div class=\"vc_column-inner\"><div class=\"wpb_wrapper\">\n\t<div  class=\"wpb_single_image wpb_content_element vc_align_center\">\n\t\t\n\t\t<figure class=\"wpb_wrapper vc_figure\">\n\t\t\t<a href=\"https:\/\/www.klocel.com\/services__trashed\/redaction-de-cahiers-des-charges\/\" target=\"_self\" class=\"vc_single_image-wrapper   vc_box_border_grey\"><img loading=\"lazy\" decoding=\"async\" width=\"300\" height=\"300\" src=\"http:\/\/13.39.176.64\/wp-content\/uploads\/2024\/01\/2-1-300x300.webp\" class=\"vc_single_image-img attachment-medium\" alt=\"Klocel s&#039;occupe de la r\u00e9daction de vos cahiers des charges\" title=\"Drafting of the specifications\" srcset=\"http:\/\/13.39.176.64\/wp-content\/uploads\/2024\/01\/2-1-300x300.webp 300w, http:\/\/13.39.176.64\/wp-content\/uploads\/2024\/01\/2-1-1024x1024.webp 1024w, http:\/\/13.39.176.64\/wp-content\/uploads\/2024\/01\/2-1-150x150.webp 150w, http:\/\/13.39.176.64\/wp-content\/uploads\/2024\/01\/2-1-768x768.webp 768w, http:\/\/13.39.176.64\/wp-content\/uploads\/2024\/01\/2-1-1536x1536.webp 1536w, http:\/\/13.39.176.64\/wp-content\/uploads\/2024\/01\/2-1-12x12.webp 12w, http:\/\/13.39.176.64\/wp-content\/uploads\/2024\/01\/2-1-600x600.webp 600w, http:\/\/13.39.176.64\/wp-content\/uploads\/2024\/01\/2-1-400x400.webp 400w, http:\/\/13.39.176.64\/wp-content\/uploads\/2024\/01\/2-1-870x870.webp 870w, http:\/\/13.39.176.64\/wp-content\/uploads\/2024\/01\/2-1-480x480.webp 480w, http:\/\/13.39.176.64\/wp-content\/uploads\/2024\/01\/2-1.webp 1654w\" sizes=\"auto, (max-width: 300px) 100vw, 300px\" \/><\/a>\n\t\t<\/figure>\n\t<\/div>\n<\/div><\/div><\/div><div class=\"wpb_column vc_column_container vc_col-sm-3\"><div class=\"vc_column-inner\"><div class=\"wpb_wrapper\">\n\t<div  class=\"wpb_single_image wpb_content_element vc_align_center\">\n\t\t\n\t\t<figure class=\"wpb_wrapper vc_figure\">\n\t\t\t<a href=\"https:\/\/www.klocel.com\/services__trashed\/evaluation-de-solutions-applicatives\/\" target=\"_self\" class=\"vc_single_image-wrapper   vc_box_border_grey\"><img loading=\"lazy\" decoding=\"async\" width=\"300\" height=\"300\" src=\"http:\/\/13.39.176.64\/wp-content\/uploads\/2024\/01\/3-1-300x300.webp\" class=\"vc_single_image-img attachment-medium\" alt=\"\u00c9valuation de solutions applicatives par l&#039;\u00e9quipe Klocel\" title=\"Evaluation of application solutions\" srcset=\"http:\/\/13.39.176.64\/wp-content\/uploads\/2024\/01\/3-1-300x300.webp 300w, http:\/\/13.39.176.64\/wp-content\/uploads\/2024\/01\/3-1-1024x1024.webp 1024w, http:\/\/13.39.176.64\/wp-content\/uploads\/2024\/01\/3-1-150x150.webp 150w, http:\/\/13.39.176.64\/wp-content\/uploads\/2024\/01\/3-1-768x768.webp 768w, http:\/\/13.39.176.64\/wp-content\/uploads\/2024\/01\/3-1-1536x1536.webp 1536w, http:\/\/13.39.176.64\/wp-content\/uploads\/2024\/01\/3-1-12x12.webp 12w, http:\/\/13.39.176.64\/wp-content\/uploads\/2024\/01\/3-1-600x600.webp 600w, http:\/\/13.39.176.64\/wp-content\/uploads\/2024\/01\/3-1-400x400.webp 400w, http:\/\/13.39.176.64\/wp-content\/uploads\/2024\/01\/3-1-870x870.webp 870w, http:\/\/13.39.176.64\/wp-content\/uploads\/2024\/01\/3-1-480x480.webp 480w, http:\/\/13.39.176.64\/wp-content\/uploads\/2024\/01\/3-1.webp 1654w\" sizes=\"auto, (max-width: 300px) 100vw, 300px\" \/><\/a>\n\t\t<\/figure>\n\t<\/div>\n<\/div><\/div><\/div><div class=\"wpb_column vc_column_container vc_col-sm-3\"><div class=\"vc_column-inner\"><div class=\"wpb_wrapper\">\n\t<div  class=\"wpb_single_image wpb_content_element vc_align_center\">\n\t\t\n\t\t<figure class=\"wpb_wrapper vc_figure\">\n\t\t\t<a href=\"https:\/\/www.klocel.com\/services__trashed\/formation\/\" target=\"_self\" class=\"vc_single_image-wrapper   vc_box_border_grey\"><img loading=\"lazy\" decoding=\"async\" width=\"300\" height=\"300\" src=\"http:\/\/13.39.176.64\/wp-content\/uploads\/2024\/01\/4-300x300.webp\" class=\"vc_single_image-img attachment-medium\" alt=\"Klocel vous propose des nombreuses formations en lien avec nos WMS ou sur des syst\u00e8mes d&#039;exploitation\" title=\"Les formations de Klocel\" srcset=\"http:\/\/13.39.176.64\/wp-content\/uploads\/2024\/01\/4-300x300.webp 300w, http:\/\/13.39.176.64\/wp-content\/uploads\/2024\/01\/4-1024x1024.webp 1024w, http:\/\/13.39.176.64\/wp-content\/uploads\/2024\/01\/4-150x150.webp 150w, http:\/\/13.39.176.64\/wp-content\/uploads\/2024\/01\/4-768x768.webp 768w, http:\/\/13.39.176.64\/wp-content\/uploads\/2024\/01\/4-1536x1536.webp 1536w, http:\/\/13.39.176.64\/wp-content\/uploads\/2024\/01\/4-12x12.webp 12w, http:\/\/13.39.176.64\/wp-content\/uploads\/2024\/01\/4-600x600.webp 600w, http:\/\/13.39.176.64\/wp-content\/uploads\/2024\/01\/4-400x400.webp 400w, http:\/\/13.39.176.64\/wp-content\/uploads\/2024\/01\/4-870x870.webp 870w, http:\/\/13.39.176.64\/wp-content\/uploads\/2024\/01\/4-480x480.webp 480w, http:\/\/13.39.176.64\/wp-content\/uploads\/2024\/01\/4.webp 1654w\" sizes=\"auto, (max-width: 300px) 100vw, 300px\" \/><\/a>\n\t\t<\/figure>\n\t<\/div>\n<\/div><\/div><\/div><\/div><\/div><\/section><\/div><div class=\"vc-custom-col-spacing clearfix vc-col-spacing-30\"><section class=\"wpb_row vc_row-fluid row-content-position-Default\"><div class=\"logistix-container\"><div class=\"row-inner clearfix\"><div class=\"wpb_column vc_column_container vc_col-sm-12\"><div class=\"vc_column-inner\"><div class=\"wpb_wrapper\">\r\n\t<div class=\"logistix-spacer clearfix\" data-desktop=\"40\" data-mobi=\"20\" data-smobi=\"20\"><\/div>\n\t<div class=\"wpb_text_column wpb_content_element\" >\n\t\t<div class=\"wpb_wrapper\">\n\t\t\t<p style=\"text-align: center;\"><strong>To find out more, do not hesitate to <a href=\"https:\/\/www.klocel.com\/home-page\/contact\/\">contact us<\/a>.\u00a0<\/strong><\/p>\n\n\t\t<\/div>\n\t<\/div>\n<\/div><\/div><\/div><\/div><\/div><\/section><\/div>","protected":false},"excerpt":{"rendered":"Audit &amp; Conseil Nous vous accompagnons dans les choix adapt\u00e9s au fonctionnement et aux moyens de votre activit\u00e9 afin de trouver LA meilleure strat\u00e9gie pour cr\u00e9er et\/ou am\u00e9liorer vos outils informatiques.\u00a0 Service Hotline r\u00e9actif Notre hotline assure un suivi efficace et s'occupe de r\u00e9pondre \u00e0 vos besoins en cas&hellip;","protected":false},"author":1,"featured_media":0,"parent":0,"menu_order":0,"comment_status":"closed","ping_status":"closed","template":"","meta":{"om_disable_all_campaigns":false,"_monsterinsights_skip_tracking":false,"_monsterinsights_sitenote_active":false,"_monsterinsights_sitenote_note":"","_monsterinsights_sitenote_category":0,"footnotes":""},"class_list":["post-7094","page","type-page","status-publish","hentry"],"yoast_head":"<!-- This site is optimized with the Yoast SEO plugin v25.9 - https:\/\/yoast.com\/wordpress\/plugins\/seo\/ -->\n<title>Audit &amp; Conseil - KLOCEL - Les Experts de la Logistique de A \u00e0 Z<\/title>\n<meta name=\"description\" content=\"Optimisez votre cha\u00eene logistique avec nos services d&#039;audit et de conseil sp\u00e9cialis\u00e9s. Am\u00e9liorez l&#039;efficacit\u00e9, r\u00e9duisez les co\u00fbts.\" \/>\n<meta name=\"robots\" content=\"index, follow, max-snippet:-1, max-image-preview:large, max-video-preview:-1\" \/>\n<link rel=\"canonical\" href=\"https:\/\/www.klocel.com\/audit-conseil\/\" \/>\n<meta property=\"og:locale\" content=\"en_US\" \/>\n<meta property=\"og:type\" content=\"article\" \/>\n<meta property=\"og:title\" content=\"Audit &amp; Conseil - KLOCEL - Les Experts de la Logistique de A \u00e0 Z\" \/>\n<meta property=\"og:description\" content=\"Optimisez votre cha\u00eene logistique avec nos services d&#039;audit et de conseil sp\u00e9cialis\u00e9s. Am\u00e9liorez l&#039;efficacit\u00e9, r\u00e9duisez les co\u00fbts.\" \/>\n<meta property=\"og:url\" content=\"https:\/\/www.klocel.com\/audit-conseil\/\" \/>\n<meta property=\"og:site_name\" content=\"KLOCEL - Les Experts de la Logistique de A \u00e0 Z\" \/>\n<meta property=\"article:modified_time\" content=\"2024-01-26T16:21:07+00:00\" \/>\n<meta name=\"twitter:card\" content=\"summary_large_image\" \/>\n<meta name=\"twitter:label1\" content=\"Est. reading time\" \/>\n\t<meta name=\"twitter:data1\" content=\"2 minutes\" \/>\n<script type=\"application\/ld+json\" class=\"yoast-schema-graph\">{\"@context\":\"https:\/\/schema.org\",\"@graph\":[{\"@type\":\"WebPage\",\"@id\":\"https:\/\/www.klocel.com\/audit-conseil\/\",\"url\":\"https:\/\/www.klocel.com\/audit-conseil\/\",\"name\":\"Audit & Conseil - KLOCEL - Les Experts de la Logistique de A \u00e0 Z\",\"isPartOf\":{\"@id\":\"https:\/\/www.klocel.com\/#website\"},\"datePublished\":\"2024-01-25T13:00:40+00:00\",\"dateModified\":\"2024-01-26T16:21:07+00:00\",\"description\":\"Optimisez votre cha\u00eene logistique avec nos services d'audit et de conseil sp\u00e9cialis\u00e9s. Am\u00e9liorez l'efficacit\u00e9, r\u00e9duisez les co\u00fbts.\",\"breadcrumb\":{\"@id\":\"https:\/\/www.klocel.com\/audit-conseil\/#breadcrumb\"},\"inLanguage\":\"en-US\",\"potentialAction\":[{\"@type\":\"ReadAction\",\"target\":[\"https:\/\/www.klocel.com\/audit-conseil\/\"]}]},{\"@type\":\"BreadcrumbList\",\"@id\":\"https:\/\/www.klocel.com\/audit-conseil\/#breadcrumb\",\"itemListElement\":[{\"@type\":\"ListItem\",\"position\":1,\"name\":\"Accueil\",\"item\":\"https:\/\/www.klocel.com\/\"},{\"@type\":\"ListItem\",\"position\":2,\"name\":\"Audit &#038; Conseil\"}]},{\"@type\":\"WebSite\",\"@id\":\"https:\/\/www.klocel.com\/#website\",\"url\":\"https:\/\/www.klocel.com\/\",\"name\":\"KLOCEL - Les Experts de la Logistique de A \u00e0 Z\",\"description\":\"\",\"potentialAction\":[{\"@type\":\"SearchAction\",\"target\":{\"@type\":\"EntryPoint\",\"urlTemplate\":\"https:\/\/www.klocel.com\/?s={search_term_string}\"},\"query-input\":{\"@type\":\"PropertyValueSpecification\",\"valueRequired\":true,\"valueName\":\"search_term_string\"}}],\"inLanguage\":\"en-US\"}]}<\/script>\n<!-- \/ Yoast SEO plugin. -->","yoast_head_json":{"title":"Audit & Conseil - KLOCEL - Les Experts de la Logistique de A \u00e0 Z","description":"Optimisez votre cha\u00eene logistique avec nos services d'audit et de conseil sp\u00e9cialis\u00e9s. Am\u00e9liorez l'efficacit\u00e9, r\u00e9duisez les co\u00fbts.","robots":{"index":"index","follow":"follow","max-snippet":"max-snippet:-1","max-image-preview":"max-image-preview:large","max-video-preview":"max-video-preview:-1"},"canonical":"https:\/\/www.klocel.com\/audit-conseil\/","og_locale":"en_US","og_type":"article","og_title":"Audit & Conseil - KLOCEL - Les Experts de la Logistique de A \u00e0 Z","og_description":"Optimisez votre cha\u00eene logistique avec nos services d'audit et de conseil sp\u00e9cialis\u00e9s. Am\u00e9liorez l'efficacit\u00e9, r\u00e9duisez les co\u00fbts.","og_url":"https:\/\/www.klocel.com\/audit-conseil\/","og_site_name":"KLOCEL - Les Experts de la Logistique de A \u00e0 Z","article_modified_time":"2024-01-26T16:21:07+00:00","twitter_card":"summary_large_image","twitter_misc":{"Est. reading time":"2 minutes"},"schema":{"@context":"https:\/\/schema.org","@graph":[{"@type":"WebPage","@id":"https:\/\/www.klocel.com\/audit-conseil\/","url":"https:\/\/www.klocel.com\/audit-conseil\/","name":"Audit & Conseil - KLOCEL - Les Experts de la Logistique de A \u00e0 Z","isPartOf":{"@id":"https:\/\/www.klocel.com\/#website"},"datePublished":"2024-01-25T13:00:40+00:00","dateModified":"2024-01-26T16:21:07+00:00","description":"Optimisez votre cha\u00eene logistique avec nos services d'audit et de conseil sp\u00e9cialis\u00e9s. Am\u00e9liorez l'efficacit\u00e9, r\u00e9duisez les co\u00fbts.","breadcrumb":{"@id":"https:\/\/www.klocel.com\/audit-conseil\/#breadcrumb"},"inLanguage":"en-US","potentialAction":[{"@type":"ReadAction","target":["https:\/\/www.klocel.com\/audit-conseil\/"]}]},{"@type":"BreadcrumbList","@id":"https:\/\/www.klocel.com\/audit-conseil\/#breadcrumb","itemListElement":[{"@type":"ListItem","position":1,"name":"Accueil","item":"https:\/\/www.klocel.com\/"},{"@type":"ListItem","position":2,"name":"Audit &#038; Conseil"}]},{"@type":"WebSite","@id":"https:\/\/www.klocel.com\/#website","url":"https:\/\/www.klocel.com\/","name":"KLOCEL - Les Experts de la Logistique de A \u00e0 Z","description":"","potentialAction":[{"@type":"SearchAction","target":{"@type":"EntryPoint","urlTemplate":"https:\/\/www.klocel.com\/?s={search_term_string}"},"query-input":{"@type":"PropertyValueSpecification","valueRequired":true,"valueName":"search_term_string"}}],"inLanguage":"en-US"}]}},"_links":{"self":[{"href":"http:\/\/13.39.176.64\/en\/wp-json\/wp\/v2\/pages\/7094","targetHints":{"allow":["GET"]}}],"collection":[{"href":"http:\/\/13.39.176.64\/en\/wp-json\/wp\/v2\/pages"}],"about":[{"href":"http:\/\/13.39.176.64\/en\/wp-json\/wp\/v2\/types\/page"}],"author":[{"embeddable":true,"href":"http:\/\/13.39.176.64\/en\/wp-json\/wp\/v2\/users\/1"}],"replies":[{"embeddable":true,"href":"http:\/\/13.39.176.64\/en\/wp-json\/wp\/v2\/comments?post=7094"}],"version-history":[{"count":31,"href":"http:\/\/13.39.176.64\/en\/wp-json\/wp\/v2\/pages\/7094\/revisions"}],"predecessor-version":[{"id":7132,"href":"http:\/\/13.39.176.64\/en\/wp-json\/wp\/v2\/pages\/7094\/revisions\/7132"}],"wp:attachment":[{"href":"http:\/\/13.39.176.64\/en\/wp-json\/wp\/v2\/media?parent=7094"}],"curies":[{"name":"wp","href":"https:\/\/api.w.org\/{rel}","templated":true}]}}