{"id":7210,"date":"2024-01-26T16:02:35","date_gmt":"2024-01-26T15:02:35","guid":{"rendered":"https:\/\/www.klocel.com\/?page_id=7210"},"modified":"2024-01-26T16:03:05","modified_gmt":"2024-01-26T15:03:05","slug":"evaluation-de-solutions-applicatives","status":"publish","type":"page","link":"http:\/\/13.39.176.64\/en\/evaluation-de-solutions-applicatives\/","title":{"rendered":"Evaluation of application solutions"},"content":{"rendered":"<div class=\"vc-custom-col-spacing clearfix vc-col-spacing-30\"><section class=\"wpb_row vc_row-fluid row-content-position-Default\"><div class=\"logistix-container\"><div class=\"row-inner clearfix\"><div class=\"wpb_column vc_column_container vc_col-sm-12\"><div class=\"vc_column-inner\"><div class=\"wpb_wrapper\"><div class=\"logistix-single-heading clearfix text-center style-2\" style=\"\">\r\n\t\t<h2 class=\"heading\" style=\"margin-bottom: 0;\"><span class=\"text\">Evaluation of application solutions<\/span><span class=\"line\"><\/span><\/h2>\r\n\t<\/div>\r\n\t<div class=\"logistix-spacer clearfix\" data-desktop=\"40\" data-mobi=\"20\" data-smobi=\"20\"><\/div>\n\t<div class=\"wpb_text_column wpb_content_element\" >\n\t\t<div class=\"wpb_wrapper\">\n\t\t\t<p><strong>Do you need an application solution and\/or software? You don't know how to make the right choice, how to deal with it?<\/strong><\/p>\n\n\t\t<\/div>\n\t<\/div>\n<\/div><\/div><\/div><\/div><\/div><\/section><\/div><div class=\"vc-custom-col-spacing clearfix vc-col-spacing-30\"><section class=\"wpb_row vc_row-fluid row-content-position-Default\"><div class=\"logistix-container\"><div class=\"row-inner clearfix\"><div class=\"wpb_column vc_column_container vc_col-sm-8\"><div class=\"vc_column-inner\"><div class=\"wpb_wrapper\">\n\t<div class=\"wpb_text_column wpb_content_element\" >\n\t\t<div class=\"wpb_wrapper\">\n\t\t\t<p><strong>Our team advises and guides you. We establish a selection corresponding to your needs in terms of application solutions and software publishers.\u00a0<\/strong><\/p>\n<p><strong>We intervene in the different stages of your choice, including during competition between different suppliers and\/or price negotiators. If necessary, we can also help you implement the solution.<\/strong><\/p>\n\n\t\t<\/div>\n\t<\/div>\n<\/div><\/div><\/div><div class=\"wpb_column vc_column_container vc_col-sm-4\"><div class=\"vc_column-inner\"><div class=\"wpb_wrapper\">\n\t<div  class=\"wpb_single_image wpb_content_element vc_align_left\">\n\t\t\n\t\t<figure class=\"wpb_wrapper vc_figure\">\n\t\t\t<div class=\"vc_single_image-wrapper   vc_box_border_grey\"><img loading=\"lazy\" decoding=\"async\" width=\"300\" height=\"212\" src=\"http:\/\/13.39.176.64\/wp-content\/uploads\/2024\/01\/Evaluation-de-solutions-applicatives-300x212.webp\" class=\"vc_single_image-img attachment-medium\" alt=\"E\u0301valuation de solutions applicatives par l&#039;\u00e9quipe de Klocel\" title=\"E\u0301valuation de solutions applicatives\" srcset=\"http:\/\/13.39.176.64\/wp-content\/uploads\/2024\/01\/Evaluation-de-solutions-applicatives-300x212.webp 300w, http:\/\/13.39.176.64\/wp-content\/uploads\/2024\/01\/Evaluation-de-solutions-applicatives-1024x724.webp 1024w, http:\/\/13.39.176.64\/wp-content\/uploads\/2024\/01\/Evaluation-de-solutions-applicatives-768x543.webp 768w, http:\/\/13.39.176.64\/wp-content\/uploads\/2024\/01\/Evaluation-de-solutions-applicatives-1536x1086.webp 1536w, http:\/\/13.39.176.64\/wp-content\/uploads\/2024\/01\/Evaluation-de-solutions-applicatives-18x12.webp 18w, http:\/\/13.39.176.64\/wp-content\/uploads\/2024\/01\/Evaluation-de-solutions-applicatives-870x615.webp 870w, http:\/\/13.39.176.64\/wp-content\/uploads\/2024\/01\/Evaluation-de-solutions-applicatives-600x424.webp 600w, http:\/\/13.39.176.64\/wp-content\/uploads\/2024\/01\/Evaluation-de-solutions-applicatives-480x339.webp 480w, http:\/\/13.39.176.64\/wp-content\/uploads\/2024\/01\/Evaluation-de-solutions-applicatives.webp 2000w\" sizes=\"auto, (max-width: 300px) 100vw, 300px\" \/><\/div>\n\t\t<\/figure>\n\t<\/div>\n<\/div><\/div><\/div><\/div><\/div><\/section><\/div><div class=\"vc-custom-col-spacing clearfix vc-col-spacing-30\"><section class=\"wpb_row vc_row-fluid row-content-position-Default\"><div class=\"logistix-container\"><div class=\"row-inner clearfix\"><div class=\"wpb_column vc_column_container vc_col-sm-12\"><div class=\"vc_column-inner\"><div class=\"wpb_wrapper\">\n\t<div class=\"wpb_text_column wpb_content_element\" >\n\t\t<div class=\"wpb_wrapper\">\n\t\t\t<p style=\"text-align: center;\"><strong>You are sure to obtain the solution best suited to your needs while continuing to devote yourself fully to developing your business.<\/strong><\/p>\n\n\t\t<\/div>\n\t<\/div>\n\r\n\t<div class=\"logistix-spacer clearfix\" data-desktop=\"40\" data-mobi=\"20\" data-smobi=\"20\"><\/div>\n\t<div  class=\"wpb_single_image wpb_content_element vc_align_center\">\n\t\t\n\t\t<figure class=\"wpb_wrapper vc_figure\">\n\t\t\t<div class=\"vc_single_image-wrapper   vc_box_border_grey\"><img loading=\"lazy\" decoding=\"async\" width=\"300\" height=\"212\" src=\"http:\/\/13.39.176.64\/wp-content\/uploads\/2024\/01\/Evaluation-de-solutions-applicatives-1-300x212.webp\" class=\"vc_single_image-img attachment-medium\" alt=\"\" title=\"E\u0301valuation de solutions applicatives (1)\" srcset=\"http:\/\/13.39.176.64\/wp-content\/uploads\/2024\/01\/Evaluation-de-solutions-applicatives-1-300x212.webp 300w, http:\/\/13.39.176.64\/wp-content\/uploads\/2024\/01\/Evaluation-de-solutions-applicatives-1-1024x724.webp 1024w, http:\/\/13.39.176.64\/wp-content\/uploads\/2024\/01\/Evaluation-de-solutions-applicatives-1-768x543.webp 768w, http:\/\/13.39.176.64\/wp-content\/uploads\/2024\/01\/Evaluation-de-solutions-applicatives-1-1536x1086.webp 1536w, http:\/\/13.39.176.64\/wp-content\/uploads\/2024\/01\/Evaluation-de-solutions-applicatives-1-18x12.webp 18w, http:\/\/13.39.176.64\/wp-content\/uploads\/2024\/01\/Evaluation-de-solutions-applicatives-1-870x615.webp 870w, http:\/\/13.39.176.64\/wp-content\/uploads\/2024\/01\/Evaluation-de-solutions-applicatives-1-600x424.webp 600w, http:\/\/13.39.176.64\/wp-content\/uploads\/2024\/01\/Evaluation-de-solutions-applicatives-1-480x339.webp 480w, http:\/\/13.39.176.64\/wp-content\/uploads\/2024\/01\/Evaluation-de-solutions-applicatives-1.webp 2000w\" sizes=\"auto, (max-width: 300px) 100vw, 300px\" \/><\/div>\n\t\t<\/figure>\n\t<\/div>\n\r\n\t<div class=\"logistix-spacer clearfix\" data-desktop=\"40\" data-mobi=\"20\" data-smobi=\"20\"><\/div>\n\t<div class=\"wpb_text_column wpb_content_element\" >\n\t\t<div class=\"wpb_wrapper\">\n\t\t\t<p style=\"text-align: center;\"><strong>To find out more about this service, do not hesitate to <a href=\"https:\/\/www.klocel.com\/home-page\/contact\/\">contact us<\/a>.\u00a0<\/strong><\/p>\n\n\t\t<\/div>\n\t<\/div>\n\r\n\t<div class=\"logistix-spacer clearfix\" data-desktop=\"40\" data-mobi=\"20\" data-smobi=\"20\"><\/div><div class=\"vc_btn3-container vc_btn3-center\" ><a style=\"background-color:#f9c834; color:#0a0a0a;\" class=\"vc_general vc_btn3 vc_btn3-size-lg vc_btn3-shape-square vc_btn3-style-custom\" href=\"https:\/\/www.klocel.com\/home-page\/contact\/\" title=\"\" target=\"_blank\">Contact Us<\/a><\/div><\/div><\/div><\/div><\/div><\/div><\/section><\/div>","protected":false},"excerpt":{"rendered":"\u00c9valuation de solutions applicatives Vous avez besoin d'une solution applicative et\/ou d'un logiciel ? Vous ne savez pas comment faire le bon choix, par quels moyens y faire face ? Notre \u00e9quipe vous conseille et vous oriente. Nous \u00e9tablissons une s\u00e9lection correspondant \u00e0 vos besoins en mati\u00e8re de solutions&hellip;","protected":false},"author":1,"featured_media":0,"parent":0,"menu_order":0,"comment_status":"closed","ping_status":"closed","template":"","meta":{"om_disable_all_campaigns":false,"_monsterinsights_skip_tracking":false,"_monsterinsights_sitenote_active":false,"_monsterinsights_sitenote_note":"","_monsterinsights_sitenote_category":0,"footnotes":""},"class_list":["post-7210","page","type-page","status-publish","hentry"],"yoast_head":"<!-- This site is optimized with the Yoast SEO plugin v25.9 - https:\/\/yoast.com\/wordpress\/plugins\/seo\/ -->\n<title>\u00c9valuation de solutions applicatives - KLOCEL - Les Experts de la Logistique de A \u00e0 Z<\/title>\n<meta name=\"description\" content=\"Besoin d\u2019une solution applicative et\/ou d\u2019un logiciel ? Vous ne savez pas comment faire le bon choix ? Nous sommes l\u00e0 pour vous aider !\" \/>\n<meta name=\"robots\" content=\"index, follow, max-snippet:-1, max-image-preview:large, max-video-preview:-1\" \/>\n<link rel=\"canonical\" href=\"https:\/\/www.klocel.com\/evaluation-de-solutions-applicatives\/\" \/>\n<meta property=\"og:locale\" content=\"en_US\" \/>\n<meta property=\"og:type\" content=\"article\" \/>\n<meta property=\"og:title\" content=\"\u00c9valuation de solutions applicatives - KLOCEL - Les Experts de la Logistique de A \u00e0 Z\" \/>\n<meta property=\"og:description\" content=\"Besoin d\u2019une solution applicative et\/ou d\u2019un logiciel ? Vous ne savez pas comment faire le bon choix ? Nous sommes l\u00e0 pour vous aider !\" \/>\n<meta property=\"og:url\" content=\"https:\/\/www.klocel.com\/evaluation-de-solutions-applicatives\/\" \/>\n<meta property=\"og:site_name\" content=\"KLOCEL - Les Experts de la Logistique de A \u00e0 Z\" \/>\n<meta property=\"article:modified_time\" content=\"2024-01-26T15:03:05+00:00\" \/>\n<meta name=\"twitter:card\" content=\"summary_large_image\" \/>\n<meta name=\"twitter:label1\" content=\"Est. reading time\" \/>\n\t<meta name=\"twitter:data1\" content=\"1 minute\" \/>\n<script type=\"application\/ld+json\" class=\"yoast-schema-graph\">{\"@context\":\"https:\/\/schema.org\",\"@graph\":[{\"@type\":\"WebPage\",\"@id\":\"https:\/\/www.klocel.com\/evaluation-de-solutions-applicatives\/\",\"url\":\"https:\/\/www.klocel.com\/evaluation-de-solutions-applicatives\/\",\"name\":\"\u00c9valuation de solutions applicatives - KLOCEL - Les Experts de la Logistique de A \u00e0 Z\",\"isPartOf\":{\"@id\":\"https:\/\/www.klocel.com\/#website\"},\"datePublished\":\"2024-01-26T15:02:35+00:00\",\"dateModified\":\"2024-01-26T15:03:05+00:00\",\"description\":\"Besoin d\u2019une solution applicative et\/ou d\u2019un logiciel ? Vous ne savez pas comment faire le bon choix ? Nous sommes l\u00e0 pour vous aider !\",\"breadcrumb\":{\"@id\":\"https:\/\/www.klocel.com\/evaluation-de-solutions-applicatives\/#breadcrumb\"},\"inLanguage\":\"en-US\",\"potentialAction\":[{\"@type\":\"ReadAction\",\"target\":[\"https:\/\/www.klocel.com\/evaluation-de-solutions-applicatives\/\"]}]},{\"@type\":\"BreadcrumbList\",\"@id\":\"https:\/\/www.klocel.com\/evaluation-de-solutions-applicatives\/#breadcrumb\",\"itemListElement\":[{\"@type\":\"ListItem\",\"position\":1,\"name\":\"Accueil\",\"item\":\"https:\/\/www.klocel.com\/\"},{\"@type\":\"ListItem\",\"position\":2,\"name\":\"\u00c9valuation de solutions applicatives\"}]},{\"@type\":\"WebSite\",\"@id\":\"https:\/\/www.klocel.com\/#website\",\"url\":\"https:\/\/www.klocel.com\/\",\"name\":\"KLOCEL - Les Experts de la Logistique de A \u00e0 Z\",\"description\":\"\",\"potentialAction\":[{\"@type\":\"SearchAction\",\"target\":{\"@type\":\"EntryPoint\",\"urlTemplate\":\"https:\/\/www.klocel.com\/?s={search_term_string}\"},\"query-input\":{\"@type\":\"PropertyValueSpecification\",\"valueRequired\":true,\"valueName\":\"search_term_string\"}}],\"inLanguage\":\"en-US\"}]}<\/script>\n<!-- \/ Yoast SEO plugin. -->","yoast_head_json":{"title":"\u00c9valuation de solutions applicatives - KLOCEL - Les Experts de la Logistique de A \u00e0 Z","description":"Besoin d\u2019une solution applicative et\/ou d\u2019un logiciel ? Vous ne savez pas comment faire le bon choix ? Nous sommes l\u00e0 pour vous aider !","robots":{"index":"index","follow":"follow","max-snippet":"max-snippet:-1","max-image-preview":"max-image-preview:large","max-video-preview":"max-video-preview:-1"},"canonical":"https:\/\/www.klocel.com\/evaluation-de-solutions-applicatives\/","og_locale":"en_US","og_type":"article","og_title":"\u00c9valuation de solutions applicatives - KLOCEL - Les Experts de la Logistique de A \u00e0 Z","og_description":"Besoin d\u2019une solution applicative et\/ou d\u2019un logiciel ? Vous ne savez pas comment faire le bon choix ? Nous sommes l\u00e0 pour vous aider !","og_url":"https:\/\/www.klocel.com\/evaluation-de-solutions-applicatives\/","og_site_name":"KLOCEL - Les Experts de la Logistique de A \u00e0 Z","article_modified_time":"2024-01-26T15:03:05+00:00","twitter_card":"summary_large_image","twitter_misc":{"Est. reading time":"1 minute"},"schema":{"@context":"https:\/\/schema.org","@graph":[{"@type":"WebPage","@id":"https:\/\/www.klocel.com\/evaluation-de-solutions-applicatives\/","url":"https:\/\/www.klocel.com\/evaluation-de-solutions-applicatives\/","name":"\u00c9valuation de solutions applicatives - KLOCEL - Les Experts de la Logistique de A \u00e0 Z","isPartOf":{"@id":"https:\/\/www.klocel.com\/#website"},"datePublished":"2024-01-26T15:02:35+00:00","dateModified":"2024-01-26T15:03:05+00:00","description":"Besoin d\u2019une solution applicative et\/ou d\u2019un logiciel ? Vous ne savez pas comment faire le bon choix ? Nous sommes l\u00e0 pour vous aider !","breadcrumb":{"@id":"https:\/\/www.klocel.com\/evaluation-de-solutions-applicatives\/#breadcrumb"},"inLanguage":"en-US","potentialAction":[{"@type":"ReadAction","target":["https:\/\/www.klocel.com\/evaluation-de-solutions-applicatives\/"]}]},{"@type":"BreadcrumbList","@id":"https:\/\/www.klocel.com\/evaluation-de-solutions-applicatives\/#breadcrumb","itemListElement":[{"@type":"ListItem","position":1,"name":"Accueil","item":"https:\/\/www.klocel.com\/"},{"@type":"ListItem","position":2,"name":"\u00c9valuation de solutions applicatives"}]},{"@type":"WebSite","@id":"https:\/\/www.klocel.com\/#website","url":"https:\/\/www.klocel.com\/","name":"KLOCEL - Les Experts de la Logistique de A \u00e0 Z","description":"","potentialAction":[{"@type":"SearchAction","target":{"@type":"EntryPoint","urlTemplate":"https:\/\/www.klocel.com\/?s={search_term_string}"},"query-input":{"@type":"PropertyValueSpecification","valueRequired":true,"valueName":"search_term_string"}}],"inLanguage":"en-US"}]}},"_links":{"self":[{"href":"http:\/\/13.39.176.64\/en\/wp-json\/wp\/v2\/pages\/7210","targetHints":{"allow":["GET"]}}],"collection":[{"href":"http:\/\/13.39.176.64\/en\/wp-json\/wp\/v2\/pages"}],"about":[{"href":"http:\/\/13.39.176.64\/en\/wp-json\/wp\/v2\/types\/page"}],"author":[{"embeddable":true,"href":"http:\/\/13.39.176.64\/en\/wp-json\/wp\/v2\/users\/1"}],"replies":[{"embeddable":true,"href":"http:\/\/13.39.176.64\/en\/wp-json\/wp\/v2\/comments?post=7210"}],"version-history":[{"count":8,"href":"http:\/\/13.39.176.64\/en\/wp-json\/wp\/v2\/pages\/7210\/revisions"}],"predecessor-version":[{"id":7220,"href":"http:\/\/13.39.176.64\/en\/wp-json\/wp\/v2\/pages\/7210\/revisions\/7220"}],"wp:attachment":[{"href":"http:\/\/13.39.176.64\/en\/wp-json\/wp\/v2\/media?parent=7210"}],"curies":[{"name":"wp","href":"https:\/\/api.w.org\/{rel}","templated":true}]}}